{"id":2723,"date":"2018-05-02T19:32:31","date_gmt":"2018-05-02T19:32:31","guid":{"rendered":"https:\/\/autosoit.ee\/ru\/?page_id=2723"},"modified":"2019-01-16T02:35:32","modified_gmt":"2019-01-16T00:35:32","slug":"tagasiside","status":"publish","type":"page","link":"https:\/\/autosoit.sahradyan.com\/ru\/tagasiside\/","title":{"rendered":"\u041e\u0431\u0440\u0430\u0442\u043d\u0430\u044f \u0441\u0432\u044f\u0437\u044c"},"content":{"rendered":"<div class=\"wpb-content-wrapper\"><section class=\"l-section wpb_row height_medium contact-page\" style=\"border-bottom-width: 1px !important;border-bottom-color: #f2f2f2 !important;border-bottom-style: solid !important;\"><div class=\"l-section-h i-cf\"><div class=\"g-cols vc_row type_default valign_top\"><div class=\"vc_col-sm-12 wpb_column vc_column_container\"><div class=\"vc_column-inner  vc_custom_1511133382860\"><div class=\"wpb_wrapper\"><div class=\"g-cols wpb_row type_boxes valign_middle vc_inner \"><div class=\"vc_col-sm-6 wpb_column vc_column_container\"><div class=\"vc_column-inner  vc_custom_1510872913454\"><div class=\"wpb_wrapper\">[vc_custom_heading text=&#8221;Autos\u00f5it O\u00dc \u043e\u0431\u0440\u0430\u0442\u043d\u0430\u044f \u0441\u0432\u044f\u0437\u044c&#8221; font_container=&#8221;tag:h2|font_size:22|text_align:left|color:%23333333|line_height:26.4px&#8221; google_fonts=&#8221;font_family:Roboto%3A100%2C100italic%2C300%2C300italic%2Cregular%2Citalic%2C500%2C500italic%2C700%2C700italic%2C900%2C900italic|font_style:500%20bold%20regular%3A500%3Anormal&#8221; css=&#8221;.vc_custom_1547598872937{margin-bottom: 1px !important;}&#8221;]\n\t<div class=\"wpb_text_column  dark-link\">\n\t\t<div class=\"wpb_wrapper\">\n\t\t\t<p>Email:\u00a0<a href=\"mailto:info@autosoit.ee\">info@autosoit.ee<\/a><\/p>\n\n\t\t<\/div>\n\t<\/div>\n<\/div><\/div><\/div><div class=\"vc_col-sm-6 wpb_column vc_column_container\"><div class=\"vc_column-inner  vc_custom_1510872878608\"><div class=\"wpb_wrapper\"><\/div><\/div><\/div><\/div><\/div><\/div><\/div><\/div><\/div><\/section><section class=\"l-section wpb_row height_medium\"><div class=\"l-section-h i-cf\"><div class=\"g-cols vc_row type_default valign_top\"><div class=\"vc_col-sm-12 wpb_column vc_column_container\"><div class=\"vc_column-inner\"><div class=\"wpb_wrapper\"><div class=\"testi-item\">\n\t<div class=\"testi-item__description\">\n\t\tTere.<br \/>\nSain n\u00fc\u00fcd mina ka oma load k\u00e4tte. Ei l\u00e4inudki v\u00e4ga palju aega.<br \/>\nSooviksin t\u00e4nada teooria\u00f5petajat Marek Aasam\u00e4ed. Tema loengutes oli tore k\u00e4ia. Oli tore istuda..juua kohvi ja kuulata loengut \ud83d\ude42<br \/>\nSooviksin veel t\u00e4nada s\u00f5idu\u00f5petajat Maksimi ja Mart Udusaart..kes tegid mulle s\u00f5idu kenasti selgeks.<br \/>\nSuur suur ait\u00e4h.<br \/>\nK\u00f5ike head soovides,\n\t<\/div>\n\t<div class=\"testi-item__agent\">\n\t\tMargarita\n\t<\/div>\n<\/div><div class=\"testi-item\">\n\t<div class=\"testi-item__description\">\n\t\tMa lihtsalt tahan teie autokooli kiita! Mul on \u00e4\u00e4retult hea meel, et otsustasin teie kasuks. Kvaliteet \u00fcle kvantiteedi! Olen k\u00fcll oma lubade tegemisega poole peal, aga ma ei saaks rohkem rahul olla. K\u00f5ik s\u00f5idu\u00f5petajad, kellega s\u00f5itnud olen siiamaani, on lihtsalt suurep\u00e4rased. Siin kohal tooksin v\u00e4lja, Tanel Uibopuu, Mart Udusaare ja Andrus Autamme. Veel kiidaksin teie tundide broneerimise lahendust ja teie autokooli mugavust. K\u00f5ik asjad \u00fchest kohast!<br \/>\nIgatahes soovitan mina teid k\u00f5igile, kes mult informatsiooni k\u00fcsivad!<br \/>\nJ\u00f5udu ja jaksu teile, teete \u00f5iget asja!\n\t<\/div>\n\t<div class=\"testi-item__agent\">\n\t\tCarolin\n\t<\/div>\n<\/div><div class=\"testi-item\">\n\t<div class=\"testi-item__description\">\n\t\tAime Pallo v\u00e4\u00e4rib mitte ainult suurt t\u00e4nu &amp; kiitust vaid ka palgak\u00f5rgenust. Parim \u00f5petaja - siiralt. \u00d5petas rahulikult ja vastavalt minu oskustele ja \u00f5ppisin juurde, kuigi kordasin ka vana.<br \/>\nAit\u00e4h. Kindel sooritus \ud83d\ude42 !\n\t<\/div>\n\t<div class=\"testi-item__agent\">\n\t\tSiret\n\t<\/div>\n<\/div><div class=\"testi-item\">\n\t<div class=\"testi-item__description\">\n\t\tTere,<br \/>\nTahaksin tagasisidet anda teie \u00f5petaja kohta. Ma ei tea, kas seda tehakse, aga ma arvan, et peaks.<br \/>\nAndrus Arutamm on v\u00e4ga hea \u00f5petaja. Ta on rahulik, vajadusel kriitiline, p\u00f5hjalik ja tasakaalukas.<br \/>\nOlen teie \u00f5petajatest veel \u00fche inimesega s\u00f5itnud ja need s\u00f5idud ei ole v\u00f5rreldavad. Samuti ei ole ma teistes autokoolides kokku puutunud nii hea \u00f5petajaga.<br \/>\nTervitades\n\t<\/div>\n\t<div class=\"testi-item__agent\">\n\t\tPille\n\t<\/div>\n<\/div><div class=\"testi-item\">\n\t<div class=\"testi-item__description\">\n\t\tTere,<br \/>\nTahan t\u00e4nada \u00fchte teie t\u00f6\u00f6tajat (s\u00f5idu\u00f5petajat), kes t\u00e4na hommikul S\u00f5pruse pst. Statoilis aitas mul rehve t\u00e4is pumbata (olin ise \u00fcsna h\u00e4dine seal).<br \/>\nKahjuks ei tea nime, kuid palun v\u00f5imalusel andke t\u00e4nu edasi (heleda peaga meesterahvas).<br \/>\nSuur t\u00e4nu ja t\u00f5eliselt meeldiv, et nii abivalmis ja tore inimene teie juures t\u00f6\u00f6tab!<br \/>\nHeade soovidega,\n\t<\/div>\n\t<div class=\"testi-item__agent\">\n\t\tMARJA-TIINA\n\t<\/div>\n<\/div><div class=\"testi-item\">\n\t<div class=\"testi-item__description\">\n\t\tTere!<br \/>\nOsalesin algastme libedas\u00f5idu koolitusel. Tahan t\u00e4nada O\u00dc Autos\u00f5it meeskonda, et koolitus oli l\u00e4bi viidud korrektselt, s\u00f5bralikult ja asjalikult. Koolitus oli nii hea, et rahast ei olnud kahju, mida ma sellele pidin kulutama. T\u00e4nan ka Tanel Uibopuud, kes suutis mind oma rahulikkusega \u00fcllatada.<br \/>\nParimat\n\t<\/div>\n\t<div class=\"testi-item__agent\">\n\t\tElen\n\t<\/div>\n<\/div><div class=\"testi-item\">\n\t<div class=\"testi-item__description\">\n\t\tTahan t\u00e4nada Teie kooli kiire ja kvaliteetse \u00f5petuse eest. Erilised t\u00e4nus\u00f5nad kuuluvad Tartu regiooni t\u00f6\u00f6tajatele: teooria\u00f5petajad Aleksandr \u0160lenduhhov ja Urmas Saup\u00f5ld, s\u00f5idu\u00f5petajad \u00dcllar K\u00e4rt, Urmas Kisand ja Elmo Hainsalu. Samuti ei saa ma j\u00e4tta t\u00e4namata Teie assistente Anna Luihkat ning Katrin Vaherit, kelle kiire ning vastutulelik tegevus soodustas minu juhilubade taotlemise protsessi kiirenemist. Tahaksin t\u00e4nada ka libeda-, pimeda - ning esmaabikoolituse l\u00e4biviijaid, kuid nende nimesid ma kahjuks ei m\u00e4leta. T\u00e4naseks oman ma ka juba juhtimis\u00f5igust.<br \/>\nK\u00f5ike kaunist j\u00f5uluajaks ja edasiseks!<br \/>\nParimat soovides\n\t<\/div>\n\t<div class=\"testi-item__agent\">\n\t\tTeet\n\t<\/div>\n<\/div><div class=\"testi-item\">\n\t<div class=\"testi-item__description\">\n\t\tTere!<br \/>\nT\u00e4nan Teid v\u00e4ga, et v\u00f5imaldasite mul s\u00f5ita auto\u00f5petaja Veronikaga.<br \/>\nJ\u00e4in v\u00e4ga rahule ja sooviksin, et k\u00f5ik \u00f5petajad oleksid temasugused ja loodan, et me k\u00f5ik oleksime ka paremad.<br \/>\nEdu ja k\u00f5ike head soovides,<br \/>\nLugupidamisega,\n\t<\/div>\n\t<div class=\"testi-item__agent\">\n\t\tMarika\n\t<\/div>\n<\/div><div class=\"testi-item\">\n\t<div class=\"testi-item__description\">\n\t\tOlen j\u00e4tkuvalt O\u00dc Autos\u00f5it f\u00e4nn, eriti kiidan oma \u00f5petajat Andrus Musta Haapsalust - see polnud vaid autokool, see oli ka ps\u00fchhoteraapia!<br \/>\nEdu teile k\u00f5igile!\n\t<\/div>\n\t<div class=\"testi-item__agent\">\n\t\tHelen\n\t<\/div>\n<\/div><div class=\"testi-item\">\n\t<div class=\"testi-item__description\">\n\t\tIse l\u00e4bisin Teie libadas\u00f5idu ja \u201e\u00f6kos\u00f5idu\u201c koolituse.<br \/>\nJa kuulutage edasi, et olete parimad, sest seda Te olete.<br \/>\nMul abikaasa k\u00e4is teises firmas sama koolitus tegemas ja \u00fctles, et oleks neid ise \u00f5petanud.<br \/>\nAit\u00e4hh Teile,\n\t<\/div>\n\t<div class=\"testi-item__agent\">\n\t\tMargus\n\t<\/div>\n<\/div><div class=\"testi-item\">\n\t<div class=\"testi-item__description\">\n\t\tSuur t\u00e4nu Raigole eilse nii asjaliku koolituse eest. Nautisin seda t\u00e4iega! Kuigi minu staaz ``autojuhina`` on \u00fcle 25 aasta ja eeldada v\u00f5iks, et k\u00f5ik ju selge, aga ma sain nii palju kasulikke n\u00e4pun\u00e4iteid. Eriti meeldis, et k\u00f5ik minupoolsed k\u00fcsimused said asjalikud ja p\u00f5hjendustega vastused.<br \/>\nIlusat s\u00f5brap\u00e4eva Teie kollektiiile<br \/>\nTervitades\n\t<\/div>\n\t<div class=\"testi-item__agent\">\n\t\tMaima\n\t<\/div>\n<\/div><div class=\"testi-item\">\n\t<div class=\"testi-item__description\">\n\t\tAit\u00e4h kogu O\u00dc Autos\u00f5it kollektiivile! Erilised t\u00e4nud: Sergeile, Eduardile, Rainerile ja teooria\u00f5petajatele!<br \/>\n\n\t<\/div>\n\t<div class=\"testi-item__agent\">\n\t\tLiivi\n\t<\/div>\n<\/div><div class=\"testi-item\">\n\t<div class=\"testi-item__description\">\n\t\tSuur t\u00e4nu P\u00e4rnu filiaali direktorile Verno \u00d5igele toredate esimeste tundide eest - reklaamin ja soovitan siiralt ka teistele! H\u00e4sti ladusalt ja meeldej\u00e4\u00e4valt esitatud, kutsub kohe tagasi! Mujal Euroopas on palju igavam ja \u00f4pilasega ei arvestata nii palju. Suunatuled P\u00e4rnusse! \ud83d\ude42<br \/>\n\n\t<\/div>\n\t<div class=\"testi-item__agent\">\n\t\tSiret\n\t<\/div>\n<\/div><div class=\"testi-item\">\n\t<div class=\"testi-item__description\">\n\t\t\u041e\u0433\u0440\u043e\u043c\u043d\u043e\u0435 \u0412\u0430\u043c \u0441\u043f\u0430\u0441\u0438\u0431\u043e \u0437\u0430 \u043e\u0442\u043b\u0438\u0447\u043d\u0443\u044e \u0440\u0430\u0431\u043e\u0442\u0443!!!<br \/>\n\u0421\u0435\u0439\u0447\u0430\u0441 \u0440\u0435\u0434\u043a\u043e \u0432\u0441\u0442\u0440\u0435\u0442\u0438\u0448\u044c \u0441\u043f\u0435\u0446\u0438\u0430\u043b\u0438\u0441\u0442\u043e\u0432 \u0441 \u043f\u043e\u0434\u043e\u0431\u043d\u044b\u043c \u043a\u0430\u0447\u0435\u0441\u0442\u0432\u043e \u043e\u0431\u0441\u043b\u0443\u0436\u0438\u0432\u0430\u043d\u0438\u044f.<br \/>\n\u041e\u0447\u0435\u043d\u044c \u043f\u0440\u0438\u044f\u0442\u043d\u043e \u0431\u044b\u043b\u043e \u0441 \u0412\u0430\u043c\u0438 \u043e\u0431\u0449\u0430\u0442\u044c\u0441\u044f.<br \/>\n\u0412\u0441\u0435\u0433\u043e \u0432\u0430\u043c \u0434\u043e\u0431\u0440\u043e\u0433\u043e!\n\t<\/div>\n\t<div class=\"testi-item__agent\">\n\t\t\u0418\u043d\u0433\u0430\n\t<\/div>\n<\/div><div class=\"testi-item\">\n\t<div class=\"testi-item__description\">\n\t\tTere<br \/>\nSai hiljuti m\u00f5ne kuu jooksul oma vaba aega sisustatud Teie autokoolis. Olin lubade tegemist pikalt edasi l\u00fckanud ja suhtusin asjasse teatava eelarvamusega. Arvates, et see on \u00fcks k\u00f5va peavalu. Teie aga t\u00f5estasite vastupidist. T\u00e4naseks on tulemus k\u00e4es \u2013 nimelt sai ARK-is nii teooria- kui s\u00f5idueksam sooritatud ja seda veel esimese korraga.<br \/>\n\u00dclimalt suur t\u00e4nu Mardile, kes tegi \u00e4ra selle k\u00f5ige suurema t\u00f6\u00f6, \u00f5petades mind s\u00f5itma sisuliselt nullist. K\u00f5ik see toimus v\u00e4ga asjakohaselt ja m\u00f5nusalt \u2013 ei mingit stressi. Sama suur t\u00e4nu ka Ilmarile, kes veel paar korda vahetult enne ARK-i minekut \u201evastu n\u00e4ppe\u201c andis, et k\u00f5ik ikka \u00f5nnestuks.<br \/>\nEdu Teile.\n\t<\/div>\n\t<div class=\"testi-item__agent\">\n\t\t\u00c4sjane lubade omanik Heiki\n\t<\/div>\n<\/div><div class=\"testi-item\">\n\t<div class=\"testi-item__description\">\n\t\tTere Autos\u00f5it!<br \/>\nTahan t\u00e4nada teid k\u00f5iki meeldiva koost\u00f6\u00f6 eest, mis sel aastal tipnes minul kahel korral (nii C kui ka CE kategooria) ARK-i eksamite eduka sooritamisega.<br \/>\nEriti soovin t\u00e4nada teooria-\u00f5petajat Eduardi, t\u00e4nu kellele sain m\u00f5lemal korral ARK-s teooriaeksamid sooritatud esimesel katsel. Teisel korral lausa ilma \u00fchegi veata :))<br \/>\nSamuti soovin eriti t\u00e4nada s\u00f5idu\u00f5petajaid Aleksandrit ja Eduardi. Hoolimata nende veidi erinevast l\u00e4henemisest ja stiilist olid m\u00f5lemad tasemel ja minuga piisavalt kannatlikud - t\u00f5estuseks edukalt, samuti esimesel katsel, sooritatud eksamid \ud83d\ude42<br \/>\nAit\u00e4h teile!<br \/>\nLoomulikult t\u00e4nan ka k\u00f5iki teisi kelledega kokku puutusin v\u00f5i isegi ei puutunud (front- ja backoffice), sest ka ainult teie heale t\u00f6\u00f6le suutsin olla eksamitel nii nii edukas.<br \/>\nAit\u00e4h ka teile!<br \/>\nSamas soovin ka vabandada, kui m\u00f5nikord liigselt torisesin v\u00f5i kippusin koguni targutama, et kus saaksite paremad olla. Ju k\u00e4ib see \u00f5pilaseks olemise juurde\u2026<br \/>\nVeelkord t\u00e4nud ja k\u00f5ike head teile k\u00f5igile.<br \/>\nTerv.\n\t<\/div>\n\t<div class=\"testi-item__agent\">\n\t\tArdo\n\t<\/div>\n<\/div><div class=\"testi-item\">\n\t<div class=\"testi-item__description\">\n\t\t\u0434\u043e\u0431\u0440\u044b\u0439 \u0434\u0435\u043d\u044c,<br \/>\n\u0425\u043e\u0442\u0435\u043b\u0430 \u0431\u044b \u0432\u044b\u0440\u0430\u0437\u0438\u0442\u044c \u0432\u0441\u0435\u043c \u043a\u0442\u043e \u0441 \u043d\u0430\u043c\u0438 \u0437\u0430\u043d\u0438\u043c\u0430\u043b\u0441\u044f \u043e\u0433\u0440\u043e\u043c\u043d\u0443\u044e \u0431\u043b\u0430\u0433\u043e\u0434\u0430\u0440\u043d\u043e\u0441\u0442\u044c, \u0431\u044b\u043b\u043e \u043e\u0447\u0435\u043d\u044c \u0438\u043d\u0442\u0435\u0440\u0435\u0441\u043d\u043e, \u043f\u043e\u043b\u043e\u0436\u0438\u0442\u0435\u043b\u044c\u043d\u043e, \u043f\u043e\u0443\u0447\u0438\u0442\u0435\u043b\u044c\u043d\u043e. \u041c\u044b \u0441 \u0410\u043d\u043d\u043e\u0439 \u043e\u0441\u0442\u0430\u043b\u0438\u0441\u044c \u0432 \u0432\u043e\u0441\u0442\u043e\u0440\u0433\u0435, \u043d\u0435 \u0445\u043e\u0442\u0435\u043b\u043e\u0441\u044c \u0443\u0435\u0437\u0436\u0430\u0442\u044c! \u0412\u043b\u0430\u0434\u0438\u043c\u0438\u0440\u0443, \u0421\u0435\u0440\u0433\u0435\u044e(\u043c\u043e\u0433\u0443 \u043e\u0448\u0438\u0431\u0430\u0442\u044c\u0441\u044f) \u0438 \u041c\u0430\u043a\u0441\u0438\u043c\u0443 \u0431\u043e\u043b\u044c\u0448\u043e\u0435 \u0447\u0435\u043b\u043e\u0432\u0435\u0447\u0435\u0441\u043a\u043e\u0435 \u0441\u043f\u0430\u0441\u0438\u0431\u043e, \u0442\u0430\u043b\u0430\u043d\u0442\u043b\u0438\u0432\u044b\u0435 \u043f\u0435\u0434\u0430\u0433\u043e\u0433\u0438.<br \/>\n\u0421\u043f\u0430\u0441\u0438\u0431\u043e \u0412\u0430\u043c! \u0417\u0430 \u0442\u043e\u0447\u043d\u043e\u0441\u0442\u044c \u0438\u043d\u0444\u043e\u0440\u043c\u0430\u0446\u0438\u0438, \u0434\u043e\u0431\u0440\u043e\u0436\u0435\u043b\u0430\u0442\u0435\u043b\u044c\u043d\u043e\u0441\u0442\u044c \u0438 \u043f\u0440\u043e\u0444\u0435\u0441\u0441\u0438\u043e\u043d\u0430\u043b\u0438\u0437\u043c. \ud83d\ude42<br \/>\nLugupidamisega,\n\t<\/div>\n\t<div class=\"testi-item__agent\">\n\t\tRenata\n\t<\/div>\n<\/div><div class=\"testi-item\">\n\t<div class=\"testi-item__description\">\n\t\tL\u00f5ppastmekoolituse \u00f5pilane Vladimir palus edasi \u00f6elda et Maksim on v\u00e4ga adekvaatne, tasakaalukas \u00f5petaja.\n\t<\/div>\n\t<div class=\"testi-item__agent\">\n\t\t\n\t<\/div>\n<\/div><div class=\"testi-item\">\n\t<div class=\"testi-item__description\">\n\t\tTere,<br \/>\nsuur t\u00e4nu h\u00e4rrale, kes s\u00f5itis Tartus 24.okt \u00f5htul O\u00dc Autos\u00f5it autoga reg 715MNM.<br \/>\nNimelt oli Ta nii suuremeelne ja vastas positiivselt minu abipalvele ning aitas auto pirni vahetada.<br \/>\nPalun t\u00e4nage teda veel kord - SUUR, SUUR T\u00c4NU!<br \/>\nLugupidamisega\n\t<\/div>\n\t<div class=\"testi-item__agent\">\n\t\tRia\n\t<\/div>\n<\/div><div class=\"testi-item\">\n\t<div class=\"testi-item__description\">\n\t\tOlen j\u00e4tkuvalt O\u00dc Autos\u00f5it f\u00e4nn, eriti kiidan oma \u00f5petajat Andrus Musta Haapsalust - see polnud vaid autokool, see oli ka ps\u00fchhoteraapia!<br \/>\nEdu teile k\u00f5igile!\n\t<\/div>\n\t<div class=\"testi-item__agent\">\n\t\tHelen\n\t<\/div>\n<\/div><div class=\"testi-item\">\n\t<div class=\"testi-item__description\">\n\t\tMa pole k\u00fcll kuidagi kitsi kiidu- ja t\u00e4nus\u00f5nu valju h\u00e4\u00e4lega kuulutama, kuid ometi ei tee ma seda kunagi, kui selleks pole antud p\u00f5hjust. Minu meelest v\u00e4\u00e4rib minu s\u00f5idu\u00f5petaja Aime Pallo lihtsalt kahekordset honorari oma t\u00f6\u00f6 eest: \u00f5petaja, kes kogu oma suhtumise, hinge, m\u00f5istuse ja s\u00fcdamega peaks tegema igast \u00f5pilasest hea ja liikluskultuuri kvaliteeti t\u00f5stva juhi. Soovitan siiralt iga\u00fchele - kui Aime headuse ja ka vajaliku karmuse k\u00f5rvale satub, muudab oma elu. Ka Teie, Henn Rebane, olete teinud samuti suurep\u00e4rast t\u00f6\u00f6d ja hoiate Autos\u00f5it O\u00dc mainet k\u00f5rgel. Head autod, v\u00e4\u00e4rt \u00f5petajad ja igati ausalt ja h\u00e4sti l\u00e4biviidud programm. Ka vahtralehed oskavad juhtida. Ait\u00e4h! Teie ise olete reklaamiks - kampaaniat polegi tarvis!\n\t<\/div>\n\t<div class=\"testi-item__agent\">\n\t\tParimate tervitustega P\u00e4rnust, Siret\n\t<\/div>\n<\/div><div class=\"testi-item\">\n\t<div class=\"testi-item__description\">\n\t\tTere o\u00fc Autos\u00f5it Meeskond!<br \/>\nSoovin avaldada kiitust Teie autokooli s\u00f5idu\u00f5petajale Maksim Demitsev- ile.<br \/>\nSuurep\u00e4rane s\u00f5idu\u00f5petaja, v\u00e4ga hea suhtleja, suutis alati autos hoida igas<br \/>\nolukorras meeldivad \u00f5hkkonda.<br \/>\nInimesena v\u00e4ga s\u00f5bralik, lihtsalt seletas lahti autos\u00f5itu puudutavaid<br \/>\nasjaolusid.<br \/>\nSuur t\u00e4nu Maksimile, v\u00e4ga meeldiv kogemus!<br \/>\nKena p\u00e4eva soovides,\n\t<\/div>\n\t<div class=\"testi-item__agent\">\n\t\tAutokooli \u00f5pilane, T\u00f5nis\n\t<\/div>\n<\/div><div class=\"testi-item\">\n\t<div class=\"testi-item__description\">\n\t\tAuto nimeks on mul KITT,<br \/>\nraadiost tuleb vana hitt.<br \/>\nMa hirmuks olen Eesti maanteil,<br \/>\nsee luuletus on t\u00e4nuks teil.<br \/>\nSee, mis \u00f5petate, on t\u00e4ielik kuld.<br \/>\nN\u00fc\u00fcd ma s\u00f5idan kui vana muld.\n\t<\/div>\n\t<div class=\"testi-item__agent\">\n\t\tRobert\n\t<\/div>\n<\/div><div class=\"testi-item\">\n\t<div class=\"testi-item__description\">\n\t\tTere,<br \/>\nSuurep\u00e4rased uudised: olen juba n\u00e4dal aega uhke juhilubade omanik!!<br \/>\nJuhhuu! Paras hetk teha \u00fcks v\u00f5idutants!<br \/>\nVeel enne kui r\u00f5\u00f5msalt tantsule asun tahan t\u00e4nada autokooli v\u00f5imaluse eest juba aastaid tagasi alanud \u00f5pinguid j\u00e4tkata. Veel rohkem tahan t\u00e4nada oma s\u00f5idu\u00f5petajat Tauri Leholat, kes toetas mind kogu<br \/>\n\u00f5ppeprotsessi: alates esimesest s\u00f5idutunnist kuni s\u00f5idueksami sooritamiseni ``ARK``is.<br \/>\nPean v\u00e4ga oluliseks enda jaoks j\u00e4rjepidevust s\u00f5idutundides, et tekiks rutiin ja kogemus. Minu s\u00f5idu\u00f5petajal oli v\u00f5imalus s\u00f5ita minuga igal tema t\u00f6\u00f6p\u00e4eval kaks s\u00f5idutundi j\u00e4rjest.<br \/>\nLisaks sellele oli oluline konstruktiivne kriitika, mida \u00f5petaja vajadusel jagas ja andis seel\u00e4bi v\u00f5imaluse \u00f5ppida ilma end halvasti tundmata, mis omakorda lisas enesekindlust j\u00e4rgnevateks tundideks.<br \/>\n(Tihti \u00f5petajad arvavad, et l\u00e4bi alandava suhtumise on v\u00f5imalik \u00f5pilast, olenemata east, paremale tulemusele juhatada).<br \/>\nSuureks boonuseks \u00f5pingutel pean v\u00f5imalust oma \u00f5petaja juhendusel l\u00e4bida nii pimeda- kui ka libedas\u00f5it. \u00d5petaja tundis h\u00e4sti juhendamisstiili vastavalt \u00f5pilase vajadusele ja vastuv\u00f5tlikkusele. Tema juhendusel edenesid harjutuse sooritused sujuvamalt ning efektiivsemalt.<br \/>\nT\u00e4nu Tauri juhendamisele piisas mul autokooli \u00f5pingute taasl\u00e4bimiseks k\u00f5igest 23 s\u00f5idutundi, millest \u00fcks oli koolieksam.<br \/>\n``ARK``i eksamitele minnes oli kohutav n\u00e4rv sees, sest r\u00e4\u00e4gitakse sellest salap\u00e4rasest asutusest ju uskumatuid lugusid. Tauri oskas ka sel juhul leida sobivaid juhendusi, et \u00fcritused \u00f5nnestuks. Ja \u00f5nnestusidki. Juba esimesel korral!!!<br \/>\nSuur t\u00e4nu veel kord!<br \/>\nhttps:\/\/www.youtube.com\/watch?v=_Ixk6kbK7N0\n\t<\/div>\n\t<div class=\"testi-item__agent\">\n\t\tSigne\n\t<\/div>\n<\/div><\/div><\/div><\/div><\/div><\/div><\/section>\n<\/div>","protected":false},"excerpt":{"rendered":"[vc_custom_heading text=\"Autos\u00f5it O\u00dc \u043e\u0431\u0440\u0430\u0442\u043d\u0430\u044f \u0441\u0432\u044f\u0437\u044c\" font_container=\"tag:h2|font_size:22|text_align:left|color:%23333333|line_height:26.4px\" google_fonts=\"font_family:Roboto%3A100%2C100italic%2C300%2C300italic%2Cregular%2Citalic%2C500%2C500italic%2C700%2C700italic%2C900%2C900italic|font_style:500%20bold%20regular%3A500%3Anormal\" css=\".vc_custom_1547598872937{margin-bottom: 1px !important;}\"] Email:\u00a0info@autosoit.ee Tere. Sain n\u00fc\u00fcd mina ka oma load k\u00e4tte. Ei...","protected":false},"author":9,"featured_media":0,"parent":0,"menu_order":0,"comment_status":"closed","ping_status":"closed","template":"","meta":{"footnotes":""},"class_list":["post-2723","page","type-page","status-publish","hentry"],"yoast_head":"<!-- This site is optimized with the Yoast SEO plugin v25.6 - https:\/\/yoast.com\/wordpress\/plugins\/seo\/ -->\n<title>\u041e\u0431\u0440\u0430\u0442\u043d\u0430\u044f \u0441\u0432\u044f\u0437\u044c - Autos\u00f5it<\/title>\n<meta name=\"robots\" content=\"noindex, follow, max-snippet:-1, max-image-preview:large, max-video-preview:-1\" \/>\n<meta property=\"og:locale\" content=\"ru_RU\" \/>\n<meta property=\"og:type\" content=\"article\" \/>\n<meta property=\"og:title\" content=\"\u041e\u0431\u0440\u0430\u0442\u043d\u0430\u044f \u0441\u0432\u044f\u0437\u044c - Autos\u00f5it\" \/>\n<meta property=\"og:url\" content=\"https:\/\/autosoit.sahradyan.com\/ru\/tagasiside\/\" \/>\n<meta property=\"og:site_name\" content=\"Autos\u00f5it\" \/>\n<meta property=\"article:modified_time\" content=\"2019-01-16T00:35:32+00:00\" \/>\n<meta name=\"twitter:card\" content=\"summary_large_image\" \/>\n<meta name=\"twitter:label1\" content=\"Est. reading time\" \/>\n\t<meta name=\"twitter:data1\" content=\"9 minutes\" \/>\n<script type=\"application\/ld+json\" class=\"yoast-schema-graph\">{\"@context\":\"https:\/\/schema.org\",\"@graph\":[{\"@type\":\"WebPage\",\"@id\":\"https:\/\/autosoit.sahradyan.com\/ru\/tagasiside\/\",\"url\":\"https:\/\/autosoit.sahradyan.com\/ru\/tagasiside\/\",\"name\":\"\u041e\u0431\u0440\u0430\u0442\u043d\u0430\u044f \u0441\u0432\u044f\u0437\u044c - Autos\u00f5it\",\"isPartOf\":{\"@id\":\"https:\/\/autosoit.sahradyan.com\/#website\"},\"datePublished\":\"2018-05-02T19:32:31+00:00\",\"dateModified\":\"2019-01-16T00:35:32+00:00\",\"breadcrumb\":{\"@id\":\"https:\/\/autosoit.sahradyan.com\/ru\/tagasiside\/#breadcrumb\"},\"inLanguage\":\"ru-RU\",\"potentialAction\":[{\"@type\":\"ReadAction\",\"target\":[\"https:\/\/autosoit.sahradyan.com\/ru\/tagasiside\/\"]}]},{\"@type\":\"BreadcrumbList\",\"@id\":\"https:\/\/autosoit.sahradyan.com\/ru\/tagasiside\/#breadcrumb\",\"itemListElement\":[{\"@type\":\"ListItem\",\"position\":1,\"name\":\"Home\",\"item\":\"https:\/\/autosoit.sahradyan.com\/ru\/\"},{\"@type\":\"ListItem\",\"position\":2,\"name\":\"\u041e\u0431\u0440\u0430\u0442\u043d\u0430\u044f \u0441\u0432\u044f\u0437\u044c\"}]},{\"@type\":\"WebSite\",\"@id\":\"https:\/\/autosoit.sahradyan.com\/#website\",\"url\":\"https:\/\/autosoit.sahradyan.com\/\",\"name\":\"Autos\u00f5it\",\"description\":\"Ohutu s\u00f5idu kool\",\"potentialAction\":[{\"@type\":\"SearchAction\",\"target\":{\"@type\":\"EntryPoint\",\"urlTemplate\":\"https:\/\/autosoit.sahradyan.com\/?s={search_term_string}\"},\"query-input\":{\"@type\":\"PropertyValueSpecification\",\"valueRequired\":true,\"valueName\":\"search_term_string\"}}],\"inLanguage\":\"ru-RU\"}]}<\/script>\n<!-- \/ Yoast SEO plugin. -->","yoast_head_json":{"title":"\u041e\u0431\u0440\u0430\u0442\u043d\u0430\u044f \u0441\u0432\u044f\u0437\u044c - Autos\u00f5it","robots":{"index":"noindex","follow":"follow","max-snippet":"max-snippet:-1","max-image-preview":"max-image-preview:large","max-video-preview":"max-video-preview:-1"},"og_locale":"ru_RU","og_type":"article","og_title":"\u041e\u0431\u0440\u0430\u0442\u043d\u0430\u044f \u0441\u0432\u044f\u0437\u044c - Autos\u00f5it","og_url":"https:\/\/autosoit.sahradyan.com\/ru\/tagasiside\/","og_site_name":"Autos\u00f5it","article_modified_time":"2019-01-16T00:35:32+00:00","twitter_card":"summary_large_image","twitter_misc":{"Est. reading time":"9 minutes"},"schema":{"@context":"https:\/\/schema.org","@graph":[{"@type":"WebPage","@id":"https:\/\/autosoit.sahradyan.com\/ru\/tagasiside\/","url":"https:\/\/autosoit.sahradyan.com\/ru\/tagasiside\/","name":"\u041e\u0431\u0440\u0430\u0442\u043d\u0430\u044f \u0441\u0432\u044f\u0437\u044c - Autos\u00f5it","isPartOf":{"@id":"https:\/\/autosoit.sahradyan.com\/#website"},"datePublished":"2018-05-02T19:32:31+00:00","dateModified":"2019-01-16T00:35:32+00:00","breadcrumb":{"@id":"https:\/\/autosoit.sahradyan.com\/ru\/tagasiside\/#breadcrumb"},"inLanguage":"ru-RU","potentialAction":[{"@type":"ReadAction","target":["https:\/\/autosoit.sahradyan.com\/ru\/tagasiside\/"]}]},{"@type":"BreadcrumbList","@id":"https:\/\/autosoit.sahradyan.com\/ru\/tagasiside\/#breadcrumb","itemListElement":[{"@type":"ListItem","position":1,"name":"Home","item":"https:\/\/autosoit.sahradyan.com\/ru\/"},{"@type":"ListItem","position":2,"name":"\u041e\u0431\u0440\u0430\u0442\u043d\u0430\u044f \u0441\u0432\u044f\u0437\u044c"}]},{"@type":"WebSite","@id":"https:\/\/autosoit.sahradyan.com\/#website","url":"https:\/\/autosoit.sahradyan.com\/","name":"Autos\u00f5it","description":"Ohutu s\u00f5idu kool","potentialAction":[{"@type":"SearchAction","target":{"@type":"EntryPoint","urlTemplate":"https:\/\/autosoit.sahradyan.com\/?s={search_term_string}"},"query-input":{"@type":"PropertyValueSpecification","valueRequired":true,"valueName":"search_term_string"}}],"inLanguage":"ru-RU"}]}},"_links":{"self":[{"href":"https:\/\/autosoit.sahradyan.com\/ru\/wp-json\/wp\/v2\/pages\/2723","targetHints":{"allow":["GET"]}}],"collection":[{"href":"https:\/\/autosoit.sahradyan.com\/ru\/wp-json\/wp\/v2\/pages"}],"about":[{"href":"https:\/\/autosoit.sahradyan.com\/ru\/wp-json\/wp\/v2\/types\/page"}],"author":[{"embeddable":true,"href":"https:\/\/autosoit.sahradyan.com\/ru\/wp-json\/wp\/v2\/users\/9"}],"replies":[{"embeddable":true,"href":"https:\/\/autosoit.sahradyan.com\/ru\/wp-json\/wp\/v2\/comments?post=2723"}],"version-history":[{"count":0,"href":"https:\/\/autosoit.sahradyan.com\/ru\/wp-json\/wp\/v2\/pages\/2723\/revisions"}],"wp:attachment":[{"href":"https:\/\/autosoit.sahradyan.com\/ru\/wp-json\/wp\/v2\/media?parent=2723"}],"curies":[{"name":"wp","href":"https:\/\/api.w.org\/{rel}","templated":true}]}}