{"id":2714,"date":"2018-05-02T19:31:46","date_gmt":"2018-05-02T19:31:46","guid":{"rendered":"https:\/\/autosoit.ee\/ru\/?page_id=2714"},"modified":"2023-06-06T14:48:42","modified_gmt":"2023-06-06T11:48:42","slug":"kontaktid","status":"publish","type":"page","link":"https:\/\/autosoit.sahradyan.com\/ru\/kontaktid\/","title":{"rendered":"\u041a\u043e\u043d\u0442\u0430\u043a\u0442\u044b \u0440\u0430\u0431\u043e\u0447\u0438\u0445"},"content":{"rendered":"<div class=\"wpb-content-wrapper\"><section class=\"l-section wpb_row height_medium contact-page\" style=\"border-bottom-width: 1px !important;border-bottom-color: #f2f2f2 !important;border-bottom-style: solid !important;\"><div class=\"l-section-h i-cf\"><div class=\"g-cols vc_row type_default valign_top\"><div class=\"vc_col-sm-12 wpb_column vc_column_container\"><div class=\"vc_column-inner  vc_custom_1511133382860\"><div class=\"wpb_wrapper\"><div class=\"g-cols wpb_row type_boxes valign_middle vc_inner \"><div class=\"vc_col-sm-6 wpb_column vc_column_container\"><div class=\"vc_column-inner  vc_custom_1510872913454\"><div class=\"wpb_wrapper\"><div class=\" vc_custom_1550222878013 ubtn-ctn-left kontaktid-back\"><a class=\"ubtn-link ult-adjust-bottom-margin ubtn-left ubtn-large kontaktid-back\" href=\"\/ru\/kontakt\/\" ><button type=\"button\" id=\"ubtn-2906\"  class=\"ubtn ult-adjust-bottom-margin ult-responsive ubtn-large ubtn-no-hover-bg  none  ubtn-sep-icon ubtn-sep-icon-at-left  ubtn-left   tooltip-69e006d02ee8e\"  data-hover=\"\" data-border-color=\"\" data-bg=\"#fcef4c\" data-hover-bg=\"\" data-border-hover=\"\" data-shadow-hover=\"\" data-shadow-click=\"none\" data-shadow=\"\" data-shd-shadow=\"\"  data-ultimate-target='#ubtn-2906'  data-responsive-json-new='{\"font-size\":\"\",\"line-height\":\"\"}'  style=\"font-weight:bold;border:none;background: #fcef4c;color: #000000;\"><span class=\"ubtn-data ubtn-icon\"><i class=\"Defaults-long-arrow-left\" style=\"font-size:17px;color:#000000;\"><\/i><\/span><span class=\"ubtn-hover\" style=\"background-color:\"><\/span><span class=\"ubtn-data ubtn-text \" >\u041d\u0430\u0437\u0430\u0434<\/span><\/button><\/a><\/div><\/div><\/div><\/div><div class=\"vc_col-sm-6 wpb_column vc_column_container\"><div class=\"vc_column-inner  vc_custom_1510872878608\"><div class=\"wpb_wrapper\"><\/div><\/div><\/div><\/div><\/div><\/div><\/div><\/div><\/div><\/section><section class=\"l-section wpb_row height_medium\"><div class=\"l-section-h i-cf\"><div class=\"g-cols vc_row type_default valign_top\"><div class=\"vc_col-sm-12 wpb_column vc_column_container\"><div class=\"vc_column-inner\"><div class=\"wpb_wrapper\">[vc_raw_html css=&#8221;.vc_custom_1529576912932{margin-bottom: 35px !important;}&#8221;]JTNDZGl2JTIwY2xhc3MlM0QlMjJ3LXNlYXJjaCUyMiUzRSUzQ2RpdiUyMGNsYXNzJTNEJTIydy1zZWFyY2gtZm9ybS1maWVsZCUyMiUzRSUzQ2lucHV0JTIwdHlwZSUzRCUyMnRleHQlMjIlMjBpZCUzRCUyMnNlYXJjaC1kcml2ZXIlMjIlMjBuYW1lJTNEJTIyZHJpdmVycyUyMiUyMHBsYWNlaG9sZGVyJTNEJTIyT3RzaSUyMiUyMGFyaWEtbGFiZWwlM0QlMjJTZWFyY2glMjIlM0UlM0NzcGFuJTIwY2xhc3MlM0QlMjJ3LWZvcm0tcm93LWZpZWxkLWJhciUyMiUzRSUzQyUyRnNwYW4lM0UlM0MlMkZkaXYlM0UlM0MlMkZkaXYlM0U=[\/vc_raw_html]        \n    <div class=\"fq-item driver-city \">\n        <a class=\"cd-faq-trigger grey\" href=\"#0\">Tallinn<\/a>\n        <div  class=\"cd-faq-content cd-faq-content-driver\">\n            \n        <\/div>\n    <\/div>         \n    <div class=\"fq-item driver-city \">\n        <a class=\"cd-faq-trigger grey\" href=\"#0\">Tartu<\/a>\n        <div  class=\"cd-faq-content cd-faq-content-driver\">\n            \n        <\/div>\n    <\/div>         \n    <div class=\"fq-item driver-city \">\n        <a class=\"cd-faq-trigger grey\" href=\"#0\">Viljandi<\/a>\n        <div  class=\"cd-faq-content cd-faq-content-driver\">\n            \n        <\/div>\n    <\/div>         \n    <div class=\"fq-item driver-city \">\n        <a class=\"cd-faq-trigger grey\" href=\"#0\">Rakvere<\/a>\n        <div  class=\"cd-faq-content cd-faq-content-driver\">\n            \n        <\/div>\n    <\/div>         \n    <div class=\"fq-item driver-city \">\n        <a class=\"cd-faq-trigger grey\" href=\"#0\">Tapa<\/a>\n        <div  class=\"cd-faq-content cd-faq-content-driver\">\n            \n        <\/div>\n    <\/div>         \n    <div class=\"fq-item driver-city \">\n        <a class=\"cd-faq-trigger grey\" href=\"#0\">Aseri<\/a>\n        <div  class=\"cd-faq-content cd-faq-content-driver\">\n            \n        <\/div>\n    <\/div>         \n    <div class=\"fq-item driver-city \">\n        <a class=\"cd-faq-trigger grey\" href=\"#0\">J\u00f5geva<\/a>\n        <div  class=\"cd-faq-content cd-faq-content-driver\">\n            \n        <\/div>\n    <\/div>         \n    <div class=\"fq-item driver-city \">\n        <a class=\"cd-faq-trigger grey\" href=\"#0\">J\u00f5hvi<\/a>\n        <div  class=\"cd-faq-content cd-faq-content-driver\">\n            \n        <\/div>\n    <\/div>         \n    <div class=\"fq-item driver-city \">\n        <a class=\"cd-faq-trigger grey\" href=\"#0\">Haapsalu<\/a>\n        <div  class=\"cd-faq-content cd-faq-content-driver\">\n            \n        <\/div>\n    <\/div>         \n    <div class=\"fq-item driver-city \">\n        <a class=\"cd-faq-trigger grey\" href=\"#0\">P\u00e4rnu<\/a>\n        <div  class=\"cd-faq-content cd-faq-content-driver\">\n            \n        <\/div>\n    <\/div>         \n    <div class=\"fq-item driver-city \">\n        <a class=\"cd-faq-trigger grey\" href=\"#0\">V\u00f5ru<\/a>\n        <div  class=\"cd-faq-content cd-faq-content-driver\">\n            \n        <\/div>\n    <\/div>         \n    <div class=\"fq-item driver-city \">\n        <a class=\"cd-faq-trigger grey\" href=\"#0\">Valga<\/a>\n        <div  class=\"cd-faq-content cd-faq-content-driver\">\n            \n        <\/div>\n    <\/div> <\/div><\/div><\/div><\/div><\/div><\/section>\n<\/div>","protected":false},"excerpt":{"rendered":"\u041d\u0430\u0437\u0430\u0434[vc_raw_html css=\".vc_custom_1529576912932{margin-bottom: 35px !important;}\"]JTNDZGl2JTIwY2xhc3MlM0QlMjJ3LXNlYXJjaCUyMiUzRSUzQ2RpdiUyMGNsYXNzJTNEJTIydy1zZWFyY2gtZm9ybS1maWVsZCUyMiUzRSUzQ2lucHV0JTIwdHlwZSUzRCUyMnRleHQlMjIlMjBpZCUzRCUyMnNlYXJjaC1kcml2ZXIlMjIlMjBuYW1lJTNEJTIyZHJpdmVycyUyMiUyMHBsYWNlaG9sZGVyJTNEJTIyT3RzaSUyMiUyMGFyaWEtbGFiZWwlM0QlMjJTZWFyY2glMjIlM0UlM0NzcGFuJTIwY2xhc3MlM0QlMjJ3LWZvcm0tcm93LWZpZWxkLWJhciUyMiUzRSUzQyUyRnNwYW4lM0UlM0MlMkZkaXYlM0UlM0MlMkZkaXYlM0U=[\/vc_raw_html] Tallinn Tartu Viljandi Rakvere Tapa Aseri J\u00f5geva J\u00f5hvi Haapsalu P\u00e4rnu V\u00f5ru Valga","protected":false},"author":9,"featured_media":0,"parent":0,"menu_order":0,"comment_status":"closed","ping_status":"closed","template":"","meta":{"footnotes":""},"class_list":["post-2714","page","type-page","status-publish","hentry"],"yoast_head":"<!-- This site is optimized with the Yoast SEO plugin v25.6 - https:\/\/yoast.com\/wordpress\/plugins\/seo\/ -->\n<title>\u041a\u043e\u043d\u0442\u0430\u043a\u0442\u044b \u0440\u0430\u0431\u043e\u0447\u0438\u0445 - Autos\u00f5it<\/title>\n<meta name=\"robots\" content=\"noindex, follow, max-snippet:-1, max-image-preview:large, max-video-preview:-1\" \/>\n<meta property=\"og:locale\" content=\"ru_RU\" \/>\n<meta property=\"og:type\" content=\"article\" \/>\n<meta property=\"og:title\" content=\"\u041a\u043e\u043d\u0442\u0430\u043a\u0442\u044b \u0440\u0430\u0431\u043e\u0447\u0438\u0445 - Autos\u00f5it\" \/>\n<meta property=\"og:url\" content=\"https:\/\/autosoit.sahradyan.com\/ru\/kontaktid\/\" \/>\n<meta property=\"og:site_name\" content=\"Autos\u00f5it\" \/>\n<meta property=\"article:modified_time\" content=\"2023-06-06T11:48:42+00:00\" \/>\n<meta name=\"twitter:card\" content=\"summary_large_image\" \/>\n<meta name=\"twitter:label1\" content=\"Est. reading time\" \/>\n\t<meta name=\"twitter:data1\" content=\"1 minute\" \/>\n<script type=\"application\/ld+json\" class=\"yoast-schema-graph\">{\"@context\":\"https:\/\/schema.org\",\"@graph\":[{\"@type\":\"WebPage\",\"@id\":\"https:\/\/autosoit.sahradyan.com\/ru\/kontaktid\/\",\"url\":\"https:\/\/autosoit.sahradyan.com\/ru\/kontaktid\/\",\"name\":\"\u041a\u043e\u043d\u0442\u0430\u043a\u0442\u044b \u0440\u0430\u0431\u043e\u0447\u0438\u0445 - Autos\u00f5it\",\"isPartOf\":{\"@id\":\"https:\/\/autosoit.sahradyan.com\/#website\"},\"datePublished\":\"2018-05-02T19:31:46+00:00\",\"dateModified\":\"2023-06-06T11:48:42+00:00\",\"breadcrumb\":{\"@id\":\"https:\/\/autosoit.sahradyan.com\/ru\/kontaktid\/#breadcrumb\"},\"inLanguage\":\"ru-RU\",\"potentialAction\":[{\"@type\":\"ReadAction\",\"target\":[\"https:\/\/autosoit.sahradyan.com\/ru\/kontaktid\/\"]}]},{\"@type\":\"BreadcrumbList\",\"@id\":\"https:\/\/autosoit.sahradyan.com\/ru\/kontaktid\/#breadcrumb\",\"itemListElement\":[{\"@type\":\"ListItem\",\"position\":1,\"name\":\"Home\",\"item\":\"https:\/\/autosoit.sahradyan.com\/ru\/\"},{\"@type\":\"ListItem\",\"position\":2,\"name\":\"\u041a\u043e\u043d\u0442\u0430\u043a\u0442\u044b \u0440\u0430\u0431\u043e\u0447\u0438\u0445\"}]},{\"@type\":\"WebSite\",\"@id\":\"https:\/\/autosoit.sahradyan.com\/#website\",\"url\":\"https:\/\/autosoit.sahradyan.com\/\",\"name\":\"Autos\u00f5it\",\"description\":\"Ohutu s\u00f5idu kool\",\"potentialAction\":[{\"@type\":\"SearchAction\",\"target\":{\"@type\":\"EntryPoint\",\"urlTemplate\":\"https:\/\/autosoit.sahradyan.com\/?s={search_term_string}\"},\"query-input\":{\"@type\":\"PropertyValueSpecification\",\"valueRequired\":true,\"valueName\":\"search_term_string\"}}],\"inLanguage\":\"ru-RU\"}]}<\/script>\n<!-- \/ Yoast SEO plugin. -->","yoast_head_json":{"title":"\u041a\u043e\u043d\u0442\u0430\u043a\u0442\u044b \u0440\u0430\u0431\u043e\u0447\u0438\u0445 - Autos\u00f5it","robots":{"index":"noindex","follow":"follow","max-snippet":"max-snippet:-1","max-image-preview":"max-image-preview:large","max-video-preview":"max-video-preview:-1"},"og_locale":"ru_RU","og_type":"article","og_title":"\u041a\u043e\u043d\u0442\u0430\u043a\u0442\u044b \u0440\u0430\u0431\u043e\u0447\u0438\u0445 - Autos\u00f5it","og_url":"https:\/\/autosoit.sahradyan.com\/ru\/kontaktid\/","og_site_name":"Autos\u00f5it","article_modified_time":"2023-06-06T11:48:42+00:00","twitter_card":"summary_large_image","twitter_misc":{"Est. reading time":"1 minute"},"schema":{"@context":"https:\/\/schema.org","@graph":[{"@type":"WebPage","@id":"https:\/\/autosoit.sahradyan.com\/ru\/kontaktid\/","url":"https:\/\/autosoit.sahradyan.com\/ru\/kontaktid\/","name":"\u041a\u043e\u043d\u0442\u0430\u043a\u0442\u044b \u0440\u0430\u0431\u043e\u0447\u0438\u0445 - Autos\u00f5it","isPartOf":{"@id":"https:\/\/autosoit.sahradyan.com\/#website"},"datePublished":"2018-05-02T19:31:46+00:00","dateModified":"2023-06-06T11:48:42+00:00","breadcrumb":{"@id":"https:\/\/autosoit.sahradyan.com\/ru\/kontaktid\/#breadcrumb"},"inLanguage":"ru-RU","potentialAction":[{"@type":"ReadAction","target":["https:\/\/autosoit.sahradyan.com\/ru\/kontaktid\/"]}]},{"@type":"BreadcrumbList","@id":"https:\/\/autosoit.sahradyan.com\/ru\/kontaktid\/#breadcrumb","itemListElement":[{"@type":"ListItem","position":1,"name":"Home","item":"https:\/\/autosoit.sahradyan.com\/ru\/"},{"@type":"ListItem","position":2,"name":"\u041a\u043e\u043d\u0442\u0430\u043a\u0442\u044b \u0440\u0430\u0431\u043e\u0447\u0438\u0445"}]},{"@type":"WebSite","@id":"https:\/\/autosoit.sahradyan.com\/#website","url":"https:\/\/autosoit.sahradyan.com\/","name":"Autos\u00f5it","description":"Ohutu s\u00f5idu kool","potentialAction":[{"@type":"SearchAction","target":{"@type":"EntryPoint","urlTemplate":"https:\/\/autosoit.sahradyan.com\/?s={search_term_string}"},"query-input":{"@type":"PropertyValueSpecification","valueRequired":true,"valueName":"search_term_string"}}],"inLanguage":"ru-RU"}]}},"_links":{"self":[{"href":"https:\/\/autosoit.sahradyan.com\/ru\/wp-json\/wp\/v2\/pages\/2714","targetHints":{"allow":["GET"]}}],"collection":[{"href":"https:\/\/autosoit.sahradyan.com\/ru\/wp-json\/wp\/v2\/pages"}],"about":[{"href":"https:\/\/autosoit.sahradyan.com\/ru\/wp-json\/wp\/v2\/types\/page"}],"author":[{"embeddable":true,"href":"https:\/\/autosoit.sahradyan.com\/ru\/wp-json\/wp\/v2\/users\/9"}],"replies":[{"embeddable":true,"href":"https:\/\/autosoit.sahradyan.com\/ru\/wp-json\/wp\/v2\/comments?post=2714"}],"version-history":[{"count":2,"href":"https:\/\/autosoit.sahradyan.com\/ru\/wp-json\/wp\/v2\/pages\/2714\/revisions"}],"predecessor-version":[{"id":5122,"href":"https:\/\/autosoit.sahradyan.com\/ru\/wp-json\/wp\/v2\/pages\/2714\/revisions\/5122"}],"wp:attachment":[{"href":"https:\/\/autosoit.sahradyan.com\/ru\/wp-json\/wp\/v2\/media?parent=2714"}],"curies":[{"name":"wp","href":"https:\/\/api.w.org\/{rel}","templated":true}]}}