{"id":2624,"date":"2018-05-02T19:26:33","date_gmt":"2018-05-02T19:26:33","guid":{"rendered":"https:\/\/autosoit.ee\/ru\/?page_id=2624"},"modified":"2021-02-15T12:12:18","modified_gmt":"2021-02-15T10:12:18","slug":"firmast","status":"publish","type":"page","link":"https:\/\/autosoit.sahradyan.com\/ru\/firmast\/","title":{"rendered":"\u041e \u043a\u043e\u043c\u043f\u0430\u043d\u0438\u0438"},"content":{"rendered":"<div class=\"wpb-content-wrapper\"><section class=\"l-section wpb_row height_auto\" style=\"margin-bottom: 0px !important;padding-top: 40px !important;padding-bottom: 0px !important;\"><div class=\"l-section-h i-cf\"><div class=\"g-cols vc_row type_default valign_top\"><div class=\"vc_col-sm-12 wpb_column vc_column_container\"><div class=\"vc_column-inner\"><div class=\"wpb_wrapper\"><div class=\"g-cols wpb_row type_boxes valign_top vc_inner \"><div class=\"vc_col-sm-6 wpb_column vc_column_container has-fill\"><div class=\"vc_column-inner  vc_custom_1522703935529\"><div class=\"wpb_wrapper\">\n\t<div class=\"wpb_text_column \">\n\t\t<div class=\"wpb_wrapper\">\n\t\t\t<p>Autos\u00f5it O\u00dc \u043d\u0430\u0447\u0430\u043b\u043e \u0441\u0432\u043e\u044e \u0434\u0435\u044f\u0442\u0435\u043b\u044c\u043d\u043e\u0441\u0442\u044c \u0432 \u043d\u0430\u0447\u0430\u043b\u0435 2002 \u0433\u043e\u0434\u0430 \u0438 \u043d\u0430 \u0441\u0435\u0433\u043e\u0434\u043d\u044f\u0448\u043d\u0438\u0439 \u0434\u0435\u043d\u044c \u043f\u0440\u0435\u0434\u043f\u0440\u0438\u044f\u0442\u0438\u0435 \u043f\u0440\u0435\u0434\u0441\u0442\u0430\u0432\u043b\u044f\u0435\u0442 \u0441\u043e\u0431\u043e\u0439 \u0441\u0430\u043c\u0443\u044e \u043a\u0440\u0443\u043f\u043d\u0443\u044e \u0438 \u0441\u043e\u0432\u0440\u0435\u043c\u0435\u043d\u043d\u0443\u044e \u0430\u0432\u0442\u043e\u0448\u043a\u043e\u043b\u0443 \u0432 \u042d\u0441\u0442\u043e\u043d\u0438\u0438.<\/p>\n<p>\u041f\u0440\u0435\u0434\u043b\u0430\u0433\u0430\u0435\u043c \u0441\u0432\u043e\u0438\u043c \u043a\u043b\u0438\u0435\u043d\u0442\u0430\u043c \u043f\u0440\u043e\u0444\u0435\u0441\u0441\u0438\u043e\u043d\u0430\u043b\u044c\u043d\u044b\u0435 \u043f\u0440\u043e\u0433\u0440\u0430\u043c\u043c\u044b \u043e\u0431\u0443\u0447\u0435\u043d\u0438\u044f.<\/p>\n<p>\u0421\u0442\u0440\u0430\u0442\u0435\u0433\u0438\u0435\u0439 \u043d\u0430\u0448\u0435\u0433\u043e \u043f\u0440\u0435\u0434\u043f\u0440\u0438\u044f\u0442\u0438\u044f \u044f\u0432\u043b\u044f\u0435\u0442\u0441\u044f \u043f\u0440\u0435\u0434\u043e\u0441\u0442\u0430\u0432\u0438\u0442\u044c \u0448\u0438\u0440\u043e\u043a\u0438\u0439 \u0432\u044b\u0431\u043e\u0440 <a href=\"\/ru\/kontakt\/\">\u043b\u0435\u0433\u043a\u043e\u0434\u043e\u0441\u0442\u0443\u043f\u043d\u044b\u0445 \u043f\u0440\u043e\u0433\u0440\u0430\u043c\u043c \u043e\u0431\u0443\u0447\u0435\u043d\u0438\u044f.<\/a><\/p>\n<p>\u041f\u0440\u0435\u0434\u043b\u0430\u0433\u0430\u0435\u043c \u043a\u0443\u0440\u0441\u044b, \u043a\u0430\u043a \u0434\u043b\u044f <a href=\"\/ru\/juhiload\/b-kategooria-algaste\/\">\u043d\u0430\u0447\u0438\u043d\u0430\u044e\u0449\u0438\u0445 \u0432\u043e\u0434\u0438\u0442\u0435\u043b\u0435\u0439<\/a>, <a href=\"\/ru\/juhiload\/veel-koolitusi\/veoautojuhi-ametikoolitus\/\">\u043f\u0440\u043e\u0444\u0435\u0441\u0441\u0438\u043e\u043d\u0430\u043b\u043e\u0432<\/a>, \u0442\u0430\u043a \u0438 \u0434\u043b\u044f <a href=\"\/ru\/laste-liikluskasvatuse-koolitus\/\">\u0434\u0435\u0442\u0435\u0439<\/a>.<\/p>\n\n\t\t<\/div>\n\t<\/div>\n<\/div><\/div><\/div><div class=\"vc_col-sm-6 wpb_column vc_column_container has-fill\"><div class=\"vc_column-inner  vc_custom_1522703957355\"><div class=\"wpb_wrapper\">\n\t<div class=\"wpb_text_column \">\n\t\t<div class=\"wpb_wrapper\">\n\t\t\t<p>Autos\u00f5it O\u00dc \u043f\u0440\u0435\u0434\u0441\u0442\u0430\u0432\u043b\u0435\u043d\u044b \u0432 <a href=\"\/ru\/kontakt\/\">12 \u0433\u043e\u0440\u043e\u0434\u0430\u0445 \u042d\u0441\u0442\u043e\u043d\u0438\u0438<\/a>: \u0422\u0430\u043b\u043b\u0438\u043d\u043d, \u0422\u0430\u0440\u0442\u0443, \u0420\u0430\u043a\u0432\u0435\u0440\u0435, \u041f\u044f\u0440\u043d\u0443, \u0412\u0438\u043b\u044c\u044f\u043d\u0434\u0438, \u041f\u0430\u0439\u0434\u0435, \u0425\u0430\u0430\u043f\u0441\u0430\u043b\u0443, \u0412\u044b\u0440\u0443, Ba\u043b\u0433a, \u0419\u044b\u0445\u0432\u0438, \u0419\u044b\u0433\u0435\u0432\u0430, \u0421\u0430\u0443\u044d, \u0410\u0437\u0435\u0440\u0438.<\/p>\n<p>\u041c\u044b \u0440\u0430\u0437\u0440\u0430\u0431\u043e\u0442\u0430\u043b\u0438 \u0441\u043e\u0432\u0440\u0435\u043c\u0435\u043d\u043d\u0443\u044e <a href=\"https:\/\/www.e-autokool.eu\/?&amp;new_lang=3\" target=\"_blank\" rel=\"noopener\">\u0432\u0438\u0440\u0442\u0443\u0430\u043b\u044c\u043d\u0443\u044e \u043e\u0431\u0440\u0430\u0437\u043e\u0432\u0430\u0442\u0435\u043b\u044c\u043d\u0443\u044e \u0441\u0440\u0435\u0434\u0443.<\/a><\/p>\n<p>\u0414\u043b\u044f \u043f\u0440\u0435\u0434\u043e\u0441\u0442\u0430\u0432\u043b\u0435\u043d\u0438\u044f \u0443\u0441\u043b\u0443\u0433 \u043d\u0430\u0448 \u0430\u0432\u0442\u043e\u043f\u0430\u0440\u043a \u0441\u043e\u0441\u0442\u043e\u0438\u0442 \u0438\u0437 80+ \u0440\u0430\u0437\u043b\u0438\u0447\u043d\u044b\u0445 \u0442\u0440\u0430\u043d\u0441\u043f\u043e\u0440\u0442\u043d\u044b\u0445 \u0441\u0440\u0435\u0434\u0441\u0442\u0432, \u043a\u043e\u0442\u043e\u0440\u044b\u043c\u0438 \u0443\u043f\u0440\u0430\u0432\u043b\u044f\u044e\u0442 \u0441\u043f\u0435\u0446\u0438\u0430\u043b\u0438\u0441\u0442\u044b \u0432 \u0441\u0432\u043e\u0435\u0439 \u0441\u0444\u0435\u0440\u0435.<\/p>\n<p>\u0412 \u0422\u0430\u043b\u043b\u0438\u043d\u043d\u0435, \u0422\u0430\u0440\u0442\u0443 \u0438 \u0410\u0437\u0435\u0440\u0438 \u043f\u0440\u0435\u0434\u043f\u0440\u0438\u044f\u0442\u0438\u0435 \u043e\u043f\u0435\u0440\u0438\u0440\u0443\u0435\u0442 \u0442\u0440\u0451\u043c\u044f <a href=\"\/ru\/erikoolitused\/ohutu-ja-libedasoit\/\">\u0443\u0447\u0435\u0431\u043d\u044b\u043c\u0438 \u043f\u043e\u043b\u0438\u0433\u043e\u043d\u0430\u043c\u0438<\/a>, <a href=\"\/ru\/firmast\/libedarada\/\">\u043e\u0442\u043a\u0440\u044b\u0442\u044b\u043c\u0438 \u043a\u0440\u0443\u0433\u043b\u044b\u0439 \u0433\u043e\u0434.<\/a><\/p>\n\n\t\t<\/div>\n\t<\/div>\n<\/div><\/div><\/div><\/div><div class=\"g-cols wpb_row type_boxes valign_top vc_inner 3colsimgs  vc_custom_1522705612792\"><div class=\"vc_col-sm-4 wpb_column vc_column_container has-fill\"><div class=\"vc_column-inner  vc_custom_1522705678201\"><div class=\"wpb_wrapper\"><div class=\"w-image align_center img100pxh\"><div class=\"w-image-h\"><img loading=\"lazy\" decoding=\"async\" width=\"1455\" height=\"941\" src=\"https:\/\/autosoit.sahradyan.com\/app\/uploads\/2019\/06\/T\u00f6\u00f6taja\u00f5pi_sinine_1-PNG.png\" class=\"attachment-full size-full\" alt=\"\" srcset=\"https:\/\/autosoit.sahradyan.com\/app\/uploads\/2019\/06\/T\u00f6\u00f6taja\u00f5pi_sinine_1-PNG.png 1455w, https:\/\/autosoit.sahradyan.com\/app\/uploads\/2019\/06\/T\u00f6\u00f6taja\u00f5pi_sinine_1-PNG-300x194.png 300w, https:\/\/autosoit.sahradyan.com\/app\/uploads\/2019\/06\/T\u00f6\u00f6taja\u00f5pi_sinine_1-PNG-768x497.png 768w, https:\/\/autosoit.sahradyan.com\/app\/uploads\/2019\/06\/T\u00f6\u00f6taja\u00f5pi_sinine_1-PNG-1024x662.png 1024w\" sizes=\"auto, (max-width: 1455px) 100vw, 1455px\" \/><\/div><\/div><div class=\"w-separator type_invisible size_small thick_1 style_solid color_border cont_none\"><span class=\"w-separator-h\"><\/span><\/div>\n\t<div class=\"wpb_text_column \">\n\t\t<div class=\"wpb_wrapper\">\n\t\t\t<p style=\"text-align: center;\"><a href=\"https:\/\/www.tootukassa.ee\/ru\/content\/preduprezhdenie-bezraboticy\/obuchenie-dlya-rynka-truda-s-uchebnoy-kartoy\" target=\"_blank\" rel=\"noopener\"><span style=\"color: #003300;\">\u0420\u0430\u0431\u043e\u0442\u0430\u0439 \u0438 \u0443\u0447\u0438\u0441\u044c!<\/span><\/a><\/p>\n\n\t\t<\/div>\n\t<\/div>\n<\/div><\/div><\/div><div class=\"vc_col-sm-4 wpb_column vc_column_container has-fill\"><div class=\"vc_column-inner  vc_custom_1522705671884\"><div class=\"wpb_wrapper\"><div class=\"w-image align_center img100pxh\"><div class=\"w-image-h\"><img decoding=\"async\" src=\"https:\/\/autosoit.sahradyan.com\/app\/uploads\/2017\/11\/handshake.svg\" class=\"attachment-full size-full\" alt=\"\" \/><\/div><\/div><div class=\"w-separator type_invisible size_small thick_1 style_solid color_border cont_none\"><span class=\"w-separator-h\"><\/span><\/div>\n\t<div class=\"wpb_text_column \">\n\t\t<div class=\"wpb_wrapper\">\n\t\t\t<p style=\"text-align: center;\"><a href=\"https:\/\/www.tootukassa.ee\/ru\/content\/uslugi\" target=\"_blank\" rel=\"noopener\">O\u00dc Autos\u00f5it \u0441\u043e\u0442\u0440\u0443\u0434\u043d\u0438\u0447\u0430\u0435\u0442 \u0441 \u0411\u044e\u0440\u043e \u043a\u0430\u0441\u0441\u044b \u043f\u043e \u0431\u0435\u0437\u0440\u0430\u0431\u043e\u0442\u0438\u0446\u0435.<\/a><\/p>\n\n\t\t<\/div>\n\t<\/div>\n<\/div><\/div><\/div><div class=\"vc_col-sm-4 wpb_column vc_column_container\"><div class=\"vc_column-inner  vc_custom_1522705647796\"><div class=\"wpb_wrapper\"><div class=\"w-image align_center img100pxh\"><div class=\"w-image-h\"><img loading=\"lazy\" decoding=\"async\" width=\"145\" height=\"100\" src=\"https:\/\/autosoit.sahradyan.com\/app\/uploads\/2017\/11\/es01.jpg\" class=\"attachment-full size-full\" alt=\"\" \/><\/div><\/div><div class=\"w-separator type_invisible size_small thick_1 style_solid color_border cont_none\"><span class=\"w-separator-h\"><\/span><\/div>\n\t<div class=\"wpb_text_column \">\n\t\t<div class=\"wpb_wrapper\">\n\t\t\t<p style=\"text-align: center;\">\u041d\u0430\u0447\u0438\u043d\u0430\u044f \u0441 17.06.2009 \u043f\u0440\u0435\u0434\u043f\u0440\u0438\u044f\u0442\u0438\u0435 \u044f\u0432\u043b\u044f\u0435\u0442\u0441\u044f \u0447\u043b\u0435\u043d\u043e\u043c \u0425\u0430\u0440\u0442\u0438\u0438 \u043f\u043e <a href=\"http:\/\/www.erscharter.eu\/et\/signatories\/profile\/15387\">\u0414\u043e\u0440\u043e\u0436\u043d\u043e-\u0442\u0440\u0430\u043d\u0441\u043f\u043e\u0440\u0442\u043d\u043e\u0439 \u0411\u0435\u0437\u043e\u043f\u0430\u0441\u043d\u043e\u0441\u0442\u0438 \u0432 \u0415\u0432\u0440\u043e\u043f\u0435 (European Road Safety Charter)<\/a>. \u0412 \u0434\u0430\u043d\u043d\u043e\u043c \u0441\u043b\u0443\u0447\u0430\u0435 \u0438\u043c\u0435\u0435\u043c \u0434\u0435\u043b\u043e \u0441 \u0441\u0430\u043c\u043e\u0439 \u043a\u0440\u0443\u043f\u043d\u043e\u0439 \u043f\u043b\u0430\u0442\u0444\u043e\u0440\u043c\u043e\u0439 \u0434\u043e\u0440\u043e\u0436\u043d\u043e-\u0442\u0440\u0430\u043d\u0441\u043f\u043e\u0440\u0442\u043d\u043e\u0439 \u0431\u0435\u0437\u043e\u043f\u0430\u0441\u043d\u043e\u0441\u0442\u0438, \u0432 \u0441\u043e\u0441\u0442\u0430\u0432 \u043a\u043e\u0442\u043e\u0440\u043e\u0439 \u0432\u0445\u043e\u0434\u044f\u0442 27 \u0447\u043b\u0435\u043d\u043e\u0432 \u0433\u043e\u0441\u0443\u0434\u0430\u0440\u0441\u0442\u0432 \u0415\u0421.<\/p>\n\n\t\t<\/div>\n\t<\/div>\n<\/div><\/div><\/div><\/div><\/div><\/div><\/div><\/div><\/div><\/section><section class=\"l-section wpb_row height_medium with_overlay border-top-title-section tagasiside-row\" id=\"partnerid\"><div class=\"l-section-overlay\" style=\"background-color: #f9f9f9\"><\/div><div class=\"l-section-h i-cf\"><div class=\"g-cols vc_row type_default valign_top\"><div class=\"vc_col-sm-12 wpb_column vc_column_container\"><div class=\"vc_column-inner\"><div class=\"wpb_wrapper\"><div class=\"g-cols wpb_row type_default valign_top vc_inner \"><div class=\"vc_col-sm-12 wpb_column vc_column_container text-center\"><div class=\"vc_column-inner  vc_custom_1511127978975\"><div class=\"wpb_wrapper\">[vc_custom_heading text=&#8221;\u041d\u0430\u0448\u0438 \u043f\u0430\u0440\u0442\u043d\u0451\u0440\u044b&#8221; font_container=&#8221;tag:h4|font_size:30|text_align:left|color:%23000000|line_height:36px&#8221; google_fonts=&#8221;font_family:Roboto%3A100%2C100italic%2C300%2C300italic%2Cregular%2Citalic%2C500%2C500italic%2C700%2C700italic%2C900%2C900italic|font_style:300%20light%20regular%3A300%3Anormal&#8221; el_class=&#8221;border-top-title&#8221;]<\/div><\/div><\/div><\/div><div class=\"g-cols wpb_row type_boxes valign_top vc_inner  vc_custom_1523312320833\"><div class=\"vc_col-sm-3 wpb_column vc_column_container has-fill\"><div class=\"vc_column-inner  vc_custom_1523312194699\"><div class=\"wpb_wrapper\">[vc_custom_heading text=&#8221;\u0413\u043e\u0441\u0443\u0434\u0430\u0440\u0441\u0442\u0432\u0435\u043d\u043d\u044b\u0439 \u0441\u0435\u043a\u0442\u043e\u0440&#8221; font_container=&#8221;tag:p|font_size:20|text_align:left|color:%232b2b2b&#8221; google_fonts=&#8221;font_family:Roboto%3A100%2C100italic%2C300%2C300italic%2Cregular%2Citalic%2C500%2C500italic%2C700%2C700italic%2C900%2C900italic|font_style:700%20bold%20regular%3A700%3Anormal&#8221;]\n\t<div class=\"wpb_text_column \">\n\t\t<div class=\"wpb_wrapper\">\n\t\t\t<ul>\n<li>V\u00e4lisministeerium<\/li>\n<li>Transpordiamet<\/li>\n<li>Eesti Kaitsev\u00e4gi<\/li>\n<li>Eesti Politsei<\/li>\n<li>Tallinna Vangla<\/li>\n<li>Liitlasv\u00e4ed\/NATO<\/li>\n<li>Tartu Kiirabi<\/li>\n<li>Tartu Vangla<\/li>\n<li>Viru Vangla<\/li>\n<\/ul>\n\n\t\t<\/div>\n\t<\/div>\n<\/div><\/div><\/div><div class=\"vc_col-sm-3 wpb_column vc_column_container has-fill\"><div class=\"vc_column-inner  vc_custom_1523312227273\"><div class=\"wpb_wrapper\">[vc_custom_heading text=&#8221;\u0427\u0430\u0441\u0442\u043d\u044b\u0439 \u0441\u0435\u043a\u0442\u043e\u0440&#8221; font_container=&#8221;tag:p|font_size:20|text_align:left|color:%232b2b2b&#8221; google_fonts=&#8221;font_family:Roboto%3A100%2C100italic%2C300%2C300italic%2Cregular%2Citalic%2C500%2C500italic%2C700%2C700italic%2C900%2C900italic|font_style:700%20bold%20regular%3A700%3Anormal&#8221;]\n\t<div class=\"wpb_text_column \">\n\t\t<div class=\"wpb_wrapper\">\n\t\t\t<ul>\n<li>AstraZeneca Eesti O\u00dc<\/li>\n<li>Tallinna Vesi<\/li>\n<li>ALD Automotive Eesti AS<\/li>\n<li>Amserv<\/li>\n<li>Toyota Balti<\/li>\n<li>Hansabuss<\/li>\n<li>Hansarent<\/li>\n<li>ABB AS<\/li>\n<\/ul>\n\n\t\t<\/div>\n\t<\/div>\n<\/div><\/div><\/div><div class=\"vc_col-sm-3 wpb_column vc_column_container has-fill\"><div class=\"vc_column-inner  vc_custom_1523312233916\"><div class=\"wpb_wrapper\">[vc_empty_space height=&#8221;52&#8243;]\n\t<div class=\"wpb_text_column \">\n\t\t<div class=\"wpb_wrapper\">\n\t\t\t<ul>\n<li>Jeldwen Eesti AS<\/li>\n<li>TS Laevad O\u00dc<\/li>\n<li>Bayer O\u00dc<\/li>\n<li>Boehringer ingelheim rcv gmbh &amp; co kg eesti filiaal<\/li>\n<li>Siemens Osakeyhti\u00f6 Eesti filiaal<\/li>\n<li>DriveTech International<\/li>\n<\/ul>\n\n\t\t<\/div>\n\t<\/div>\n<\/div><\/div><\/div><div class=\"vc_col-sm-3 wpb_column vc_column_container has-fill\"><div class=\"vc_column-inner  vc_custom_1523312243749\"><div class=\"wpb_wrapper\">[vc_empty_space height=&#8221;52&#8243;]\n\t<div class=\"wpb_text_column \">\n\t\t<div class=\"wpb_wrapper\">\n\t\t\t<ul>\n<li>GlaxoSmithKline Eesti O\u00dc<\/li>\n<li>Sanofi-aventis Estonia O\u00dc<\/li>\n<li>Roche Eesti O\u00dc<\/li>\n<li>AS G4S Eesti<\/li>\n<li>AS Coca-Cola HBC Eesti<\/li>\n<li>Orica Eesti O\u00dc<\/li>\n<li>Konekesko Eesti AS<\/li>\n<\/ul>\n\n\t\t<\/div>\n\t<\/div>\n<\/div><\/div><\/div><\/div><div class=\"g-cols wpb_row type_boxes valign_top vc_inner  vc_custom_1523312278523\"><div class=\"vc_col-sm-3 wpb_column vc_column_container has-fill\"><div class=\"vc_column-inner  vc_custom_1523312078023\"><div class=\"wpb_wrapper\">[vc_custom_heading text=&#8221;\u041e\u0431\u0449\u0435\u043e\u0431\u0440\u0430\u0437\u043e\u0432\u0430\u0442\u0435\u043b\u044c\u043d\u044b\u0435 \u0443\u0447\u0440\u0435\u0436\u0434\u0435\u043d\u0438\u044f&#8221; font_container=&#8221;tag:p|font_size:20|text_align:left|color:%232b2b2b&#8221; google_fonts=&#8221;font_family:Roboto%3A100%2C100italic%2C300%2C300italic%2Cregular%2Citalic%2C500%2C500italic%2C700%2C700italic%2C900%2C900italic|font_style:700%20bold%20regular%3A700%3Anormal&#8221;]\n\t<div class=\"wpb_text_column \">\n\t\t<div class=\"wpb_wrapper\">\n\t\t\t<ul>\n<li>Sisekaitseakadeemia<\/li>\n<li>TLU<\/li>\n<li>TLU Haapsalu Kolled\u017e<\/li>\n<li>Eesti Maa\u00fclikool<\/li>\n<li>Tallinna Tehnikak\u00f5rgkool<\/li>\n<\/ul>\n\n\t\t<\/div>\n\t<\/div>\n<\/div><\/div><\/div><div class=\"vc_col-sm-3 wpb_column vc_column_container has-fill\"><div class=\"vc_column-inner  vc_custom_1523312072246\"><div class=\"wpb_wrapper\">[vc_empty_space height=&#8221;52&#8243;]\n\t<div class=\"wpb_text_column \">\n\t\t<div class=\"wpb_wrapper\">\n\t\t\t<ul>\n<li>Tartu Tervishoiu K\u00f5rgkool<\/li>\n<li>Saue G\u00fcmnaasium<\/li>\n<li>J\u00fcri G\u00fcmnaasium<\/li>\n<li>Saku G\u00fcmnaasium<\/li>\n<\/ul>\n\n\t\t<\/div>\n\t<\/div>\n<\/div><\/div><\/div><div class=\"vc_col-sm-3 wpb_column vc_column_container has-fill\"><div class=\"vc_column-inner  vc_custom_1523312088710\"><div class=\"wpb_wrapper\">[vc_empty_space height=&#8221;52&#8243;]\n\t<div class=\"wpb_text_column \">\n\t\t<div class=\"wpb_wrapper\">\n\t\t\t<ul>\n<li>Pelgulinna G\u00fcmnaasium<\/li>\n<li>Mustam\u00e4e G\u00fcmnaasium<\/li>\n<li>Tallinna Kunstig\u00fcmnaasium<\/li>\n<li>Viimsi Keskkool<\/li>\n<\/ul>\n\n\t\t<\/div>\n\t<\/div>\n<\/div><\/div><\/div><div class=\"vc_col-sm-3 wpb_column vc_column_container has-fill\"><div class=\"vc_column-inner  vc_custom_1523312100564\"><div class=\"wpb_wrapper\">[vc_empty_space height=&#8221;52&#8243;]\n\t<div class=\"wpb_text_column \">\n\t\t<div class=\"wpb_wrapper\">\n\t\t\t<ul>\n<li>Toila G\u00fcmnaasium<\/li>\n<li>Palamuse G\u00fcmnaasium<\/li>\n<li>Hugo Treffneri G\u00fcmnaasium<\/li>\n<li>Elva G\u00fcmnaasium<\/li>\n<li>Luua Metsanduskool<\/li>\n<\/ul>\n\n\t\t<\/div>\n\t<\/div>\n<\/div><\/div><\/div><\/div>[vc_empty_space]<\/div><\/div><\/div><\/div><\/div><\/section>\n<\/div>","protected":false},"excerpt":{"rendered":"Autos\u00f5it O\u00dc \u043d\u0430\u0447\u0430\u043b\u043e \u0441\u0432\u043e\u044e \u0434\u0435\u044f\u0442\u0435\u043b\u044c\u043d\u043e\u0441\u0442\u044c \u0432 \u043d\u0430\u0447\u0430\u043b\u0435 2002 \u0433\u043e\u0434\u0430 \u0438 \u043d\u0430 \u0441\u0435\u0433\u043e\u0434\u043d\u044f\u0448\u043d\u0438\u0439 \u0434\u0435\u043d\u044c \u043f\u0440\u0435\u0434\u043f\u0440\u0438\u044f\u0442\u0438\u0435 \u043f\u0440\u0435\u0434\u0441\u0442\u0430\u0432\u043b\u044f\u0435\u0442 \u0441\u043e\u0431\u043e\u0439 \u0441\u0430\u043c\u0443\u044e \u043a\u0440\u0443\u043f\u043d\u0443\u044e \u0438 \u0441\u043e\u0432\u0440\u0435\u043c\u0435\u043d\u043d\u0443\u044e...","protected":false},"author":9,"featured_media":0,"parent":0,"menu_order":0,"comment_status":"closed","ping_status":"closed","template":"","meta":{"footnotes":""},"class_list":["post-2624","page","type-page","status-publish","hentry"],"yoast_head":"<!-- This site is optimized with the Yoast SEO plugin v25.6 - https:\/\/yoast.com\/wordpress\/plugins\/seo\/ -->\n<title>\u041e \u043a\u043e\u043c\u043f\u0430\u043d\u0438\u0438 - Autos\u00f5it<\/title>\n<meta name=\"robots\" content=\"noindex, follow, max-snippet:-1, max-image-preview:large, max-video-preview:-1\" \/>\n<meta property=\"og:locale\" content=\"ru_RU\" \/>\n<meta property=\"og:type\" content=\"article\" \/>\n<meta property=\"og:title\" content=\"\u041e \u043a\u043e\u043c\u043f\u0430\u043d\u0438\u0438 - Autos\u00f5it\" \/>\n<meta property=\"og:url\" content=\"https:\/\/autosoit.sahradyan.com\/ru\/firmast\/\" \/>\n<meta property=\"og:site_name\" content=\"Autos\u00f5it\" \/>\n<meta property=\"article:modified_time\" content=\"2021-02-15T10:12:18+00:00\" \/>\n<meta name=\"twitter:card\" content=\"summary_large_image\" \/>\n<meta name=\"twitter:label1\" content=\"Est. reading time\" \/>\n\t<meta name=\"twitter:data1\" content=\"5 minutes\" \/>\n<script type=\"application\/ld+json\" class=\"yoast-schema-graph\">{\"@context\":\"https:\/\/schema.org\",\"@graph\":[{\"@type\":\"WebPage\",\"@id\":\"https:\/\/autosoit.sahradyan.com\/ru\/firmast\/\",\"url\":\"https:\/\/autosoit.sahradyan.com\/ru\/firmast\/\",\"name\":\"\u041e \u043a\u043e\u043c\u043f\u0430\u043d\u0438\u0438 - Autos\u00f5it\",\"isPartOf\":{\"@id\":\"https:\/\/autosoit.sahradyan.com\/#website\"},\"datePublished\":\"2018-05-02T19:26:33+00:00\",\"dateModified\":\"2021-02-15T10:12:18+00:00\",\"breadcrumb\":{\"@id\":\"https:\/\/autosoit.sahradyan.com\/ru\/firmast\/#breadcrumb\"},\"inLanguage\":\"ru-RU\",\"potentialAction\":[{\"@type\":\"ReadAction\",\"target\":[\"https:\/\/autosoit.sahradyan.com\/ru\/firmast\/\"]}]},{\"@type\":\"BreadcrumbList\",\"@id\":\"https:\/\/autosoit.sahradyan.com\/ru\/firmast\/#breadcrumb\",\"itemListElement\":[{\"@type\":\"ListItem\",\"position\":1,\"name\":\"Home\",\"item\":\"https:\/\/autosoit.sahradyan.com\/ru\/\"},{\"@type\":\"ListItem\",\"position\":2,\"name\":\"\u041e \u043a\u043e\u043c\u043f\u0430\u043d\u0438\u0438\"}]},{\"@type\":\"WebSite\",\"@id\":\"https:\/\/autosoit.sahradyan.com\/#website\",\"url\":\"https:\/\/autosoit.sahradyan.com\/\",\"name\":\"Autos\u00f5it\",\"description\":\"Ohutu s\u00f5idu kool\",\"potentialAction\":[{\"@type\":\"SearchAction\",\"target\":{\"@type\":\"EntryPoint\",\"urlTemplate\":\"https:\/\/autosoit.sahradyan.com\/?s={search_term_string}\"},\"query-input\":{\"@type\":\"PropertyValueSpecification\",\"valueRequired\":true,\"valueName\":\"search_term_string\"}}],\"inLanguage\":\"ru-RU\"}]}<\/script>\n<!-- \/ Yoast SEO plugin. -->","yoast_head_json":{"title":"\u041e \u043a\u043e\u043c\u043f\u0430\u043d\u0438\u0438 - Autos\u00f5it","robots":{"index":"noindex","follow":"follow","max-snippet":"max-snippet:-1","max-image-preview":"max-image-preview:large","max-video-preview":"max-video-preview:-1"},"og_locale":"ru_RU","og_type":"article","og_title":"\u041e \u043a\u043e\u043c\u043f\u0430\u043d\u0438\u0438 - Autos\u00f5it","og_url":"https:\/\/autosoit.sahradyan.com\/ru\/firmast\/","og_site_name":"Autos\u00f5it","article_modified_time":"2021-02-15T10:12:18+00:00","twitter_card":"summary_large_image","twitter_misc":{"Est. reading time":"5 minutes"},"schema":{"@context":"https:\/\/schema.org","@graph":[{"@type":"WebPage","@id":"https:\/\/autosoit.sahradyan.com\/ru\/firmast\/","url":"https:\/\/autosoit.sahradyan.com\/ru\/firmast\/","name":"\u041e \u043a\u043e\u043c\u043f\u0430\u043d\u0438\u0438 - Autos\u00f5it","isPartOf":{"@id":"https:\/\/autosoit.sahradyan.com\/#website"},"datePublished":"2018-05-02T19:26:33+00:00","dateModified":"2021-02-15T10:12:18+00:00","breadcrumb":{"@id":"https:\/\/autosoit.sahradyan.com\/ru\/firmast\/#breadcrumb"},"inLanguage":"ru-RU","potentialAction":[{"@type":"ReadAction","target":["https:\/\/autosoit.sahradyan.com\/ru\/firmast\/"]}]},{"@type":"BreadcrumbList","@id":"https:\/\/autosoit.sahradyan.com\/ru\/firmast\/#breadcrumb","itemListElement":[{"@type":"ListItem","position":1,"name":"Home","item":"https:\/\/autosoit.sahradyan.com\/ru\/"},{"@type":"ListItem","position":2,"name":"\u041e \u043a\u043e\u043c\u043f\u0430\u043d\u0438\u0438"}]},{"@type":"WebSite","@id":"https:\/\/autosoit.sahradyan.com\/#website","url":"https:\/\/autosoit.sahradyan.com\/","name":"Autos\u00f5it","description":"Ohutu s\u00f5idu kool","potentialAction":[{"@type":"SearchAction","target":{"@type":"EntryPoint","urlTemplate":"https:\/\/autosoit.sahradyan.com\/?s={search_term_string}"},"query-input":{"@type":"PropertyValueSpecification","valueRequired":true,"valueName":"search_term_string"}}],"inLanguage":"ru-RU"}]}},"_links":{"self":[{"href":"https:\/\/autosoit.sahradyan.com\/ru\/wp-json\/wp\/v2\/pages\/2624","targetHints":{"allow":["GET"]}}],"collection":[{"href":"https:\/\/autosoit.sahradyan.com\/ru\/wp-json\/wp\/v2\/pages"}],"about":[{"href":"https:\/\/autosoit.sahradyan.com\/ru\/wp-json\/wp\/v2\/types\/page"}],"author":[{"embeddable":true,"href":"https:\/\/autosoit.sahradyan.com\/ru\/wp-json\/wp\/v2\/users\/9"}],"replies":[{"embeddable":true,"href":"https:\/\/autosoit.sahradyan.com\/ru\/wp-json\/wp\/v2\/comments?post=2624"}],"version-history":[{"count":0,"href":"https:\/\/autosoit.sahradyan.com\/ru\/wp-json\/wp\/v2\/pages\/2624\/revisions"}],"wp:attachment":[{"href":"https:\/\/autosoit.sahradyan.com\/ru\/wp-json\/wp\/v2\/media?parent=2624"}],"curies":[{"name":"wp","href":"https:\/\/api.w.org\/{rel}","templated":true}]}}