{"id":2610,"date":"2018-05-02T18:24:35","date_gmt":"2018-05-02T18:24:35","guid":{"rendered":"https:\/\/autosoit.ee\/ru\/?page_id=2610"},"modified":"2018-05-02T18:24:35","modified_gmt":"2018-05-02T18:24:35","slug":"taiendkoolitus-pohikooli-opilastele","status":"publish","type":"page","link":"https:\/\/autosoit.sahradyan.com\/ru\/erikoolitused\/laste-liikluskasvatuse-koolitused\/taiendkoolitus-pohikooli-opilastele\/","title":{"rendered":"T\u00e4iendkoolitus p\u00f5hikooli \u00f5pilastele"},"content":{"rendered":"","protected":false},"excerpt":{"rendered":"","protected":false},"author":9,"featured_media":0,"parent":2508,"menu_order":0,"comment_status":"closed","ping_status":"closed","template":"","meta":{"footnotes":""},"class_list":["post-2610","page","type-page","status-publish","hentry"],"yoast_head":"<!-- This site is optimized with the Yoast SEO plugin v25.6 - https:\/\/yoast.com\/wordpress\/plugins\/seo\/ -->\n<title>T\u00e4iendkoolitus p\u00f5hikooli \u00f5pilastele - Autos\u00f5it<\/title>\n<meta name=\"robots\" content=\"noindex, follow, max-snippet:-1, max-image-preview:large, max-video-preview:-1\" \/>\n<meta property=\"og:locale\" content=\"ru_RU\" \/>\n<meta property=\"og:type\" content=\"article\" \/>\n<meta property=\"og:title\" content=\"T\u00e4iendkoolitus p\u00f5hikooli \u00f5pilastele - Autos\u00f5it\" \/>\n<meta property=\"og:url\" content=\"https:\/\/autosoit.sahradyan.com\/ru\/erikoolitused\/laste-liikluskasvatuse-koolitused\/taiendkoolitus-pohikooli-opilastele\/\" \/>\n<meta property=\"og:site_name\" content=\"Autos\u00f5it\" \/>\n<meta name=\"twitter:card\" content=\"summary_large_image\" \/>\n<script type=\"application\/ld+json\" class=\"yoast-schema-graph\">{\"@context\":\"https:\/\/schema.org\",\"@graph\":[{\"@type\":\"WebPage\",\"@id\":\"https:\/\/autosoit.sahradyan.com\/ru\/erikoolitused\/laste-liikluskasvatuse-koolitused\/taiendkoolitus-pohikooli-opilastele\/\",\"url\":\"https:\/\/autosoit.sahradyan.com\/ru\/erikoolitused\/laste-liikluskasvatuse-koolitused\/taiendkoolitus-pohikooli-opilastele\/\",\"name\":\"T\u00e4iendkoolitus p\u00f5hikooli \u00f5pilastele - Autos\u00f5it\",\"isPartOf\":{\"@id\":\"https:\/\/autosoit.sahradyan.com\/#website\"},\"datePublished\":\"2018-05-02T18:24:35+00:00\",\"breadcrumb\":{\"@id\":\"https:\/\/autosoit.sahradyan.com\/ru\/erikoolitused\/laste-liikluskasvatuse-koolitused\/taiendkoolitus-pohikooli-opilastele\/#breadcrumb\"},\"inLanguage\":\"ru-RU\",\"potentialAction\":[{\"@type\":\"ReadAction\",\"target\":[\"https:\/\/autosoit.sahradyan.com\/ru\/erikoolitused\/laste-liikluskasvatuse-koolitused\/taiendkoolitus-pohikooli-opilastele\/\"]}]},{\"@type\":\"BreadcrumbList\",\"@id\":\"https:\/\/autosoit.sahradyan.com\/ru\/erikoolitused\/laste-liikluskasvatuse-koolitused\/taiendkoolitus-pohikooli-opilastele\/#breadcrumb\",\"itemListElement\":[{\"@type\":\"ListItem\",\"position\":1,\"name\":\"Home\",\"item\":\"https:\/\/autosoit.sahradyan.com\/ru\/\"},{\"@type\":\"ListItem\",\"position\":2,\"name\":\"\u0421\u043f\u0435\u0446\u0438\u0430\u043b\u044c\u043d\u044b\u0435 \u043a\u0443\u0440\u0441\u044b\",\"item\":\"https:\/\/autosoit.sahradyan.com\/ru\/erikoolitused\/\"},{\"@type\":\"ListItem\",\"position\":3,\"name\":\"\u041e\u0431\u0443\u0447\u0435\u043d\u0438\u0435 \u0434\u0435\u0442\u0435\u0439 \u043f\u0440\u0430\u0432\u0438\u043b\u0430\u043c \u0434\u043e\u0440\u043e\u0436\u043d\u043e\u0433\u043e \u0434\u0432\u0438\u0436\u0435\u043d\u0438\u044f\",\"item\":\"https:\/\/autosoit.sahradyan.com\/ru\/erikoolitused\/laste-liikluskasvatuse-koolitused\/\"},{\"@type\":\"ListItem\",\"position\":4,\"name\":\"T\u00e4iendkoolitus p\u00f5hikooli \u00f5pilastele\"}]},{\"@type\":\"WebSite\",\"@id\":\"https:\/\/autosoit.sahradyan.com\/#website\",\"url\":\"https:\/\/autosoit.sahradyan.com\/\",\"name\":\"Autos\u00f5it\",\"description\":\"Ohutu s\u00f5idu kool\",\"potentialAction\":[{\"@type\":\"SearchAction\",\"target\":{\"@type\":\"EntryPoint\",\"urlTemplate\":\"https:\/\/autosoit.sahradyan.com\/?s={search_term_string}\"},\"query-input\":{\"@type\":\"PropertyValueSpecification\",\"valueRequired\":true,\"valueName\":\"search_term_string\"}}],\"inLanguage\":\"ru-RU\"}]}<\/script>\n<!-- \/ Yoast SEO plugin. -->","yoast_head_json":{"title":"T\u00e4iendkoolitus p\u00f5hikooli \u00f5pilastele - Autos\u00f5it","robots":{"index":"noindex","follow":"follow","max-snippet":"max-snippet:-1","max-image-preview":"max-image-preview:large","max-video-preview":"max-video-preview:-1"},"og_locale":"ru_RU","og_type":"article","og_title":"T\u00e4iendkoolitus p\u00f5hikooli \u00f5pilastele - Autos\u00f5it","og_url":"https:\/\/autosoit.sahradyan.com\/ru\/erikoolitused\/laste-liikluskasvatuse-koolitused\/taiendkoolitus-pohikooli-opilastele\/","og_site_name":"Autos\u00f5it","twitter_card":"summary_large_image","schema":{"@context":"https:\/\/schema.org","@graph":[{"@type":"WebPage","@id":"https:\/\/autosoit.sahradyan.com\/ru\/erikoolitused\/laste-liikluskasvatuse-koolitused\/taiendkoolitus-pohikooli-opilastele\/","url":"https:\/\/autosoit.sahradyan.com\/ru\/erikoolitused\/laste-liikluskasvatuse-koolitused\/taiendkoolitus-pohikooli-opilastele\/","name":"T\u00e4iendkoolitus p\u00f5hikooli \u00f5pilastele - Autos\u00f5it","isPartOf":{"@id":"https:\/\/autosoit.sahradyan.com\/#website"},"datePublished":"2018-05-02T18:24:35+00:00","breadcrumb":{"@id":"https:\/\/autosoit.sahradyan.com\/ru\/erikoolitused\/laste-liikluskasvatuse-koolitused\/taiendkoolitus-pohikooli-opilastele\/#breadcrumb"},"inLanguage":"ru-RU","potentialAction":[{"@type":"ReadAction","target":["https:\/\/autosoit.sahradyan.com\/ru\/erikoolitused\/laste-liikluskasvatuse-koolitused\/taiendkoolitus-pohikooli-opilastele\/"]}]},{"@type":"BreadcrumbList","@id":"https:\/\/autosoit.sahradyan.com\/ru\/erikoolitused\/laste-liikluskasvatuse-koolitused\/taiendkoolitus-pohikooli-opilastele\/#breadcrumb","itemListElement":[{"@type":"ListItem","position":1,"name":"Home","item":"https:\/\/autosoit.sahradyan.com\/ru\/"},{"@type":"ListItem","position":2,"name":"\u0421\u043f\u0435\u0446\u0438\u0430\u043b\u044c\u043d\u044b\u0435 \u043a\u0443\u0440\u0441\u044b","item":"https:\/\/autosoit.sahradyan.com\/ru\/erikoolitused\/"},{"@type":"ListItem","position":3,"name":"\u041e\u0431\u0443\u0447\u0435\u043d\u0438\u0435 \u0434\u0435\u0442\u0435\u0439 \u043f\u0440\u0430\u0432\u0438\u043b\u0430\u043c \u0434\u043e\u0440\u043e\u0436\u043d\u043e\u0433\u043e \u0434\u0432\u0438\u0436\u0435\u043d\u0438\u044f","item":"https:\/\/autosoit.sahradyan.com\/ru\/erikoolitused\/laste-liikluskasvatuse-koolitused\/"},{"@type":"ListItem","position":4,"name":"T\u00e4iendkoolitus p\u00f5hikooli \u00f5pilastele"}]},{"@type":"WebSite","@id":"https:\/\/autosoit.sahradyan.com\/#website","url":"https:\/\/autosoit.sahradyan.com\/","name":"Autos\u00f5it","description":"Ohutu s\u00f5idu kool","potentialAction":[{"@type":"SearchAction","target":{"@type":"EntryPoint","urlTemplate":"https:\/\/autosoit.sahradyan.com\/?s={search_term_string}"},"query-input":{"@type":"PropertyValueSpecification","valueRequired":true,"valueName":"search_term_string"}}],"inLanguage":"ru-RU"}]}},"_links":{"self":[{"href":"https:\/\/autosoit.sahradyan.com\/ru\/wp-json\/wp\/v2\/pages\/2610","targetHints":{"allow":["GET"]}}],"collection":[{"href":"https:\/\/autosoit.sahradyan.com\/ru\/wp-json\/wp\/v2\/pages"}],"about":[{"href":"https:\/\/autosoit.sahradyan.com\/ru\/wp-json\/wp\/v2\/types\/page"}],"author":[{"embeddable":true,"href":"https:\/\/autosoit.sahradyan.com\/ru\/wp-json\/wp\/v2\/users\/9"}],"replies":[{"embeddable":true,"href":"https:\/\/autosoit.sahradyan.com\/ru\/wp-json\/wp\/v2\/comments?post=2610"}],"version-history":[{"count":0,"href":"https:\/\/autosoit.sahradyan.com\/ru\/wp-json\/wp\/v2\/pages\/2610\/revisions"}],"up":[{"embeddable":true,"href":"https:\/\/autosoit.sahradyan.com\/ru\/wp-json\/wp\/v2\/pages\/2508"}],"wp:attachment":[{"href":"https:\/\/autosoit.sahradyan.com\/ru\/wp-json\/wp\/v2\/media?parent=2610"}],"curies":[{"name":"wp","href":"https:\/\/api.w.org\/{rel}","templated":true}]}}