{"id":2566,"date":"2018-05-02T17:44:18","date_gmt":"2018-05-02T17:44:18","guid":{"rendered":"https:\/\/autosoit.ee\/ru\/?page_id=2566"},"modified":"2019-02-15T14:44:37","modified_gmt":"2019-02-15T12:44:37","slug":"liiklusohutusealane-loeng-pohikooli-opilastele","status":"publish","type":"page","link":"https:\/\/autosoit.sahradyan.com\/ru\/erikoolitused\/laste-liikluskasvatuse-koolitused\/koolitused-pohikooliopilastele\/liiklusohutusealane-loeng-pohikooli-opilastele\/","title":{"rendered":"\u041b\u0435\u043a\u0446\u0438\u0438 \u043e \u0431\u0435\u0437\u043e\u043f\u0430\u0441\u043d\u043e\u0441\u0442\u0438 \u0434\u043e\u0440\u043e\u0436\u043d\u043e\u0433\u043e \u0434\u0432\u0438\u0436\u0435\u043d\u0438\u044f \u0434\u043b\u044f \u0434\u0435\u0442\u0435\u0439 \u043e\u0441\u043d\u043e\u0432\u043d\u044b\u0445 \u0448\u043a\u043e\u043b"},"content":{"rendered":"<div class=\"wpb-content-wrapper\"><section class=\"l-section wpb_row height_medium\"><div class=\"l-section-h i-cf\"><div class=\"g-cols vc_row type_default valign_top\"><div class=\"vc_col-sm-12 wpb_column vc_column_container\"><div class=\"vc_column-inner\"><div class=\"wpb_wrapper\"><div class=\"g-cols wpb_row type_default valign_top vc_inner \"><div class=\"vc_col-sm-6 wpb_column vc_column_container\"><div class=\"vc_column-inner\"><div class=\"wpb_wrapper\">\n\t<div class=\"wpb_text_column \">\n\t\t<div class=\"wpb_wrapper\">\n\t\t\t<p><strong>Koolituse pikkus:<\/strong>\u00a02 \u00f5ppetundi<br \/>\n<strong>Grupi suurus<\/strong>\u00a0kuni 30 \u00f5pilast<\/p>\n<p>P\u00f5hikooli viimaste klasside \u00f5pilased on oma arengus saavutanud iseseisvuse millega kaasnevad koosviibimised eakaaslastega. Selliste kogunemiste raames tehakse tihti &#8220;tegusid&#8221; mis liiklusohutuse seisukohalt ei ole \u00f5iged. Kuna t\u00e4nane hetkeolukord v\u00f5imaldab kergesti ligip\u00e4\u00e4seda erinevatele mootors\u00f5idukitele, mopeedid, rollerid, mootorrattad ja vanemate autod, siis tekib noortel huvi neid s\u00f5iduriistu kasutada ja oma ego l\u00e4bi nende oma eakaaslaste ees t\u00f5sta. Eriti ohtlikuks muutub olukord, kui m\u00e4ngu tuleb alkohol v\u00f5i muud m\u00f5nuained.<\/p>\n<p>Sagenenud on just sellises vanuses noorukite poolt sooritatud liiklus\u00f5nnetused ja ka hukkunute arv liiklus\u00f5nnetuses juhina v\u00f5i reisijana on vanuseliselt oluliselt noorenenud.<\/p>\n<p>Koolitusega teavitatakse juba hetkel riskir\u00fchmas olevaid v\u00f5i peagi sinna j\u00f5udvaid noori. Loengus k\u00e4sitletakse enimlevinud ohte (alkohol, kiirus, juhtimisoskus, enesehinnang juhina), mis kaasnevad s\u00f5idukijuhtimisega.<\/p>\n\n\t\t<\/div>\n\t<\/div>\n<\/div><\/div><\/div><div class=\"vc_col-sm-6 wpb_column vc_column_container\"><div class=\"vc_column-inner\"><div class=\"wpb_wrapper\">\n\t<div class=\"wpb_text_column \">\n\t\t<div class=\"wpb_wrapper\">\n\t\t\t<p>&nbsp;<\/p>\n<p>Lisaks k\u00e4sitletakse \u00fcldiseid liiklusohutusalaseid teemasid ja k\u00fcsimusi, nn. kiiruse m\u00f5ju reageerimis-, pidurdus- ja peatumisteekondadele ning j\u00e4\u00e4kkiirusele.<\/p>\n<p>Kuidas reisijana on v\u00f5imalik lisada passiivset turvalisust s\u00f5idukis ning millele p\u00f6\u00f6rata veel t\u00e4helepanu liikluskeerises ellu j\u00e4\u00e4miseks. Koolituse k\u00e4igus anal\u00fc\u00fcsitakse reaalselt toimunud liiklus\u00f5nnetusi, nende v\u00f5imalikke tekkep\u00f5hjuseid ja \u00fcritatakse leida v\u00f5imalusi, kuidas oleks olnud v\u00f5imalik analoogseid \u00f5nnetusi \u00e4ra hoida.<\/p>\n\n\t\t<\/div>\n\t<\/div>\n\n\t<div class=\"wpb_text_column \">\n\t\t<div class=\"wpb_wrapper\">\n\t\t\t<p><strong>Koolituse l\u00f5petanu:<\/strong><\/p>\n\n\t\t<\/div>\n\t<\/div>\n<div class=\"uavc-list-icon uavc-list-icon-wrapper ult-adjust-bottom-margin   \"><ul class=\"uavc-list\"><li><div class=\"uavc-list-content\" id=\"list-icon-wrap-3471\">\n<div class=\"uavc-list-icon  \" data-animation=\"\" data-animation-delay=\"03\" style=\"margin-right:10px;\"><div class=\"ult-just-icon-wrapper  \"><div class=\"align-icon\" style=\"text-align:center;\">\n<div class=\"aio-icon none \"  style=\"color:#6de544;font-size:18px;display:inline-block;\">\n\t<i class=\"Defaults-check\"><\/i>\n<\/div><\/div><\/div>\n<\/div><span  data-ultimate-target='#list-icon-wrap-3471 .uavc-list-desc'  data-responsive-json-new='{\"font-size\":\"\",\"line-height\":\"\"}'  class=\"uavc-list-desc ult-responsive\" style=\"\">teab liikluses enimlevinud ohtusid<\/span><\/div><\/li><li><div class=\"uavc-list-content\" id=\"list-icon-wrap-9114\">\n<div class=\"uavc-list-icon  \" data-animation=\"\" data-animation-delay=\"03\" style=\"margin-right:10px;\"><div class=\"ult-just-icon-wrapper  \"><div class=\"align-icon\" style=\"text-align:center;\">\n<div class=\"aio-icon none \"  style=\"color:#6de544;font-size:18px;display:inline-block;\">\n\t<i class=\"Defaults-check\"><\/i>\n<\/div><\/div><\/div>\n<\/div><span  data-ultimate-target='#list-icon-wrap-9114 .uavc-list-desc'  data-responsive-json-new='{\"font-size\":\"\",\"line-height\":\"\"}'  class=\"uavc-list-desc ult-responsive\" style=\"\">teab, et pidurdus- ja peatumisteekonna pikkus s\u00f5ltub s\u00f5iduki kiirusest, tee- ja ilmastikuoludest (vihm, lumi, j\u00e4\u00e4);<\/span><\/div><\/li><li><div class=\"uavc-list-content\" id=\"list-icon-wrap-1765\">\n<div class=\"uavc-list-icon  \" data-animation=\"\" data-animation-delay=\"03\" style=\"margin-right:10px;\"><div class=\"ult-just-icon-wrapper  \"><div class=\"align-icon\" style=\"text-align:center;\">\n<div class=\"aio-icon none \"  style=\"color:#6de544;font-size:18px;display:inline-block;\">\n\t<i class=\"Defaults-check\"><\/i>\n<\/div><\/div><\/div>\n<\/div><span  data-ultimate-target='#list-icon-wrap-1765 .uavc-list-desc'  data-responsive-json-new='{\"font-size\":\"\",\"line-height\":\"\"}'  class=\"uavc-list-desc ult-responsive\" style=\"\">teab, kuidas k\u00e4ituda reisijana<\/span><\/div><\/li><\/ul><\/div><\/div><\/div><\/div><\/div><\/div><\/div><\/div><\/div><\/div><\/section><section class=\"l-section wpb_row height_medium\"><div class=\"l-section-h i-cf\"><div class=\"g-cols vc_row type_default valign_top\"><div class=\"vc_col-sm-12 wpb_column vc_column_container\"><div class=\"vc_column-inner  vc_custom_1516357020129\"><div class=\"wpb_wrapper\"><div class=\"g-cols wpb_row type_boxes valign_top vc_inner  vc_custom_1521063624290\"><div class=\"vc_col-sm-6 wpb_column vc_column_container has-fill\"><div class=\"vc_column-inner  vc_custom_1521063592818\"><div class=\"wpb_wrapper\">\n\t<div class=\"wpb_text_column \">\n\t\t<div class=\"wpb_wrapper\">\n\t\t\t<p>Kui sul on soov pakkuda lastele midagi liiklusest, siis p\u00f6\u00f6rdu julgelt \u2013 k\u00f5ik on v\u00f5imalik!<\/p>\n\n\t\t<\/div>\n\t<\/div>\n<div class=\" ubtn-ctn-left btn-nomargin registreeri-koolitusele\"><a class=\"ubtn-link ult-adjust-bottom-margin ubtn-left ubtn-mini btn-nomargin registreeri-koolitusele\" href=\"\/ajakava-ja-hinnad\/\" ><button type=\"button\" id=\"ubtn-3101\"  class=\"ubtn ult-adjust-bottom-margin ult-responsive ubtn-mini ubtn-no-hover-bg  none  ubtn-left   tooltip-69e006b1061b4\"  data-hover=\"#ffffff\" data-border-color=\"#0a0a0a\" data-bg=\"\" data-hover-bg=\"#0a0a0a\" data-border-hover=\"#0a0a0a\" data-shadow-hover=\"\" data-shadow-click=\"none\" data-shadow=\"\" data-shd-shadow=\"\"  data-ultimate-target='#ubtn-3101'  data-responsive-json-new='{\"font-size\":\"\",\"line-height\":\"\"}'  style=\"font-weight:normal;border-radius:3px;border-width:1px;border-color:#0a0a0a;border-style:solid;color: #000000;\"><span class=\"ubtn-hover\" style=\"background-color:#0a0a0a\"><\/span><span class=\"ubtn-data ubtn-text \" > REGISTREERI KOOLITUSELE<\/span><\/button><\/a><\/div><\/div><\/div><\/div><div class=\"vc_col-sm-6 wpb_column vc_column_container has-fill\"><div class=\"vc_column-inner  vc_custom_1521063605213\"><div class=\"wpb_wrapper\">\n\t<div class=\"wpb_text_column \">\n\t\t<div class=\"wpb_wrapper\">\n\t\t\t<p><b>Helista ja k\u00fcsi lisa!<\/b><\/p>\n\n\t\t<\/div>\n\t<\/div>\n\n\t<div class=\"wpb_text_column \">\n\t\t<div class=\"wpb_wrapper\">\n\t\t\t<p>Info\u00a0 ja registreerumine<br \/>\ntel. <a href=\"tel:53008809\"><span class=\"s1\">53008809<\/span><\/a><br \/>\n<a href=\"mailto:toomas.alekors@autosoit.ee\"><span class=\"s1\">toomas.alekors@autosoit.ee<\/span><\/a>.<\/p>\n\n\t\t<\/div>\n\t<\/div>\n<\/div><\/div><\/div><\/div><\/div><\/div><\/div><\/div><\/div><\/section><section class=\"l-section wpb_row height_medium\"><div class=\"l-section-h i-cf\"><div class=\"g-cols vc_row type_default valign_top\"><div class=\"vc_col-sm-12 wpb_column vc_column_container\"><div class=\"vc_column-inner  vc_custom_1516357020129\"><div class=\"wpb_wrapper\"><\/div><\/div><\/div><\/div><\/div><\/section>\n<\/div>","protected":false},"excerpt":{"rendered":"Koolituse pikkus:\u00a02 \u00f5ppetundi Grupi suurus\u00a0kuni 30 \u00f5pilast P\u00f5hikooli viimaste klasside \u00f5pilased on oma arengus saavutanud iseseisvuse millega kaasnevad koosviibimised eakaaslastega....","protected":false},"author":9,"featured_media":0,"parent":2562,"menu_order":0,"comment_status":"closed","ping_status":"closed","template":"","meta":{"footnotes":""},"class_list":["post-2566","page","type-page","status-publish","hentry"],"yoast_head":"<!-- This site is optimized with the Yoast SEO plugin v25.6 - https:\/\/yoast.com\/wordpress\/plugins\/seo\/ -->\n<title>\u041b\u0435\u043a\u0446\u0438\u0438 \u043e \u0431\u0435\u0437\u043e\u043f\u0430\u0441\u043d\u043e\u0441\u0442\u0438 \u0434\u043e\u0440\u043e\u0436\u043d\u043e\u0433\u043e \u0434\u0432\u0438\u0436\u0435\u043d\u0438\u044f \u0434\u043b\u044f \u0434\u0435\u0442\u0435\u0439 \u043e\u0441\u043d\u043e\u0432\u043d\u044b\u0445 \u0448\u043a\u043e\u043b - Autos\u00f5it<\/title>\n<meta name=\"robots\" content=\"noindex, follow, max-snippet:-1, max-image-preview:large, max-video-preview:-1\" \/>\n<meta property=\"og:locale\" content=\"ru_RU\" \/>\n<meta property=\"og:type\" content=\"article\" \/>\n<meta property=\"og:title\" content=\"\u041b\u0435\u043a\u0446\u0438\u0438 \u043e \u0431\u0435\u0437\u043e\u043f\u0430\u0441\u043d\u043e\u0441\u0442\u0438 \u0434\u043e\u0440\u043e\u0436\u043d\u043e\u0433\u043e \u0434\u0432\u0438\u0436\u0435\u043d\u0438\u044f \u0434\u043b\u044f \u0434\u0435\u0442\u0435\u0439 \u043e\u0441\u043d\u043e\u0432\u043d\u044b\u0445 \u0448\u043a\u043e\u043b - Autos\u00f5it\" \/>\n<meta property=\"og:url\" content=\"https:\/\/autosoit.sahradyan.com\/ru\/erikoolitused\/laste-liikluskasvatuse-koolitused\/koolitused-pohikooliopilastele\/liiklusohutusealane-loeng-pohikooli-opilastele\/\" \/>\n<meta property=\"og:site_name\" content=\"Autos\u00f5it\" \/>\n<meta property=\"article:modified_time\" content=\"2019-02-15T12:44:37+00:00\" \/>\n<meta name=\"twitter:card\" content=\"summary_large_image\" \/>\n<meta name=\"twitter:label1\" content=\"Est. reading time\" \/>\n\t<meta name=\"twitter:data1\" content=\"3 minutes\" \/>\n<script type=\"application\/ld+json\" class=\"yoast-schema-graph\">{\"@context\":\"https:\/\/schema.org\",\"@graph\":[{\"@type\":\"WebPage\",\"@id\":\"https:\/\/autosoit.sahradyan.com\/ru\/erikoolitused\/laste-liikluskasvatuse-koolitused\/koolitused-pohikooliopilastele\/liiklusohutusealane-loeng-pohikooli-opilastele\/\",\"url\":\"https:\/\/autosoit.sahradyan.com\/ru\/erikoolitused\/laste-liikluskasvatuse-koolitused\/koolitused-pohikooliopilastele\/liiklusohutusealane-loeng-pohikooli-opilastele\/\",\"name\":\"\u041b\u0435\u043a\u0446\u0438\u0438 \u043e \u0431\u0435\u0437\u043e\u043f\u0430\u0441\u043d\u043e\u0441\u0442\u0438 \u0434\u043e\u0440\u043e\u0436\u043d\u043e\u0433\u043e \u0434\u0432\u0438\u0436\u0435\u043d\u0438\u044f \u0434\u043b\u044f \u0434\u0435\u0442\u0435\u0439 \u043e\u0441\u043d\u043e\u0432\u043d\u044b\u0445 \u0448\u043a\u043e\u043b - Autos\u00f5it\",\"isPartOf\":{\"@id\":\"https:\/\/autosoit.sahradyan.com\/#website\"},\"datePublished\":\"2018-05-02T17:44:18+00:00\",\"dateModified\":\"2019-02-15T12:44:37+00:00\",\"breadcrumb\":{\"@id\":\"https:\/\/autosoit.sahradyan.com\/ru\/erikoolitused\/laste-liikluskasvatuse-koolitused\/koolitused-pohikooliopilastele\/liiklusohutusealane-loeng-pohikooli-opilastele\/#breadcrumb\"},\"inLanguage\":\"ru-RU\",\"potentialAction\":[{\"@type\":\"ReadAction\",\"target\":[\"https:\/\/autosoit.sahradyan.com\/ru\/erikoolitused\/laste-liikluskasvatuse-koolitused\/koolitused-pohikooliopilastele\/liiklusohutusealane-loeng-pohikooli-opilastele\/\"]}]},{\"@type\":\"BreadcrumbList\",\"@id\":\"https:\/\/autosoit.sahradyan.com\/ru\/erikoolitused\/laste-liikluskasvatuse-koolitused\/koolitused-pohikooliopilastele\/liiklusohutusealane-loeng-pohikooli-opilastele\/#breadcrumb\",\"itemListElement\":[{\"@type\":\"ListItem\",\"position\":1,\"name\":\"Home\",\"item\":\"https:\/\/autosoit.sahradyan.com\/ru\/\"},{\"@type\":\"ListItem\",\"position\":2,\"name\":\"\u0421\u043f\u0435\u0446\u0438\u0430\u043b\u044c\u043d\u044b\u0435 \u043a\u0443\u0440\u0441\u044b\",\"item\":\"https:\/\/autosoit.sahradyan.com\/ru\/erikoolitused\/\"},{\"@type\":\"ListItem\",\"position\":3,\"name\":\"\u041e\u0431\u0443\u0447\u0435\u043d\u0438\u0435 \u0434\u0435\u0442\u0435\u0439 \u043f\u0440\u0430\u0432\u0438\u043b\u0430\u043c \u0434\u043e\u0440\u043e\u0436\u043d\u043e\u0433\u043e \u0434\u0432\u0438\u0436\u0435\u043d\u0438\u044f\",\"item\":\"https:\/\/autosoit.sahradyan.com\/ru\/erikoolitused\/laste-liikluskasvatuse-koolitused\/\"},{\"@type\":\"ListItem\",\"position\":4,\"name\":\"Koolitused p\u00f5hikooli\u00f5pilastele\",\"item\":\"https:\/\/autosoit.sahradyan.com\/ru\/erikoolitused\/laste-liikluskasvatuse-koolitused\/koolitused-pohikooliopilastele\/\"},{\"@type\":\"ListItem\",\"position\":5,\"name\":\"\u041b\u0435\u043a\u0446\u0438\u0438 \u043e \u0431\u0435\u0437\u043e\u043f\u0430\u0441\u043d\u043e\u0441\u0442\u0438 \u0434\u043e\u0440\u043e\u0436\u043d\u043e\u0433\u043e \u0434\u0432\u0438\u0436\u0435\u043d\u0438\u044f \u0434\u043b\u044f \u0434\u0435\u0442\u0435\u0439 \u043e\u0441\u043d\u043e\u0432\u043d\u044b\u0445 \u0448\u043a\u043e\u043b\"}]},{\"@type\":\"WebSite\",\"@id\":\"https:\/\/autosoit.sahradyan.com\/#website\",\"url\":\"https:\/\/autosoit.sahradyan.com\/\",\"name\":\"Autos\u00f5it\",\"description\":\"Ohutu s\u00f5idu kool\",\"potentialAction\":[{\"@type\":\"SearchAction\",\"target\":{\"@type\":\"EntryPoint\",\"urlTemplate\":\"https:\/\/autosoit.sahradyan.com\/?s={search_term_string}\"},\"query-input\":{\"@type\":\"PropertyValueSpecification\",\"valueRequired\":true,\"valueName\":\"search_term_string\"}}],\"inLanguage\":\"ru-RU\"}]}<\/script>\n<!-- \/ Yoast SEO plugin. -->","yoast_head_json":{"title":"\u041b\u0435\u043a\u0446\u0438\u0438 \u043e \u0431\u0435\u0437\u043e\u043f\u0430\u0441\u043d\u043e\u0441\u0442\u0438 \u0434\u043e\u0440\u043e\u0436\u043d\u043e\u0433\u043e \u0434\u0432\u0438\u0436\u0435\u043d\u0438\u044f \u0434\u043b\u044f \u0434\u0435\u0442\u0435\u0439 \u043e\u0441\u043d\u043e\u0432\u043d\u044b\u0445 \u0448\u043a\u043e\u043b - Autos\u00f5it","robots":{"index":"noindex","follow":"follow","max-snippet":"max-snippet:-1","max-image-preview":"max-image-preview:large","max-video-preview":"max-video-preview:-1"},"og_locale":"ru_RU","og_type":"article","og_title":"\u041b\u0435\u043a\u0446\u0438\u0438 \u043e \u0431\u0435\u0437\u043e\u043f\u0430\u0441\u043d\u043e\u0441\u0442\u0438 \u0434\u043e\u0440\u043e\u0436\u043d\u043e\u0433\u043e \u0434\u0432\u0438\u0436\u0435\u043d\u0438\u044f \u0434\u043b\u044f \u0434\u0435\u0442\u0435\u0439 \u043e\u0441\u043d\u043e\u0432\u043d\u044b\u0445 \u0448\u043a\u043e\u043b - Autos\u00f5it","og_url":"https:\/\/autosoit.sahradyan.com\/ru\/erikoolitused\/laste-liikluskasvatuse-koolitused\/koolitused-pohikooliopilastele\/liiklusohutusealane-loeng-pohikooli-opilastele\/","og_site_name":"Autos\u00f5it","article_modified_time":"2019-02-15T12:44:37+00:00","twitter_card":"summary_large_image","twitter_misc":{"Est. reading time":"3 minutes"},"schema":{"@context":"https:\/\/schema.org","@graph":[{"@type":"WebPage","@id":"https:\/\/autosoit.sahradyan.com\/ru\/erikoolitused\/laste-liikluskasvatuse-koolitused\/koolitused-pohikooliopilastele\/liiklusohutusealane-loeng-pohikooli-opilastele\/","url":"https:\/\/autosoit.sahradyan.com\/ru\/erikoolitused\/laste-liikluskasvatuse-koolitused\/koolitused-pohikooliopilastele\/liiklusohutusealane-loeng-pohikooli-opilastele\/","name":"\u041b\u0435\u043a\u0446\u0438\u0438 \u043e \u0431\u0435\u0437\u043e\u043f\u0430\u0441\u043d\u043e\u0441\u0442\u0438 \u0434\u043e\u0440\u043e\u0436\u043d\u043e\u0433\u043e \u0434\u0432\u0438\u0436\u0435\u043d\u0438\u044f \u0434\u043b\u044f \u0434\u0435\u0442\u0435\u0439 \u043e\u0441\u043d\u043e\u0432\u043d\u044b\u0445 \u0448\u043a\u043e\u043b - Autos\u00f5it","isPartOf":{"@id":"https:\/\/autosoit.sahradyan.com\/#website"},"datePublished":"2018-05-02T17:44:18+00:00","dateModified":"2019-02-15T12:44:37+00:00","breadcrumb":{"@id":"https:\/\/autosoit.sahradyan.com\/ru\/erikoolitused\/laste-liikluskasvatuse-koolitused\/koolitused-pohikooliopilastele\/liiklusohutusealane-loeng-pohikooli-opilastele\/#breadcrumb"},"inLanguage":"ru-RU","potentialAction":[{"@type":"ReadAction","target":["https:\/\/autosoit.sahradyan.com\/ru\/erikoolitused\/laste-liikluskasvatuse-koolitused\/koolitused-pohikooliopilastele\/liiklusohutusealane-loeng-pohikooli-opilastele\/"]}]},{"@type":"BreadcrumbList","@id":"https:\/\/autosoit.sahradyan.com\/ru\/erikoolitused\/laste-liikluskasvatuse-koolitused\/koolitused-pohikooliopilastele\/liiklusohutusealane-loeng-pohikooli-opilastele\/#breadcrumb","itemListElement":[{"@type":"ListItem","position":1,"name":"Home","item":"https:\/\/autosoit.sahradyan.com\/ru\/"},{"@type":"ListItem","position":2,"name":"\u0421\u043f\u0435\u0446\u0438\u0430\u043b\u044c\u043d\u044b\u0435 \u043a\u0443\u0440\u0441\u044b","item":"https:\/\/autosoit.sahradyan.com\/ru\/erikoolitused\/"},{"@type":"ListItem","position":3,"name":"\u041e\u0431\u0443\u0447\u0435\u043d\u0438\u0435 \u0434\u0435\u0442\u0435\u0439 \u043f\u0440\u0430\u0432\u0438\u043b\u0430\u043c \u0434\u043e\u0440\u043e\u0436\u043d\u043e\u0433\u043e \u0434\u0432\u0438\u0436\u0435\u043d\u0438\u044f","item":"https:\/\/autosoit.sahradyan.com\/ru\/erikoolitused\/laste-liikluskasvatuse-koolitused\/"},{"@type":"ListItem","position":4,"name":"Koolitused p\u00f5hikooli\u00f5pilastele","item":"https:\/\/autosoit.sahradyan.com\/ru\/erikoolitused\/laste-liikluskasvatuse-koolitused\/koolitused-pohikooliopilastele\/"},{"@type":"ListItem","position":5,"name":"\u041b\u0435\u043a\u0446\u0438\u0438 \u043e \u0431\u0435\u0437\u043e\u043f\u0430\u0441\u043d\u043e\u0441\u0442\u0438 \u0434\u043e\u0440\u043e\u0436\u043d\u043e\u0433\u043e \u0434\u0432\u0438\u0436\u0435\u043d\u0438\u044f \u0434\u043b\u044f \u0434\u0435\u0442\u0435\u0439 \u043e\u0441\u043d\u043e\u0432\u043d\u044b\u0445 \u0448\u043a\u043e\u043b"}]},{"@type":"WebSite","@id":"https:\/\/autosoit.sahradyan.com\/#website","url":"https:\/\/autosoit.sahradyan.com\/","name":"Autos\u00f5it","description":"Ohutu s\u00f5idu kool","potentialAction":[{"@type":"SearchAction","target":{"@type":"EntryPoint","urlTemplate":"https:\/\/autosoit.sahradyan.com\/?s={search_term_string}"},"query-input":{"@type":"PropertyValueSpecification","valueRequired":true,"valueName":"search_term_string"}}],"inLanguage":"ru-RU"}]}},"_links":{"self":[{"href":"https:\/\/autosoit.sahradyan.com\/ru\/wp-json\/wp\/v2\/pages\/2566","targetHints":{"allow":["GET"]}}],"collection":[{"href":"https:\/\/autosoit.sahradyan.com\/ru\/wp-json\/wp\/v2\/pages"}],"about":[{"href":"https:\/\/autosoit.sahradyan.com\/ru\/wp-json\/wp\/v2\/types\/page"}],"author":[{"embeddable":true,"href":"https:\/\/autosoit.sahradyan.com\/ru\/wp-json\/wp\/v2\/users\/9"}],"replies":[{"embeddable":true,"href":"https:\/\/autosoit.sahradyan.com\/ru\/wp-json\/wp\/v2\/comments?post=2566"}],"version-history":[{"count":0,"href":"https:\/\/autosoit.sahradyan.com\/ru\/wp-json\/wp\/v2\/pages\/2566\/revisions"}],"up":[{"embeddable":true,"href":"https:\/\/autosoit.sahradyan.com\/ru\/wp-json\/wp\/v2\/pages\/2562"}],"wp:attachment":[{"href":"https:\/\/autosoit.sahradyan.com\/ru\/wp-json\/wp\/v2\/media?parent=2566"}],"curies":[{"name":"wp","href":"https:\/\/api.w.org\/{rel}","templated":true}]}}