{"id":2554,"date":"2018-05-02T17:43:58","date_gmt":"2018-05-02T17:43:58","guid":{"rendered":"https:\/\/autosoit.ee\/ru\/?page_id=2554"},"modified":"2019-02-15T15:12:48","modified_gmt":"2019-02-15T13:12:48","slug":"algkooliopetaja-liiklusohutuskoolitus","status":"publish","type":"page","link":"https:\/\/autosoit.sahradyan.com\/ru\/erikoolitused\/laste-liikluskasvatuse-koolitused\/koolitused-opetajatele\/algkooliopetaja-liiklusohutuskoolitus\/","title":{"rendered":"\u041a\u0443\u0440\u0441\u044b \u0431\u0435\u0437\u043e\u043f\u0430\u0441\u043d\u043e\u0441\u0442\u0438 \u0434\u043e\u0440\u043e\u0436\u043d\u043e\u0433\u043e \u0434\u0432\u0438\u0436\u0435\u043d\u0438\u044f \u0434\u043b\u044f \u043f\u0440\u0435\u043f\u043e\u0434\u0430\u0432\u0430\u0442\u0435\u043b\u0435\u0439 \u043d\u0430\u0447\u0430\u043b\u044c\u043d\u044b\u0445 \u0448\u043a\u043e\u043b"},"content":{"rendered":"<div class=\"wpb-content-wrapper\"><section class=\"l-section wpb_row height_medium\"><div class=\"l-section-h i-cf\"><div class=\"g-cols vc_row type_default valign_top\"><div class=\"vc_col-sm-12 wpb_column vc_column_container\"><div class=\"vc_column-inner\"><div class=\"wpb_wrapper\"><div class=\"g-cols wpb_row type_default valign_top vc_inner \"><div class=\"vc_col-sm-6 wpb_column vc_column_container\"><div class=\"vc_column-inner\"><div class=\"wpb_wrapper\">\n\t<div class=\"wpb_text_column \">\n\t\t<div class=\"wpb_wrapper\">\n\t\t\t<p><strong>Koolituse pikkus:<\/strong>\u00a03 \u00f5ppetundi<br \/>\n<strong>Grupi suurus\u00a0<\/strong>kuni 25 osalejat<\/p>\n<p>Iga eriala n\u00f5uab spetsiaalseid teadmisi ja oskusi. Algkooli \u00f5petaja on olukorras, kus ta \u00f5petab erinevaid aineid, l\u00e4bi mille luuakse baas ja antakse algteadmised tulevikuks. Analoogselt matemaatikaga ja emakeelega peab \u00f5pilane omandama ka liiklusalased teadmised.<\/p>\n<p>Antud l\u00fchikursus ongi suunatud eluliselt oluliste teadmiste \u00fclekordamiseks ja t\u00e4iendamiseks. Tihti v\u00f5ib kohata olukordi, kus ohtu k\u00fcll m\u00e4rgatakse, kuid ei suudeta seda selgeks teha lastele. Loodame et see l\u00fchikursus annab abi ja aitab tulevikus \u00e4ra hoida m\u00f5ne liiklus\u00f5nnetuse.<\/p>\n\n\t\t<\/div>\n\t<\/div>\n<\/div><\/div><\/div><div class=\"vc_col-sm-6 wpb_column vc_column_container\"><div class=\"vc_column-inner\"><div class=\"wpb_wrapper\">\n\t<div class=\"wpb_text_column \">\n\t\t<div class=\"wpb_wrapper\">\n\t\t\t<p>Koolituse k\u00e4igus k\u00e4sitleme liiklusalaseid teemasid klassiruumis nii \u00f5pilase kui s\u00f5idukijuhi seisukohalt:<\/p>\n<ul>\n<li>Lapse ja s\u00f5idukijuhi vaatev\u00e4li<\/li>\n<li>Kuidas on ise v\u00f5imalik lisada passiivset turvalisut s\u00f5idukis.<\/li>\n<li>S\u00f5idukite reageerimis-, pidurdus- ja peatumisteekonnd kokkup\u00f5rke kiirus (j\u00e4\u00e4kkiirus)<\/li>\n<li>Koolituse k\u00e4igus anal\u00fc\u00fcsitakse lastega juhtunud liiklus\u00f5nnetusi ja nende tekkep\u00f5hjuseid.<\/li>\n<\/ul>\n\n\t\t<\/div>\n\t<\/div>\n<\/div><\/div><\/div><\/div><\/div><\/div><\/div><\/div><\/div><\/section><section class=\"l-section wpb_row height_medium\"><div class=\"l-section-h i-cf\"><div class=\"g-cols vc_row type_default valign_top\"><div class=\"vc_col-sm-12 wpb_column vc_column_container\"><div class=\"vc_column-inner  vc_custom_1516357020129\"><div class=\"wpb_wrapper\"><div class=\"g-cols wpb_row type_boxes valign_top vc_inner  vc_custom_1521063624290\"><div class=\"vc_col-sm-6 wpb_column vc_column_container has-fill\"><div class=\"vc_column-inner  vc_custom_1521063592818\"><div class=\"wpb_wrapper\">\n\t<div class=\"wpb_text_column \">\n\t\t<div class=\"wpb_wrapper\">\n\t\t\t<p>Kui sul on soov pakkuda oma \u00f5petajatele\/kolleegidele midagi liiklusest, siis p\u00f6\u00f6rdu julgelt \u2013 k\u00f5ik on v\u00f5imalik!<\/p>\n\n\t\t<\/div>\n\t<\/div>\n<div class=\" ubtn-ctn-left btn-nomargin registreeri-koolitusele\"><a class=\"ubtn-link ult-adjust-bottom-margin ubtn-left ubtn-mini btn-nomargin registreeri-koolitusele\" href=\"\/ajakava-ja-hinnad\/\" ><button type=\"button\" id=\"ubtn-6242\"  class=\"ubtn ult-adjust-bottom-margin ult-responsive ubtn-mini ubtn-no-hover-bg  none  ubtn-left   tooltip-69e0088880217\"  data-hover=\"#ffffff\" data-border-color=\"#0a0a0a\" data-bg=\"\" data-hover-bg=\"#0a0a0a\" data-border-hover=\"#0a0a0a\" data-shadow-hover=\"\" data-shadow-click=\"none\" data-shadow=\"\" data-shd-shadow=\"\"  data-ultimate-target='#ubtn-6242'  data-responsive-json-new='{\"font-size\":\"\",\"line-height\":\"\"}'  style=\"font-weight:normal;border-radius:3px;border-width:1px;border-color:#0a0a0a;border-style:solid;color: #000000;\"><span class=\"ubtn-hover\" style=\"background-color:#0a0a0a\"><\/span><span class=\"ubtn-data ubtn-text \" > REGISTREERI KOOLITUSELE<\/span><\/button><\/a><\/div><\/div><\/div><\/div><div class=\"vc_col-sm-6 wpb_column vc_column_container has-fill\"><div class=\"vc_column-inner  vc_custom_1521063605213\"><div class=\"wpb_wrapper\">\n\t<div class=\"wpb_text_column \">\n\t\t<div class=\"wpb_wrapper\">\n\t\t\t<p><b>Helista ja k\u00fcsi lisa!<\/b><\/p>\n\n\t\t<\/div>\n\t<\/div>\n\n\t<div class=\"wpb_text_column \">\n\t\t<div class=\"wpb_wrapper\">\n\t\t\t<p>Info\u00a0 ja registreerumine<br \/>\ntel. <a href=\"tel:53008809\"><span class=\"s1\">53008809<\/span><\/a><br \/>\n<a href=\"mailto:toomas.alekors@autosoit.ee\"><span class=\"s1\">toomas.alekors@autosoit.ee<\/span><\/a>.<\/p>\n\n\t\t<\/div>\n\t<\/div>\n<\/div><\/div><\/div><\/div><\/div><\/div><\/div><\/div><\/div><\/section><section class=\"l-section wpb_row height_medium\"><div class=\"l-section-h i-cf\"><div class=\"g-cols vc_row type_default valign_top\"><div class=\"vc_col-sm-12 wpb_column vc_column_container\"><div class=\"vc_column-inner  vc_custom_1516357020129\"><div class=\"wpb_wrapper\"><\/div><\/div><\/div><\/div><\/div><\/section>\n<\/div>","protected":false},"excerpt":{"rendered":"Koolituse pikkus:\u00a03 \u00f5ppetundi Grupi suurus\u00a0kuni 25 osalejat Iga eriala n\u00f5uab spetsiaalseid teadmisi ja oskusi. Algkooli \u00f5petaja on olukorras, kus ta...","protected":false},"author":9,"featured_media":0,"parent":2550,"menu_order":0,"comment_status":"closed","ping_status":"closed","template":"","meta":{"footnotes":""},"class_list":["post-2554","page","type-page","status-publish","hentry"],"yoast_head":"<!-- This site is optimized with the Yoast SEO plugin v25.6 - https:\/\/yoast.com\/wordpress\/plugins\/seo\/ -->\n<title>\u041a\u0443\u0440\u0441\u044b \u0431\u0435\u0437\u043e\u043f\u0430\u0441\u043d\u043e\u0441\u0442\u0438 \u0434\u043e\u0440\u043e\u0436\u043d\u043e\u0433\u043e \u0434\u0432\u0438\u0436\u0435\u043d\u0438\u044f \u0434\u043b\u044f \u043f\u0440\u0435\u043f\u043e\u0434\u0430\u0432\u0430\u0442\u0435\u043b\u0435\u0439 \u043d\u0430\u0447\u0430\u043b\u044c\u043d\u044b\u0445 \u0448\u043a\u043e\u043b - Autos\u00f5it<\/title>\n<meta name=\"robots\" content=\"noindex, follow, max-snippet:-1, max-image-preview:large, max-video-preview:-1\" \/>\n<meta property=\"og:locale\" content=\"ru_RU\" \/>\n<meta property=\"og:type\" content=\"article\" \/>\n<meta property=\"og:title\" content=\"\u041a\u0443\u0440\u0441\u044b \u0431\u0435\u0437\u043e\u043f\u0430\u0441\u043d\u043e\u0441\u0442\u0438 \u0434\u043e\u0440\u043e\u0436\u043d\u043e\u0433\u043e \u0434\u0432\u0438\u0436\u0435\u043d\u0438\u044f \u0434\u043b\u044f \u043f\u0440\u0435\u043f\u043e\u0434\u0430\u0432\u0430\u0442\u0435\u043b\u0435\u0439 \u043d\u0430\u0447\u0430\u043b\u044c\u043d\u044b\u0445 \u0448\u043a\u043e\u043b - Autos\u00f5it\" \/>\n<meta property=\"og:url\" content=\"https:\/\/autosoit.sahradyan.com\/ru\/erikoolitused\/laste-liikluskasvatuse-koolitused\/koolitused-opetajatele\/algkooliopetaja-liiklusohutuskoolitus\/\" \/>\n<meta property=\"og:site_name\" content=\"Autos\u00f5it\" \/>\n<meta property=\"article:modified_time\" content=\"2019-02-15T13:12:48+00:00\" \/>\n<meta name=\"twitter:card\" content=\"summary_large_image\" \/>\n<meta name=\"twitter:label1\" content=\"Est. reading time\" \/>\n\t<meta name=\"twitter:data1\" content=\"2 minutes\" \/>\n<script type=\"application\/ld+json\" class=\"yoast-schema-graph\">{\"@context\":\"https:\/\/schema.org\",\"@graph\":[{\"@type\":\"WebPage\",\"@id\":\"https:\/\/autosoit.sahradyan.com\/ru\/erikoolitused\/laste-liikluskasvatuse-koolitused\/koolitused-opetajatele\/algkooliopetaja-liiklusohutuskoolitus\/\",\"url\":\"https:\/\/autosoit.sahradyan.com\/ru\/erikoolitused\/laste-liikluskasvatuse-koolitused\/koolitused-opetajatele\/algkooliopetaja-liiklusohutuskoolitus\/\",\"name\":\"\u041a\u0443\u0440\u0441\u044b \u0431\u0435\u0437\u043e\u043f\u0430\u0441\u043d\u043e\u0441\u0442\u0438 \u0434\u043e\u0440\u043e\u0436\u043d\u043e\u0433\u043e \u0434\u0432\u0438\u0436\u0435\u043d\u0438\u044f \u0434\u043b\u044f \u043f\u0440\u0435\u043f\u043e\u0434\u0430\u0432\u0430\u0442\u0435\u043b\u0435\u0439 \u043d\u0430\u0447\u0430\u043b\u044c\u043d\u044b\u0445 \u0448\u043a\u043e\u043b - Autos\u00f5it\",\"isPartOf\":{\"@id\":\"https:\/\/autosoit.sahradyan.com\/#website\"},\"datePublished\":\"2018-05-02T17:43:58+00:00\",\"dateModified\":\"2019-02-15T13:12:48+00:00\",\"breadcrumb\":{\"@id\":\"https:\/\/autosoit.sahradyan.com\/ru\/erikoolitused\/laste-liikluskasvatuse-koolitused\/koolitused-opetajatele\/algkooliopetaja-liiklusohutuskoolitus\/#breadcrumb\"},\"inLanguage\":\"ru-RU\",\"potentialAction\":[{\"@type\":\"ReadAction\",\"target\":[\"https:\/\/autosoit.sahradyan.com\/ru\/erikoolitused\/laste-liikluskasvatuse-koolitused\/koolitused-opetajatele\/algkooliopetaja-liiklusohutuskoolitus\/\"]}]},{\"@type\":\"BreadcrumbList\",\"@id\":\"https:\/\/autosoit.sahradyan.com\/ru\/erikoolitused\/laste-liikluskasvatuse-koolitused\/koolitused-opetajatele\/algkooliopetaja-liiklusohutuskoolitus\/#breadcrumb\",\"itemListElement\":[{\"@type\":\"ListItem\",\"position\":1,\"name\":\"Home\",\"item\":\"https:\/\/autosoit.sahradyan.com\/ru\/\"},{\"@type\":\"ListItem\",\"position\":2,\"name\":\"\u0421\u043f\u0435\u0446\u0438\u0430\u043b\u044c\u043d\u044b\u0435 \u043a\u0443\u0440\u0441\u044b\",\"item\":\"https:\/\/autosoit.sahradyan.com\/ru\/erikoolitused\/\"},{\"@type\":\"ListItem\",\"position\":3,\"name\":\"\u041e\u0431\u0443\u0447\u0435\u043d\u0438\u0435 \u0434\u0435\u0442\u0435\u0439 \u043f\u0440\u0430\u0432\u0438\u043b\u0430\u043c \u0434\u043e\u0440\u043e\u0436\u043d\u043e\u0433\u043e \u0434\u0432\u0438\u0436\u0435\u043d\u0438\u044f\",\"item\":\"https:\/\/autosoit.sahradyan.com\/ru\/erikoolitused\/laste-liikluskasvatuse-koolitused\/\"},{\"@type\":\"ListItem\",\"position\":4,\"name\":\"Koolitused \u00f5petajatele\",\"item\":\"https:\/\/autosoit.sahradyan.com\/ru\/erikoolitused\/laste-liikluskasvatuse-koolitused\/koolitused-opetajatele\/\"},{\"@type\":\"ListItem\",\"position\":5,\"name\":\"\u041a\u0443\u0440\u0441\u044b \u0431\u0435\u0437\u043e\u043f\u0430\u0441\u043d\u043e\u0441\u0442\u0438 \u0434\u043e\u0440\u043e\u0436\u043d\u043e\u0433\u043e \u0434\u0432\u0438\u0436\u0435\u043d\u0438\u044f \u0434\u043b\u044f \u043f\u0440\u0435\u043f\u043e\u0434\u0430\u0432\u0430\u0442\u0435\u043b\u0435\u0439 \u043d\u0430\u0447\u0430\u043b\u044c\u043d\u044b\u0445 \u0448\u043a\u043e\u043b\"}]},{\"@type\":\"WebSite\",\"@id\":\"https:\/\/autosoit.sahradyan.com\/#website\",\"url\":\"https:\/\/autosoit.sahradyan.com\/\",\"name\":\"Autos\u00f5it\",\"description\":\"Ohutu s\u00f5idu kool\",\"potentialAction\":[{\"@type\":\"SearchAction\",\"target\":{\"@type\":\"EntryPoint\",\"urlTemplate\":\"https:\/\/autosoit.sahradyan.com\/?s={search_term_string}\"},\"query-input\":{\"@type\":\"PropertyValueSpecification\",\"valueRequired\":true,\"valueName\":\"search_term_string\"}}],\"inLanguage\":\"ru-RU\"}]}<\/script>\n<!-- \/ Yoast SEO plugin. -->","yoast_head_json":{"title":"\u041a\u0443\u0440\u0441\u044b \u0431\u0435\u0437\u043e\u043f\u0430\u0441\u043d\u043e\u0441\u0442\u0438 \u0434\u043e\u0440\u043e\u0436\u043d\u043e\u0433\u043e \u0434\u0432\u0438\u0436\u0435\u043d\u0438\u044f \u0434\u043b\u044f \u043f\u0440\u0435\u043f\u043e\u0434\u0430\u0432\u0430\u0442\u0435\u043b\u0435\u0439 \u043d\u0430\u0447\u0430\u043b\u044c\u043d\u044b\u0445 \u0448\u043a\u043e\u043b - Autos\u00f5it","robots":{"index":"noindex","follow":"follow","max-snippet":"max-snippet:-1","max-image-preview":"max-image-preview:large","max-video-preview":"max-video-preview:-1"},"og_locale":"ru_RU","og_type":"article","og_title":"\u041a\u0443\u0440\u0441\u044b \u0431\u0435\u0437\u043e\u043f\u0430\u0441\u043d\u043e\u0441\u0442\u0438 \u0434\u043e\u0440\u043e\u0436\u043d\u043e\u0433\u043e \u0434\u0432\u0438\u0436\u0435\u043d\u0438\u044f \u0434\u043b\u044f \u043f\u0440\u0435\u043f\u043e\u0434\u0430\u0432\u0430\u0442\u0435\u043b\u0435\u0439 \u043d\u0430\u0447\u0430\u043b\u044c\u043d\u044b\u0445 \u0448\u043a\u043e\u043b - Autos\u00f5it","og_url":"https:\/\/autosoit.sahradyan.com\/ru\/erikoolitused\/laste-liikluskasvatuse-koolitused\/koolitused-opetajatele\/algkooliopetaja-liiklusohutuskoolitus\/","og_site_name":"Autos\u00f5it","article_modified_time":"2019-02-15T13:12:48+00:00","twitter_card":"summary_large_image","twitter_misc":{"Est. reading time":"2 minutes"},"schema":{"@context":"https:\/\/schema.org","@graph":[{"@type":"WebPage","@id":"https:\/\/autosoit.sahradyan.com\/ru\/erikoolitused\/laste-liikluskasvatuse-koolitused\/koolitused-opetajatele\/algkooliopetaja-liiklusohutuskoolitus\/","url":"https:\/\/autosoit.sahradyan.com\/ru\/erikoolitused\/laste-liikluskasvatuse-koolitused\/koolitused-opetajatele\/algkooliopetaja-liiklusohutuskoolitus\/","name":"\u041a\u0443\u0440\u0441\u044b \u0431\u0435\u0437\u043e\u043f\u0430\u0441\u043d\u043e\u0441\u0442\u0438 \u0434\u043e\u0440\u043e\u0436\u043d\u043e\u0433\u043e \u0434\u0432\u0438\u0436\u0435\u043d\u0438\u044f \u0434\u043b\u044f \u043f\u0440\u0435\u043f\u043e\u0434\u0430\u0432\u0430\u0442\u0435\u043b\u0435\u0439 \u043d\u0430\u0447\u0430\u043b\u044c\u043d\u044b\u0445 \u0448\u043a\u043e\u043b - Autos\u00f5it","isPartOf":{"@id":"https:\/\/autosoit.sahradyan.com\/#website"},"datePublished":"2018-05-02T17:43:58+00:00","dateModified":"2019-02-15T13:12:48+00:00","breadcrumb":{"@id":"https:\/\/autosoit.sahradyan.com\/ru\/erikoolitused\/laste-liikluskasvatuse-koolitused\/koolitused-opetajatele\/algkooliopetaja-liiklusohutuskoolitus\/#breadcrumb"},"inLanguage":"ru-RU","potentialAction":[{"@type":"ReadAction","target":["https:\/\/autosoit.sahradyan.com\/ru\/erikoolitused\/laste-liikluskasvatuse-koolitused\/koolitused-opetajatele\/algkooliopetaja-liiklusohutuskoolitus\/"]}]},{"@type":"BreadcrumbList","@id":"https:\/\/autosoit.sahradyan.com\/ru\/erikoolitused\/laste-liikluskasvatuse-koolitused\/koolitused-opetajatele\/algkooliopetaja-liiklusohutuskoolitus\/#breadcrumb","itemListElement":[{"@type":"ListItem","position":1,"name":"Home","item":"https:\/\/autosoit.sahradyan.com\/ru\/"},{"@type":"ListItem","position":2,"name":"\u0421\u043f\u0435\u0446\u0438\u0430\u043b\u044c\u043d\u044b\u0435 \u043a\u0443\u0440\u0441\u044b","item":"https:\/\/autosoit.sahradyan.com\/ru\/erikoolitused\/"},{"@type":"ListItem","position":3,"name":"\u041e\u0431\u0443\u0447\u0435\u043d\u0438\u0435 \u0434\u0435\u0442\u0435\u0439 \u043f\u0440\u0430\u0432\u0438\u043b\u0430\u043c \u0434\u043e\u0440\u043e\u0436\u043d\u043e\u0433\u043e \u0434\u0432\u0438\u0436\u0435\u043d\u0438\u044f","item":"https:\/\/autosoit.sahradyan.com\/ru\/erikoolitused\/laste-liikluskasvatuse-koolitused\/"},{"@type":"ListItem","position":4,"name":"Koolitused \u00f5petajatele","item":"https:\/\/autosoit.sahradyan.com\/ru\/erikoolitused\/laste-liikluskasvatuse-koolitused\/koolitused-opetajatele\/"},{"@type":"ListItem","position":5,"name":"\u041a\u0443\u0440\u0441\u044b \u0431\u0435\u0437\u043e\u043f\u0430\u0441\u043d\u043e\u0441\u0442\u0438 \u0434\u043e\u0440\u043e\u0436\u043d\u043e\u0433\u043e \u0434\u0432\u0438\u0436\u0435\u043d\u0438\u044f \u0434\u043b\u044f \u043f\u0440\u0435\u043f\u043e\u0434\u0430\u0432\u0430\u0442\u0435\u043b\u0435\u0439 \u043d\u0430\u0447\u0430\u043b\u044c\u043d\u044b\u0445 \u0448\u043a\u043e\u043b"}]},{"@type":"WebSite","@id":"https:\/\/autosoit.sahradyan.com\/#website","url":"https:\/\/autosoit.sahradyan.com\/","name":"Autos\u00f5it","description":"Ohutu s\u00f5idu kool","potentialAction":[{"@type":"SearchAction","target":{"@type":"EntryPoint","urlTemplate":"https:\/\/autosoit.sahradyan.com\/?s={search_term_string}"},"query-input":{"@type":"PropertyValueSpecification","valueRequired":true,"valueName":"search_term_string"}}],"inLanguage":"ru-RU"}]}},"_links":{"self":[{"href":"https:\/\/autosoit.sahradyan.com\/ru\/wp-json\/wp\/v2\/pages\/2554","targetHints":{"allow":["GET"]}}],"collection":[{"href":"https:\/\/autosoit.sahradyan.com\/ru\/wp-json\/wp\/v2\/pages"}],"about":[{"href":"https:\/\/autosoit.sahradyan.com\/ru\/wp-json\/wp\/v2\/types\/page"}],"author":[{"embeddable":true,"href":"https:\/\/autosoit.sahradyan.com\/ru\/wp-json\/wp\/v2\/users\/9"}],"replies":[{"embeddable":true,"href":"https:\/\/autosoit.sahradyan.com\/ru\/wp-json\/wp\/v2\/comments?post=2554"}],"version-history":[{"count":0,"href":"https:\/\/autosoit.sahradyan.com\/ru\/wp-json\/wp\/v2\/pages\/2554\/revisions"}],"up":[{"embeddable":true,"href":"https:\/\/autosoit.sahradyan.com\/ru\/wp-json\/wp\/v2\/pages\/2550"}],"wp:attachment":[{"href":"https:\/\/autosoit.sahradyan.com\/ru\/wp-json\/wp\/v2\/media?parent=2554"}],"curies":[{"name":"wp","href":"https:\/\/api.w.org\/{rel}","templated":true}]}}