{"id":2516,"date":"2018-05-02T17:37:23","date_gmt":"2018-05-02T17:37:23","guid":{"rendered":"https:\/\/autosoit.ee\/ru\/?page_id=2516"},"modified":"2019-02-15T14:42:33","modified_gmt":"2019-02-15T12:42:33","slug":"turvavarustuse-kasutamine-algkooli-opilastele","status":"publish","type":"page","link":"https:\/\/autosoit.sahradyan.com\/ru\/erikoolitused\/laste-liikluskasvatuse-koolitused\/koolitused-algkooliopilastele\/turvavarustuse-kasutamine-algkooli-opilastele\/","title":{"rendered":"\u0418\u0441\u043f\u043e\u043b\u044c\u0437\u043e\u0432\u0430\u043d\u0438\u0435 \u0441\u0440\u0435\u0434\u0441\u0442\u0432 \u043f\u043e \u043e\u0431\u0435\u0441\u043f\u0435\u0447\u0435\u043d\u0438\u044e \u0431\u0435\u0437\u043e\u043f\u0430\u0441\u043d\u043e\u0441\u0442\u0438 \u0434\u043b\u044f \u0443\u0447\u0435\u043d\u0438\u043a\u043e\u0432 \u043d\u0430\u0447\u0430\u043b\u044c\u043d\u044b\u0445 \u0448\u043a\u043e\u043b"},"content":{"rendered":"<div class=\"wpb-content-wrapper\"><section class=\"l-section wpb_row height_medium\"><div class=\"l-section-h i-cf\"><div class=\"g-cols vc_row type_default valign_top\"><div class=\"vc_col-sm-12 wpb_column vc_column_container\"><div class=\"vc_column-inner\"><div class=\"wpb_wrapper\"><div class=\"g-cols wpb_row type_default valign_top vc_inner \"><div class=\"vc_col-sm-6 wpb_column vc_column_container\"><div class=\"vc_column-inner\"><div class=\"wpb_wrapper\">\n\t<div class=\"wpb_text_column \">\n\t\t<div class=\"wpb_wrapper\">\n\t\t\t<p><strong>Koolituse pikkus:\u00a0<\/strong>1 \u00f5ppetund (teooria+praktika)<br \/>\n<strong>Grupi suurus:\u00a0<\/strong>kuni 30 \u00f5pilast<\/p>\n<p>Koolituse eesm\u00e4rk on selgitada ja tutvustada s\u00f5idukis olevaid passiivsete turvavahendite olemust ja teavitada \u00f5pilasi turvavarustuse kasutamise t\u00e4htsusest. Autod on turvalised, kuid lahtine turvav\u00f6\u00f6 on \u00e4\u00e4rmiselt ohtlik nii \u00f5pilasele, kui ka vanematele.<\/p>\n<p>Samuti v\u00f5ib p\u00f5hjustada eba\u00f5igelt kinnitatud turvav\u00f6\u00f6 liiklus\u00f5nnetuse korral t\u00f5siseid tagaj\u00e4rgi.<\/p>\n\n\t\t<\/div>\n\t<\/div>\n<\/div><\/div><\/div><div class=\"vc_col-sm-6 wpb_column vc_column_container\"><div class=\"vc_column-inner\"><div class=\"wpb_wrapper\">\n\t<div class=\"wpb_text_column \">\n\t\t<div class=\"wpb_wrapper\">\n\t\t\t<p>Millal ja miks on s\u00f5idukis vaja kasutada t\u00e4iendavat turvavarustust (turvatooli, turvah\u00e4llid, turvaistmed turvav\u00f6\u00f6 k\u00f5rguse reguleerija) ning kuidas seda \u00f5igesti kasutada.<\/p>\n<p>Millist turvavarustust kasutada jalgratturina, rulluisutajana v\u00f5i rulatajana &#8211; millele seejuures p\u00f6\u00f6rata t\u00e4helepanu.<\/p>\n<p>Loengu sisaldab filme ja n\u00e4iteid reaalsest elust kuidas tuleb s\u00f5idukis istuda, et see oleks v\u00f5imalikult turvaline. Samuti, mis juhtub, kui ollakse n\u00f5uetekohaselt kinnitamata. Koolituse l\u00e4binu\u00a0teab turvavahendite kasutamise vajalikkust ning oskab neid kasutada<\/p>\n\n\t\t<\/div>\n\t<\/div>\n<\/div><\/div><\/div><\/div><\/div><\/div><\/div><\/div><\/div><\/section><section class=\"l-section wpb_row height_medium\"><div class=\"l-section-h i-cf\"><div class=\"g-cols vc_row type_default valign_top\"><div class=\"vc_col-sm-12 wpb_column vc_column_container\"><div class=\"vc_column-inner  vc_custom_1516357020129\"><div class=\"wpb_wrapper\"><div class=\"g-cols wpb_row type_boxes valign_top vc_inner  vc_custom_1521063624290\"><div class=\"vc_col-sm-6 wpb_column vc_column_container has-fill\"><div class=\"vc_column-inner  vc_custom_1521063592818\"><div class=\"wpb_wrapper\">\n\t<div class=\"wpb_text_column \">\n\t\t<div class=\"wpb_wrapper\">\n\t\t\t<p>Kui sul on soov pakkuda lastele midagi liiklusest, siis p\u00f6\u00f6rdu julgelt \u2013 k\u00f5ik on v\u00f5imalik!<\/p>\n\n\t\t<\/div>\n\t<\/div>\n<div class=\" ubtn-ctn-left btn-nomargin registreeri-koolitusele\"><a class=\"ubtn-link ult-adjust-bottom-margin ubtn-left ubtn-mini btn-nomargin registreeri-koolitusele\" href=\"\/ajakava-ja-hinnad\/\" ><button type=\"button\" id=\"ubtn-1564\"  class=\"ubtn ult-adjust-bottom-margin ult-responsive ubtn-mini ubtn-no-hover-bg  none  ubtn-left   tooltip-69e006b1b2960\"  data-hover=\"#ffffff\" data-border-color=\"#0a0a0a\" data-bg=\"\" data-hover-bg=\"#0a0a0a\" data-border-hover=\"#0a0a0a\" data-shadow-hover=\"\" data-shadow-click=\"none\" data-shadow=\"\" data-shd-shadow=\"\"  data-ultimate-target='#ubtn-1564'  data-responsive-json-new='{\"font-size\":\"\",\"line-height\":\"\"}'  style=\"font-weight:normal;border-radius:3px;border-width:1px;border-color:#0a0a0a;border-style:solid;color: #000000;\"><span class=\"ubtn-hover\" style=\"background-color:#0a0a0a\"><\/span><span class=\"ubtn-data ubtn-text \" > REGISTREERI KOOLITUSELE<\/span><\/button><\/a><\/div><\/div><\/div><\/div><div class=\"vc_col-sm-6 wpb_column vc_column_container has-fill\"><div class=\"vc_column-inner  vc_custom_1521063605213\"><div class=\"wpb_wrapper\">\n\t<div class=\"wpb_text_column \">\n\t\t<div class=\"wpb_wrapper\">\n\t\t\t<p><b>Helista ja k\u00fcsi lisa!<\/b><\/p>\n\n\t\t<\/div>\n\t<\/div>\n\n\t<div class=\"wpb_text_column \">\n\t\t<div class=\"wpb_wrapper\">\n\t\t\t<p>Info\u00a0 ja registreerumine<br \/>\ntel. <a href=\"tel:53008809\"><span class=\"s1\">53008809<\/span><\/a><br \/>\n<a href=\"mailto:toomas.alekors@autosoit.ee\"><span class=\"s1\">toomas.alekors@autosoit.ee<\/span><\/a>.<\/p>\n\n\t\t<\/div>\n\t<\/div>\n<\/div><\/div><\/div><\/div><\/div><\/div><\/div><\/div><\/div><\/section><section class=\"l-section wpb_row height_medium\"><div class=\"l-section-h i-cf\"><div class=\"g-cols vc_row type_default valign_top\"><div class=\"vc_col-sm-12 wpb_column vc_column_container\"><div class=\"vc_column-inner  vc_custom_1516357020129\"><div class=\"wpb_wrapper\"><\/div><\/div><\/div><\/div><\/div><\/section>\n<\/div>","protected":false},"excerpt":{"rendered":"Koolituse pikkus:\u00a01 \u00f5ppetund (teooria+praktika) Grupi suurus:\u00a0kuni 30 \u00f5pilast Koolituse eesm\u00e4rk on selgitada ja tutvustada s\u00f5idukis olevaid passiivsete turvavahendite olemust ja...","protected":false},"author":9,"featured_media":0,"parent":2510,"menu_order":0,"comment_status":"closed","ping_status":"closed","template":"","meta":{"footnotes":""},"class_list":["post-2516","page","type-page","status-publish","hentry"],"yoast_head":"<!-- This site is optimized with the Yoast SEO plugin v25.6 - https:\/\/yoast.com\/wordpress\/plugins\/seo\/ -->\n<title>\u0418\u0441\u043f\u043e\u043b\u044c\u0437\u043e\u0432\u0430\u043d\u0438\u0435 \u0441\u0440\u0435\u0434\u0441\u0442\u0432 \u043f\u043e \u043e\u0431\u0435\u0441\u043f\u0435\u0447\u0435\u043d\u0438\u044e \u0431\u0435\u0437\u043e\u043f\u0430\u0441\u043d\u043e\u0441\u0442\u0438 \u0434\u043b\u044f \u0443\u0447\u0435\u043d\u0438\u043a\u043e\u0432 \u043d\u0430\u0447\u0430\u043b\u044c\u043d\u044b\u0445 \u0448\u043a\u043e\u043b - Autos\u00f5it<\/title>\n<meta name=\"robots\" content=\"noindex, follow, max-snippet:-1, max-image-preview:large, max-video-preview:-1\" \/>\n<meta property=\"og:locale\" content=\"ru_RU\" \/>\n<meta property=\"og:type\" content=\"article\" \/>\n<meta property=\"og:title\" content=\"\u0418\u0441\u043f\u043e\u043b\u044c\u0437\u043e\u0432\u0430\u043d\u0438\u0435 \u0441\u0440\u0435\u0434\u0441\u0442\u0432 \u043f\u043e \u043e\u0431\u0435\u0441\u043f\u0435\u0447\u0435\u043d\u0438\u044e \u0431\u0435\u0437\u043e\u043f\u0430\u0441\u043d\u043e\u0441\u0442\u0438 \u0434\u043b\u044f \u0443\u0447\u0435\u043d\u0438\u043a\u043e\u0432 \u043d\u0430\u0447\u0430\u043b\u044c\u043d\u044b\u0445 \u0448\u043a\u043e\u043b - Autos\u00f5it\" \/>\n<meta property=\"og:url\" content=\"https:\/\/autosoit.sahradyan.com\/ru\/erikoolitused\/laste-liikluskasvatuse-koolitused\/koolitused-algkooliopilastele\/turvavarustuse-kasutamine-algkooli-opilastele\/\" \/>\n<meta property=\"og:site_name\" content=\"Autos\u00f5it\" \/>\n<meta property=\"article:modified_time\" content=\"2019-02-15T12:42:33+00:00\" \/>\n<meta name=\"twitter:card\" content=\"summary_large_image\" \/>\n<meta name=\"twitter:label1\" content=\"Est. reading time\" \/>\n\t<meta name=\"twitter:data1\" content=\"2 minutes\" \/>\n<script type=\"application\/ld+json\" class=\"yoast-schema-graph\">{\"@context\":\"https:\/\/schema.org\",\"@graph\":[{\"@type\":\"WebPage\",\"@id\":\"https:\/\/autosoit.sahradyan.com\/ru\/erikoolitused\/laste-liikluskasvatuse-koolitused\/koolitused-algkooliopilastele\/turvavarustuse-kasutamine-algkooli-opilastele\/\",\"url\":\"https:\/\/autosoit.sahradyan.com\/ru\/erikoolitused\/laste-liikluskasvatuse-koolitused\/koolitused-algkooliopilastele\/turvavarustuse-kasutamine-algkooli-opilastele\/\",\"name\":\"\u0418\u0441\u043f\u043e\u043b\u044c\u0437\u043e\u0432\u0430\u043d\u0438\u0435 \u0441\u0440\u0435\u0434\u0441\u0442\u0432 \u043f\u043e \u043e\u0431\u0435\u0441\u043f\u0435\u0447\u0435\u043d\u0438\u044e \u0431\u0435\u0437\u043e\u043f\u0430\u0441\u043d\u043e\u0441\u0442\u0438 \u0434\u043b\u044f \u0443\u0447\u0435\u043d\u0438\u043a\u043e\u0432 \u043d\u0430\u0447\u0430\u043b\u044c\u043d\u044b\u0445 \u0448\u043a\u043e\u043b - Autos\u00f5it\",\"isPartOf\":{\"@id\":\"https:\/\/autosoit.sahradyan.com\/#website\"},\"datePublished\":\"2018-05-02T17:37:23+00:00\",\"dateModified\":\"2019-02-15T12:42:33+00:00\",\"breadcrumb\":{\"@id\":\"https:\/\/autosoit.sahradyan.com\/ru\/erikoolitused\/laste-liikluskasvatuse-koolitused\/koolitused-algkooliopilastele\/turvavarustuse-kasutamine-algkooli-opilastele\/#breadcrumb\"},\"inLanguage\":\"ru-RU\",\"potentialAction\":[{\"@type\":\"ReadAction\",\"target\":[\"https:\/\/autosoit.sahradyan.com\/ru\/erikoolitused\/laste-liikluskasvatuse-koolitused\/koolitused-algkooliopilastele\/turvavarustuse-kasutamine-algkooli-opilastele\/\"]}]},{\"@type\":\"BreadcrumbList\",\"@id\":\"https:\/\/autosoit.sahradyan.com\/ru\/erikoolitused\/laste-liikluskasvatuse-koolitused\/koolitused-algkooliopilastele\/turvavarustuse-kasutamine-algkooli-opilastele\/#breadcrumb\",\"itemListElement\":[{\"@type\":\"ListItem\",\"position\":1,\"name\":\"Home\",\"item\":\"https:\/\/autosoit.sahradyan.com\/ru\/\"},{\"@type\":\"ListItem\",\"position\":2,\"name\":\"\u0421\u043f\u0435\u0446\u0438\u0430\u043b\u044c\u043d\u044b\u0435 \u043a\u0443\u0440\u0441\u044b\",\"item\":\"https:\/\/autosoit.sahradyan.com\/ru\/erikoolitused\/\"},{\"@type\":\"ListItem\",\"position\":3,\"name\":\"\u041e\u0431\u0443\u0447\u0435\u043d\u0438\u0435 \u0434\u0435\u0442\u0435\u0439 \u043f\u0440\u0430\u0432\u0438\u043b\u0430\u043c \u0434\u043e\u0440\u043e\u0436\u043d\u043e\u0433\u043e \u0434\u0432\u0438\u0436\u0435\u043d\u0438\u044f\",\"item\":\"https:\/\/autosoit.sahradyan.com\/ru\/erikoolitused\/laste-liikluskasvatuse-koolitused\/\"},{\"@type\":\"ListItem\",\"position\":4,\"name\":\"Koolitused algkooli\u00f5pilastele\",\"item\":\"https:\/\/autosoit.sahradyan.com\/ru\/erikoolitused\/laste-liikluskasvatuse-koolitused\/koolitused-algkooliopilastele\/\"},{\"@type\":\"ListItem\",\"position\":5,\"name\":\"\u0418\u0441\u043f\u043e\u043b\u044c\u0437\u043e\u0432\u0430\u043d\u0438\u0435 \u0441\u0440\u0435\u0434\u0441\u0442\u0432 \u043f\u043e \u043e\u0431\u0435\u0441\u043f\u0435\u0447\u0435\u043d\u0438\u044e \u0431\u0435\u0437\u043e\u043f\u0430\u0441\u043d\u043e\u0441\u0442\u0438 \u0434\u043b\u044f \u0443\u0447\u0435\u043d\u0438\u043a\u043e\u0432 \u043d\u0430\u0447\u0430\u043b\u044c\u043d\u044b\u0445 \u0448\u043a\u043e\u043b\"}]},{\"@type\":\"WebSite\",\"@id\":\"https:\/\/autosoit.sahradyan.com\/#website\",\"url\":\"https:\/\/autosoit.sahradyan.com\/\",\"name\":\"Autos\u00f5it\",\"description\":\"Ohutu s\u00f5idu kool\",\"potentialAction\":[{\"@type\":\"SearchAction\",\"target\":{\"@type\":\"EntryPoint\",\"urlTemplate\":\"https:\/\/autosoit.sahradyan.com\/?s={search_term_string}\"},\"query-input\":{\"@type\":\"PropertyValueSpecification\",\"valueRequired\":true,\"valueName\":\"search_term_string\"}}],\"inLanguage\":\"ru-RU\"}]}<\/script>\n<!-- \/ Yoast SEO plugin. -->","yoast_head_json":{"title":"\u0418\u0441\u043f\u043e\u043b\u044c\u0437\u043e\u0432\u0430\u043d\u0438\u0435 \u0441\u0440\u0435\u0434\u0441\u0442\u0432 \u043f\u043e \u043e\u0431\u0435\u0441\u043f\u0435\u0447\u0435\u043d\u0438\u044e \u0431\u0435\u0437\u043e\u043f\u0430\u0441\u043d\u043e\u0441\u0442\u0438 \u0434\u043b\u044f \u0443\u0447\u0435\u043d\u0438\u043a\u043e\u0432 \u043d\u0430\u0447\u0430\u043b\u044c\u043d\u044b\u0445 \u0448\u043a\u043e\u043b - Autos\u00f5it","robots":{"index":"noindex","follow":"follow","max-snippet":"max-snippet:-1","max-image-preview":"max-image-preview:large","max-video-preview":"max-video-preview:-1"},"og_locale":"ru_RU","og_type":"article","og_title":"\u0418\u0441\u043f\u043e\u043b\u044c\u0437\u043e\u0432\u0430\u043d\u0438\u0435 \u0441\u0440\u0435\u0434\u0441\u0442\u0432 \u043f\u043e \u043e\u0431\u0435\u0441\u043f\u0435\u0447\u0435\u043d\u0438\u044e \u0431\u0435\u0437\u043e\u043f\u0430\u0441\u043d\u043e\u0441\u0442\u0438 \u0434\u043b\u044f \u0443\u0447\u0435\u043d\u0438\u043a\u043e\u0432 \u043d\u0430\u0447\u0430\u043b\u044c\u043d\u044b\u0445 \u0448\u043a\u043e\u043b - Autos\u00f5it","og_url":"https:\/\/autosoit.sahradyan.com\/ru\/erikoolitused\/laste-liikluskasvatuse-koolitused\/koolitused-algkooliopilastele\/turvavarustuse-kasutamine-algkooli-opilastele\/","og_site_name":"Autos\u00f5it","article_modified_time":"2019-02-15T12:42:33+00:00","twitter_card":"summary_large_image","twitter_misc":{"Est. reading time":"2 minutes"},"schema":{"@context":"https:\/\/schema.org","@graph":[{"@type":"WebPage","@id":"https:\/\/autosoit.sahradyan.com\/ru\/erikoolitused\/laste-liikluskasvatuse-koolitused\/koolitused-algkooliopilastele\/turvavarustuse-kasutamine-algkooli-opilastele\/","url":"https:\/\/autosoit.sahradyan.com\/ru\/erikoolitused\/laste-liikluskasvatuse-koolitused\/koolitused-algkooliopilastele\/turvavarustuse-kasutamine-algkooli-opilastele\/","name":"\u0418\u0441\u043f\u043e\u043b\u044c\u0437\u043e\u0432\u0430\u043d\u0438\u0435 \u0441\u0440\u0435\u0434\u0441\u0442\u0432 \u043f\u043e \u043e\u0431\u0435\u0441\u043f\u0435\u0447\u0435\u043d\u0438\u044e \u0431\u0435\u0437\u043e\u043f\u0430\u0441\u043d\u043e\u0441\u0442\u0438 \u0434\u043b\u044f \u0443\u0447\u0435\u043d\u0438\u043a\u043e\u0432 \u043d\u0430\u0447\u0430\u043b\u044c\u043d\u044b\u0445 \u0448\u043a\u043e\u043b - Autos\u00f5it","isPartOf":{"@id":"https:\/\/autosoit.sahradyan.com\/#website"},"datePublished":"2018-05-02T17:37:23+00:00","dateModified":"2019-02-15T12:42:33+00:00","breadcrumb":{"@id":"https:\/\/autosoit.sahradyan.com\/ru\/erikoolitused\/laste-liikluskasvatuse-koolitused\/koolitused-algkooliopilastele\/turvavarustuse-kasutamine-algkooli-opilastele\/#breadcrumb"},"inLanguage":"ru-RU","potentialAction":[{"@type":"ReadAction","target":["https:\/\/autosoit.sahradyan.com\/ru\/erikoolitused\/laste-liikluskasvatuse-koolitused\/koolitused-algkooliopilastele\/turvavarustuse-kasutamine-algkooli-opilastele\/"]}]},{"@type":"BreadcrumbList","@id":"https:\/\/autosoit.sahradyan.com\/ru\/erikoolitused\/laste-liikluskasvatuse-koolitused\/koolitused-algkooliopilastele\/turvavarustuse-kasutamine-algkooli-opilastele\/#breadcrumb","itemListElement":[{"@type":"ListItem","position":1,"name":"Home","item":"https:\/\/autosoit.sahradyan.com\/ru\/"},{"@type":"ListItem","position":2,"name":"\u0421\u043f\u0435\u0446\u0438\u0430\u043b\u044c\u043d\u044b\u0435 \u043a\u0443\u0440\u0441\u044b","item":"https:\/\/autosoit.sahradyan.com\/ru\/erikoolitused\/"},{"@type":"ListItem","position":3,"name":"\u041e\u0431\u0443\u0447\u0435\u043d\u0438\u0435 \u0434\u0435\u0442\u0435\u0439 \u043f\u0440\u0430\u0432\u0438\u043b\u0430\u043c \u0434\u043e\u0440\u043e\u0436\u043d\u043e\u0433\u043e \u0434\u0432\u0438\u0436\u0435\u043d\u0438\u044f","item":"https:\/\/autosoit.sahradyan.com\/ru\/erikoolitused\/laste-liikluskasvatuse-koolitused\/"},{"@type":"ListItem","position":4,"name":"Koolitused algkooli\u00f5pilastele","item":"https:\/\/autosoit.sahradyan.com\/ru\/erikoolitused\/laste-liikluskasvatuse-koolitused\/koolitused-algkooliopilastele\/"},{"@type":"ListItem","position":5,"name":"\u0418\u0441\u043f\u043e\u043b\u044c\u0437\u043e\u0432\u0430\u043d\u0438\u0435 \u0441\u0440\u0435\u0434\u0441\u0442\u0432 \u043f\u043e \u043e\u0431\u0435\u0441\u043f\u0435\u0447\u0435\u043d\u0438\u044e \u0431\u0435\u0437\u043e\u043f\u0430\u0441\u043d\u043e\u0441\u0442\u0438 \u0434\u043b\u044f \u0443\u0447\u0435\u043d\u0438\u043a\u043e\u0432 \u043d\u0430\u0447\u0430\u043b\u044c\u043d\u044b\u0445 \u0448\u043a\u043e\u043b"}]},{"@type":"WebSite","@id":"https:\/\/autosoit.sahradyan.com\/#website","url":"https:\/\/autosoit.sahradyan.com\/","name":"Autos\u00f5it","description":"Ohutu s\u00f5idu kool","potentialAction":[{"@type":"SearchAction","target":{"@type":"EntryPoint","urlTemplate":"https:\/\/autosoit.sahradyan.com\/?s={search_term_string}"},"query-input":{"@type":"PropertyValueSpecification","valueRequired":true,"valueName":"search_term_string"}}],"inLanguage":"ru-RU"}]}},"_links":{"self":[{"href":"https:\/\/autosoit.sahradyan.com\/ru\/wp-json\/wp\/v2\/pages\/2516","targetHints":{"allow":["GET"]}}],"collection":[{"href":"https:\/\/autosoit.sahradyan.com\/ru\/wp-json\/wp\/v2\/pages"}],"about":[{"href":"https:\/\/autosoit.sahradyan.com\/ru\/wp-json\/wp\/v2\/types\/page"}],"author":[{"embeddable":true,"href":"https:\/\/autosoit.sahradyan.com\/ru\/wp-json\/wp\/v2\/users\/9"}],"replies":[{"embeddable":true,"href":"https:\/\/autosoit.sahradyan.com\/ru\/wp-json\/wp\/v2\/comments?post=2516"}],"version-history":[{"count":0,"href":"https:\/\/autosoit.sahradyan.com\/ru\/wp-json\/wp\/v2\/pages\/2516\/revisions"}],"up":[{"embeddable":true,"href":"https:\/\/autosoit.sahradyan.com\/ru\/wp-json\/wp\/v2\/pages\/2510"}],"wp:attachment":[{"href":"https:\/\/autosoit.sahradyan.com\/ru\/wp-json\/wp\/v2\/media?parent=2516"}],"curies":[{"name":"wp","href":"https:\/\/api.w.org\/{rel}","templated":true}]}}