{"id":2512,"date":"2018-05-02T17:37:06","date_gmt":"2018-05-02T17:37:06","guid":{"rendered":"https:\/\/autosoit.ee\/ru\/?page_id=2512"},"modified":"2019-02-15T14:42:15","modified_gmt":"2019-02-15T12:42:15","slug":"algkooli-opilase-helkurikoolitus","status":"publish","type":"page","link":"https:\/\/autosoit.sahradyan.com\/ru\/erikoolitused\/laste-liikluskasvatuse-koolitused\/koolitused-algkooliopilastele\/algkooli-opilase-helkurikoolitus\/","title":{"rendered":"\u041a\u0443\u0440\u0441 \u043e\u0431\u0443\u0447\u0435\u043d\u0438\u044f \u043f\u043e \u0438\u0441\u043f\u043e\u043b\u044c\u0437\u043e\u0432\u0430\u043d\u0438\u044e \u0441\u0432\u0435\u0442\u043e\u043e\u0442\u0440\u0430\u0436\u0430\u0442\u0435\u043b\u044f \u0434\u043b\u044f \u0443\u0447\u0435\u043d\u0438\u043a\u043e\u0432 \u043d\u0430\u0447\u0430\u043b\u044c\u043d\u044b\u0445 \u0448\u043a\u043e\u043b"},"content":{"rendered":"<div class=\"wpb-content-wrapper\"><section class=\"l-section wpb_row height_medium\"><div class=\"l-section-h i-cf\"><div class=\"g-cols vc_row type_default valign_top\"><div class=\"vc_col-sm-12 wpb_column vc_column_container\"><div class=\"vc_column-inner\"><div class=\"wpb_wrapper\"><div class=\"g-cols wpb_row type_default valign_top vc_inner \"><div class=\"vc_col-sm-6 wpb_column vc_column_container\"><div class=\"vc_column-inner\"><div class=\"wpb_wrapper\">\n\t<div class=\"wpb_text_column \">\n\t\t<div class=\"wpb_wrapper\">\n\t\t\t<p><strong>Koolituse pikkus:\u00a0<\/strong>1 \u00f5ppetund (teooria + praktika)<br \/>\n<strong>Grupi suurus:<\/strong>\u00a0kuni 30 osalejat<\/p>\n<p>Koolituse eesm\u00e4rk on anda algkooli lapsele teadmised helkuri t\u00e4hendusest ja vajadusest. Ekslik on arvamus, et helkur on vajalik ainult v\u00e4ljaspool asulat, pimedas liigeldes.<\/p>\n<p>Koolituse k\u00e4igus omandab lapse teadmised kuidas s\u00f5idukijuht n\u00e4eb helkuriga ja helkurita jalak\u00e4ijat, kuidas ja kuhu helkur \u00f5igesti paigutada, jne.<\/p>\n\n\t\t<\/div>\n\t<\/div>\n<\/div><\/div><\/div><div class=\"vc_col-sm-6 wpb_column vc_column_container\"><div class=\"vc_column-inner\"><div class=\"wpb_wrapper\">\n\t<div class=\"wpb_text_column \">\n\t\t<div class=\"wpb_wrapper\">\n\t\t\t<p>Koolituse raames korratakse \u00fcle elementaarsed k\u00e4itumis- ja liiklusreeglid t\u00e4naval ja maanteel ning viiakse l\u00e4bi pimedal ajal liiklemise ja helkuri koolitus. K\u00e4sitletakse j\u00e4rgmisi teemasid praktiliste n\u00e4idete varal.<\/p>\n<p><strong>Arvatud ja tegelik n\u00e4gemine<\/strong><br \/>\nHarjutuse eesm\u00e4rk on panna lapsed, kes igap\u00e4evaselt liiklevad jalak\u00e4ijana ja jalgratturina, autojuhi rolli. N\u00fc\u00fcd n\u00e4eb laps olukorda autojuhi pilgu l\u00e4bi ja seel\u00e4bi m\u00f5istab, millega peab tulevikus arvestama pimedas liigeldes.<\/p>\n\n\t\t<\/div>\n\t<\/div>\n<\/div><\/div><\/div><\/div><div class=\"w-separator type_default size_medium thick_1 style_solid color_border cont_none\"><span class=\"w-separator-h\"><\/span><\/div><div class=\"g-cols wpb_row type_default valign_top vc_inner \"><div class=\"vc_col-sm-6 wpb_column vc_column_container\"><div class=\"vc_column-inner\"><div class=\"wpb_wrapper\">\n\t<div class=\"wpb_text_column \">\n\t\t<div class=\"wpb_wrapper\">\n\t\t\t<p><strong>Jalak\u00e4ija n\u00e4htavus kahe s\u00f5iduki kohtumisel\u00a0<\/strong><br \/>\nHarjutuse eesm\u00e4rk on n\u00e4idata, kui halvasti n\u00e4eb autojuht jalak\u00e4ijat pimedal teel vastu tulevast s\u00f5idukist m\u00f6\u00f6dumisel.<\/p>\n<p><strong>Jalak\u00e4ija n\u00e4htavus helkuriga ja ilma<\/strong><br \/>\nHarjutuse eesm\u00e4rk on panna lapsed autojuhi rolli, kus nad vaatavad oma koolikaaslasi, kellel \u00fchel hetkel on helkur ja teisel hetkel mitte. Seel\u00e4bi m\u00f5istavad lapsed kui h\u00e4sti on n\u00e4ha helkuriga lapsi ning kui halvasti ilma helkurita lapsi.<\/p>\n\n\t\t<\/div>\n\t<\/div>\n<\/div><\/div><\/div><div class=\"vc_col-sm-6 wpb_column vc_column_container\"><div class=\"vc_column-inner\"><div class=\"wpb_wrapper\">\n\t<div class=\"wpb_text_column \">\n\t\t<div class=\"wpb_wrapper\">\n\t\t\t<p><strong>Koolituse l\u00e4binu:<\/strong><\/p>\n\n\t\t<\/div>\n\t<\/div>\n<div class=\"uavc-list-icon uavc-list-icon-wrapper ult-adjust-bottom-margin   \"><ul class=\"uavc-list\"><li><div class=\"uavc-list-content\" id=\"list-icon-wrap-5119\">\n<div class=\"uavc-list-icon  \" data-animation=\"\" data-animation-delay=\"03\" style=\"margin-right:10px;\"><div class=\"ult-just-icon-wrapper  \"><div class=\"align-icon\" style=\"text-align:center;\">\n<div class=\"aio-icon none \"  style=\"color:#6de544;font-size:18px;display:inline-block;\">\n\t<i class=\"Defaults-check\"><\/i>\n<\/div><\/div><\/div>\n<\/div><span  data-ultimate-target='#list-icon-wrap-5119 .uavc-list-desc'  data-responsive-json-new='{\"font-size\":\"\",\"line-height\":\"\"}'  class=\"uavc-list-desc ult-responsive\" style=\"\">oskab valida tee \u00fcletamiseks k\u00f5ige ohutumat kohta; peatuda, kuulata, vaadata ning ohutuses veendununa s\u00f5idutee \u00fcletada;<\/span><\/div><\/li><li><div class=\"uavc-list-content\" id=\"list-icon-wrap-1727\">\n<div class=\"uavc-list-icon  \" data-animation=\"\" data-animation-delay=\"03\" style=\"margin-right:10px;\"><div class=\"ult-just-icon-wrapper  \"><div class=\"align-icon\" style=\"text-align:center;\">\n<div class=\"aio-icon none \"  style=\"color:#6de544;font-size:18px;display:inline-block;\">\n\t<i class=\"Defaults-check\"><\/i>\n<\/div><\/div><\/div>\n<\/div><span  data-ultimate-target='#list-icon-wrap-1727 .uavc-list-desc'  data-responsive-json-new='{\"font-size\":\"\",\"line-height\":\"\"}'  class=\"uavc-list-desc ult-responsive\" style=\"\">oskab hinnata s\u00f5idukite liikumissuunda, -kiirust ja kaugust;<\/span><\/div><\/li><li><div class=\"uavc-list-content\" id=\"list-icon-wrap-7229\">\n<div class=\"uavc-list-icon  \" data-animation=\"\" data-animation-delay=\"03\" style=\"margin-right:10px;\"><div class=\"ult-just-icon-wrapper  \"><div class=\"align-icon\" style=\"text-align:center;\">\n<div class=\"aio-icon none \"  style=\"color:#6de544;font-size:18px;display:inline-block;\">\n\t<i class=\"Defaults-check\"><\/i>\n<\/div><\/div><\/div>\n<\/div><span  data-ultimate-target='#list-icon-wrap-7229 .uavc-list-desc'  data-responsive-json-new='{\"font-size\":\"\",\"line-height\":\"\"}'  class=\"uavc-list-desc ult-responsive\" style=\"\">tunneb s\u00f5idukite ja jalak\u00e4ijate liiklemise ise\u00e4rasusi m\u00e4rjal, libedal, lumisel teel;<\/span><\/div><\/li><li><div class=\"uavc-list-content\" id=\"list-icon-wrap-3384\">\n<div class=\"uavc-list-icon  \" data-animation=\"\" data-animation-delay=\"03\" style=\"margin-right:10px;\"><div class=\"ult-just-icon-wrapper  \"><div class=\"align-icon\" style=\"text-align:center;\">\n<div class=\"aio-icon none \"  style=\"color:#6de544;font-size:18px;display:inline-block;\">\n\t<i class=\"Defaults-check\"><\/i>\n<\/div><\/div><\/div>\n<\/div><span  data-ultimate-target='#list-icon-wrap-3384 .uavc-list-desc'  data-responsive-json-new='{\"font-size\":\"\",\"line-height\":\"\"}'  class=\"uavc-list-desc ult-responsive\" style=\"\">teab ohtusid oma kooliteel, oskab neid kirjeldada, p\u00f5hjendada ning selgitada ohtude v\u00e4ltimist kooliteel;<\/span><\/div><\/li><li><div class=\"uavc-list-content\" id=\"list-icon-wrap-8599\">\n<div class=\"uavc-list-icon  \" data-animation=\"\" data-animation-delay=\"03\" style=\"margin-right:10px;\"><div class=\"ult-just-icon-wrapper  \"><div class=\"align-icon\" style=\"text-align:center;\">\n<div class=\"aio-icon none \"  style=\"color:#6de544;font-size:18px;display:inline-block;\">\n\t<i class=\"Defaults-check\"><\/i>\n<\/div><\/div><\/div>\n<\/div><span  data-ultimate-target='#list-icon-wrap-8599 .uavc-list-desc'  data-responsive-json-new='{\"font-size\":\"\",\"line-height\":\"\"}'  class=\"uavc-list-desc ult-responsive\" style=\"\">oskab k\u00e4ituda \u00fchiss\u00f5idukeis, siseneda, v\u00e4ljuda ning s\u00f5iduteed \u00fcletada.<\/span><\/div><\/li><\/ul><\/div><\/div><\/div><\/div><\/div><\/div><\/div><\/div><\/div><\/div><\/section><section class=\"l-section wpb_row height_auto\"><div class=\"l-section-h i-cf\"><div class=\"g-cols vc_row type_default valign_top\"><div class=\"vc_col-sm-12 wpb_column vc_column_container\"><div class=\"vc_column-inner  vc_custom_1516357020129\"><div class=\"wpb_wrapper\"><div class=\"g-cols wpb_row type_boxes valign_top vc_inner  vc_custom_1521063624290\"><div class=\"vc_col-sm-6 wpb_column vc_column_container has-fill\"><div class=\"vc_column-inner  vc_custom_1521063592818\"><div class=\"wpb_wrapper\">\n\t<div class=\"wpb_text_column \">\n\t\t<div class=\"wpb_wrapper\">\n\t\t\t<p>Kui sul on soov pakkuda lastele midagi liiklusest, siis p\u00f6\u00f6rdu julgelt \u2013 k\u00f5ik on v\u00f5imalik!<\/p>\n\n\t\t<\/div>\n\t<\/div>\n<div class=\" ubtn-ctn-left btn-nomargin registreeri-koolitusele\"><a class=\"ubtn-link ult-adjust-bottom-margin ubtn-left ubtn-mini btn-nomargin registreeri-koolitusele\" href=\"\/ajakava-ja-hinnad\/\" ><button type=\"button\" id=\"ubtn-9120\"  class=\"ubtn ult-adjust-bottom-margin ult-responsive ubtn-mini ubtn-no-hover-bg  none  ubtn-left   tooltip-69e006b12bfbc\"  data-hover=\"#ffffff\" data-border-color=\"#0a0a0a\" data-bg=\"\" data-hover-bg=\"#0a0a0a\" data-border-hover=\"#0a0a0a\" data-shadow-hover=\"\" data-shadow-click=\"none\" data-shadow=\"\" data-shd-shadow=\"\"  data-ultimate-target='#ubtn-9120'  data-responsive-json-new='{\"font-size\":\"\",\"line-height\":\"\"}'  style=\"font-weight:normal;border-radius:3px;border-width:1px;border-color:#0a0a0a;border-style:solid;color: #000000;\"><span class=\"ubtn-hover\" style=\"background-color:#0a0a0a\"><\/span><span class=\"ubtn-data ubtn-text \" > REGISTREERI KOOLITUSELE<\/span><\/button><\/a><\/div><\/div><\/div><\/div><div class=\"vc_col-sm-6 wpb_column vc_column_container has-fill\"><div class=\"vc_column-inner  vc_custom_1521063605213\"><div class=\"wpb_wrapper\">\n\t<div class=\"wpb_text_column \">\n\t\t<div class=\"wpb_wrapper\">\n\t\t\t<p><strong>Helista ja k\u00fcsi lisa!<\/strong><\/p>\n\n\t\t<\/div>\n\t<\/div>\n\n\t<div class=\"wpb_text_column \">\n\t\t<div class=\"wpb_wrapper\">\n\t\t\t<p>Info\u00a0 ja registreerumine<br \/>\ntel. <a href=\"tel:53008809\">53008809<\/a><br \/>\n<a href=\"mailto:toomas.alekors@autosoit.ee\">toomas.alekors@autosoit.ee<\/a>.<\/p>\n\n\t\t<\/div>\n\t<\/div>\n<\/div><\/div><\/div><\/div><\/div><\/div><\/div><\/div><\/div><\/section><section class=\"l-section wpb_row height_medium\"><div class=\"l-section-h i-cf\"><div class=\"g-cols vc_row type_default valign_top\"><div class=\"vc_col-sm-12 wpb_column vc_column_container\"><div class=\"vc_column-inner  vc_custom_1516357020129\"><div class=\"wpb_wrapper\"><\/div><\/div><\/div><\/div><\/div><\/section>\n<\/div>","protected":false},"excerpt":{"rendered":"Koolituse pikkus:\u00a01 \u00f5ppetund (teooria + praktika) Grupi suurus:\u00a0kuni 30 osalejat Koolituse eesm\u00e4rk on anda algkooli lapsele teadmised helkuri t\u00e4hendusest ja...","protected":false},"author":9,"featured_media":0,"parent":2510,"menu_order":0,"comment_status":"closed","ping_status":"closed","template":"","meta":{"footnotes":""},"class_list":["post-2512","page","type-page","status-publish","hentry"],"yoast_head":"<!-- This site is optimized with the Yoast SEO plugin v25.6 - https:\/\/yoast.com\/wordpress\/plugins\/seo\/ -->\n<title>\u041a\u0443\u0440\u0441 \u043e\u0431\u0443\u0447\u0435\u043d\u0438\u044f \u043f\u043e \u0438\u0441\u043f\u043e\u043b\u044c\u0437\u043e\u0432\u0430\u043d\u0438\u044e \u0441\u0432\u0435\u0442\u043e\u043e\u0442\u0440\u0430\u0436\u0430\u0442\u0435\u043b\u044f \u0434\u043b\u044f \u0443\u0447\u0435\u043d\u0438\u043a\u043e\u0432 \u043d\u0430\u0447\u0430\u043b\u044c\u043d\u044b\u0445 \u0448\u043a\u043e\u043b - Autos\u00f5it<\/title>\n<meta name=\"robots\" content=\"noindex, follow, max-snippet:-1, max-image-preview:large, max-video-preview:-1\" \/>\n<meta property=\"og:locale\" content=\"ru_RU\" \/>\n<meta property=\"og:type\" content=\"article\" \/>\n<meta property=\"og:title\" content=\"\u041a\u0443\u0440\u0441 \u043e\u0431\u0443\u0447\u0435\u043d\u0438\u044f \u043f\u043e \u0438\u0441\u043f\u043e\u043b\u044c\u0437\u043e\u0432\u0430\u043d\u0438\u044e \u0441\u0432\u0435\u0442\u043e\u043e\u0442\u0440\u0430\u0436\u0430\u0442\u0435\u043b\u044f \u0434\u043b\u044f \u0443\u0447\u0435\u043d\u0438\u043a\u043e\u0432 \u043d\u0430\u0447\u0430\u043b\u044c\u043d\u044b\u0445 \u0448\u043a\u043e\u043b - Autos\u00f5it\" \/>\n<meta property=\"og:url\" content=\"https:\/\/autosoit.sahradyan.com\/ru\/erikoolitused\/laste-liikluskasvatuse-koolitused\/koolitused-algkooliopilastele\/algkooli-opilase-helkurikoolitus\/\" \/>\n<meta property=\"og:site_name\" content=\"Autos\u00f5it\" \/>\n<meta property=\"article:modified_time\" content=\"2019-02-15T12:42:15+00:00\" \/>\n<meta name=\"twitter:card\" content=\"summary_large_image\" \/>\n<meta name=\"twitter:label1\" content=\"Est. reading time\" \/>\n\t<meta name=\"twitter:data1\" content=\"3 minutes\" \/>\n<script type=\"application\/ld+json\" class=\"yoast-schema-graph\">{\"@context\":\"https:\/\/schema.org\",\"@graph\":[{\"@type\":\"WebPage\",\"@id\":\"https:\/\/autosoit.sahradyan.com\/ru\/erikoolitused\/laste-liikluskasvatuse-koolitused\/koolitused-algkooliopilastele\/algkooli-opilase-helkurikoolitus\/\",\"url\":\"https:\/\/autosoit.sahradyan.com\/ru\/erikoolitused\/laste-liikluskasvatuse-koolitused\/koolitused-algkooliopilastele\/algkooli-opilase-helkurikoolitus\/\",\"name\":\"\u041a\u0443\u0440\u0441 \u043e\u0431\u0443\u0447\u0435\u043d\u0438\u044f \u043f\u043e \u0438\u0441\u043f\u043e\u043b\u044c\u0437\u043e\u0432\u0430\u043d\u0438\u044e \u0441\u0432\u0435\u0442\u043e\u043e\u0442\u0440\u0430\u0436\u0430\u0442\u0435\u043b\u044f \u0434\u043b\u044f \u0443\u0447\u0435\u043d\u0438\u043a\u043e\u0432 \u043d\u0430\u0447\u0430\u043b\u044c\u043d\u044b\u0445 \u0448\u043a\u043e\u043b - Autos\u00f5it\",\"isPartOf\":{\"@id\":\"https:\/\/autosoit.sahradyan.com\/#website\"},\"datePublished\":\"2018-05-02T17:37:06+00:00\",\"dateModified\":\"2019-02-15T12:42:15+00:00\",\"breadcrumb\":{\"@id\":\"https:\/\/autosoit.sahradyan.com\/ru\/erikoolitused\/laste-liikluskasvatuse-koolitused\/koolitused-algkooliopilastele\/algkooli-opilase-helkurikoolitus\/#breadcrumb\"},\"inLanguage\":\"ru-RU\",\"potentialAction\":[{\"@type\":\"ReadAction\",\"target\":[\"https:\/\/autosoit.sahradyan.com\/ru\/erikoolitused\/laste-liikluskasvatuse-koolitused\/koolitused-algkooliopilastele\/algkooli-opilase-helkurikoolitus\/\"]}]},{\"@type\":\"BreadcrumbList\",\"@id\":\"https:\/\/autosoit.sahradyan.com\/ru\/erikoolitused\/laste-liikluskasvatuse-koolitused\/koolitused-algkooliopilastele\/algkooli-opilase-helkurikoolitus\/#breadcrumb\",\"itemListElement\":[{\"@type\":\"ListItem\",\"position\":1,\"name\":\"Home\",\"item\":\"https:\/\/autosoit.sahradyan.com\/ru\/\"},{\"@type\":\"ListItem\",\"position\":2,\"name\":\"\u0421\u043f\u0435\u0446\u0438\u0430\u043b\u044c\u043d\u044b\u0435 \u043a\u0443\u0440\u0441\u044b\",\"item\":\"https:\/\/autosoit.sahradyan.com\/ru\/erikoolitused\/\"},{\"@type\":\"ListItem\",\"position\":3,\"name\":\"\u041e\u0431\u0443\u0447\u0435\u043d\u0438\u0435 \u0434\u0435\u0442\u0435\u0439 \u043f\u0440\u0430\u0432\u0438\u043b\u0430\u043c \u0434\u043e\u0440\u043e\u0436\u043d\u043e\u0433\u043e \u0434\u0432\u0438\u0436\u0435\u043d\u0438\u044f\",\"item\":\"https:\/\/autosoit.sahradyan.com\/ru\/erikoolitused\/laste-liikluskasvatuse-koolitused\/\"},{\"@type\":\"ListItem\",\"position\":4,\"name\":\"Koolitused algkooli\u00f5pilastele\",\"item\":\"https:\/\/autosoit.sahradyan.com\/ru\/erikoolitused\/laste-liikluskasvatuse-koolitused\/koolitused-algkooliopilastele\/\"},{\"@type\":\"ListItem\",\"position\":5,\"name\":\"\u041a\u0443\u0440\u0441 \u043e\u0431\u0443\u0447\u0435\u043d\u0438\u044f \u043f\u043e \u0438\u0441\u043f\u043e\u043b\u044c\u0437\u043e\u0432\u0430\u043d\u0438\u044e \u0441\u0432\u0435\u0442\u043e\u043e\u0442\u0440\u0430\u0436\u0430\u0442\u0435\u043b\u044f \u0434\u043b\u044f \u0443\u0447\u0435\u043d\u0438\u043a\u043e\u0432 \u043d\u0430\u0447\u0430\u043b\u044c\u043d\u044b\u0445 \u0448\u043a\u043e\u043b\"}]},{\"@type\":\"WebSite\",\"@id\":\"https:\/\/autosoit.sahradyan.com\/#website\",\"url\":\"https:\/\/autosoit.sahradyan.com\/\",\"name\":\"Autos\u00f5it\",\"description\":\"Ohutu s\u00f5idu kool\",\"potentialAction\":[{\"@type\":\"SearchAction\",\"target\":{\"@type\":\"EntryPoint\",\"urlTemplate\":\"https:\/\/autosoit.sahradyan.com\/?s={search_term_string}\"},\"query-input\":{\"@type\":\"PropertyValueSpecification\",\"valueRequired\":true,\"valueName\":\"search_term_string\"}}],\"inLanguage\":\"ru-RU\"}]}<\/script>\n<!-- \/ Yoast SEO plugin. -->","yoast_head_json":{"title":"\u041a\u0443\u0440\u0441 \u043e\u0431\u0443\u0447\u0435\u043d\u0438\u044f \u043f\u043e \u0438\u0441\u043f\u043e\u043b\u044c\u0437\u043e\u0432\u0430\u043d\u0438\u044e \u0441\u0432\u0435\u0442\u043e\u043e\u0442\u0440\u0430\u0436\u0430\u0442\u0435\u043b\u044f \u0434\u043b\u044f \u0443\u0447\u0435\u043d\u0438\u043a\u043e\u0432 \u043d\u0430\u0447\u0430\u043b\u044c\u043d\u044b\u0445 \u0448\u043a\u043e\u043b - Autos\u00f5it","robots":{"index":"noindex","follow":"follow","max-snippet":"max-snippet:-1","max-image-preview":"max-image-preview:large","max-video-preview":"max-video-preview:-1"},"og_locale":"ru_RU","og_type":"article","og_title":"\u041a\u0443\u0440\u0441 \u043e\u0431\u0443\u0447\u0435\u043d\u0438\u044f \u043f\u043e \u0438\u0441\u043f\u043e\u043b\u044c\u0437\u043e\u0432\u0430\u043d\u0438\u044e \u0441\u0432\u0435\u0442\u043e\u043e\u0442\u0440\u0430\u0436\u0430\u0442\u0435\u043b\u044f \u0434\u043b\u044f \u0443\u0447\u0435\u043d\u0438\u043a\u043e\u0432 \u043d\u0430\u0447\u0430\u043b\u044c\u043d\u044b\u0445 \u0448\u043a\u043e\u043b - Autos\u00f5it","og_url":"https:\/\/autosoit.sahradyan.com\/ru\/erikoolitused\/laste-liikluskasvatuse-koolitused\/koolitused-algkooliopilastele\/algkooli-opilase-helkurikoolitus\/","og_site_name":"Autos\u00f5it","article_modified_time":"2019-02-15T12:42:15+00:00","twitter_card":"summary_large_image","twitter_misc":{"Est. reading time":"3 minutes"},"schema":{"@context":"https:\/\/schema.org","@graph":[{"@type":"WebPage","@id":"https:\/\/autosoit.sahradyan.com\/ru\/erikoolitused\/laste-liikluskasvatuse-koolitused\/koolitused-algkooliopilastele\/algkooli-opilase-helkurikoolitus\/","url":"https:\/\/autosoit.sahradyan.com\/ru\/erikoolitused\/laste-liikluskasvatuse-koolitused\/koolitused-algkooliopilastele\/algkooli-opilase-helkurikoolitus\/","name":"\u041a\u0443\u0440\u0441 \u043e\u0431\u0443\u0447\u0435\u043d\u0438\u044f \u043f\u043e \u0438\u0441\u043f\u043e\u043b\u044c\u0437\u043e\u0432\u0430\u043d\u0438\u044e \u0441\u0432\u0435\u0442\u043e\u043e\u0442\u0440\u0430\u0436\u0430\u0442\u0435\u043b\u044f \u0434\u043b\u044f \u0443\u0447\u0435\u043d\u0438\u043a\u043e\u0432 \u043d\u0430\u0447\u0430\u043b\u044c\u043d\u044b\u0445 \u0448\u043a\u043e\u043b - Autos\u00f5it","isPartOf":{"@id":"https:\/\/autosoit.sahradyan.com\/#website"},"datePublished":"2018-05-02T17:37:06+00:00","dateModified":"2019-02-15T12:42:15+00:00","breadcrumb":{"@id":"https:\/\/autosoit.sahradyan.com\/ru\/erikoolitused\/laste-liikluskasvatuse-koolitused\/koolitused-algkooliopilastele\/algkooli-opilase-helkurikoolitus\/#breadcrumb"},"inLanguage":"ru-RU","potentialAction":[{"@type":"ReadAction","target":["https:\/\/autosoit.sahradyan.com\/ru\/erikoolitused\/laste-liikluskasvatuse-koolitused\/koolitused-algkooliopilastele\/algkooli-opilase-helkurikoolitus\/"]}]},{"@type":"BreadcrumbList","@id":"https:\/\/autosoit.sahradyan.com\/ru\/erikoolitused\/laste-liikluskasvatuse-koolitused\/koolitused-algkooliopilastele\/algkooli-opilase-helkurikoolitus\/#breadcrumb","itemListElement":[{"@type":"ListItem","position":1,"name":"Home","item":"https:\/\/autosoit.sahradyan.com\/ru\/"},{"@type":"ListItem","position":2,"name":"\u0421\u043f\u0435\u0446\u0438\u0430\u043b\u044c\u043d\u044b\u0435 \u043a\u0443\u0440\u0441\u044b","item":"https:\/\/autosoit.sahradyan.com\/ru\/erikoolitused\/"},{"@type":"ListItem","position":3,"name":"\u041e\u0431\u0443\u0447\u0435\u043d\u0438\u0435 \u0434\u0435\u0442\u0435\u0439 \u043f\u0440\u0430\u0432\u0438\u043b\u0430\u043c \u0434\u043e\u0440\u043e\u0436\u043d\u043e\u0433\u043e \u0434\u0432\u0438\u0436\u0435\u043d\u0438\u044f","item":"https:\/\/autosoit.sahradyan.com\/ru\/erikoolitused\/laste-liikluskasvatuse-koolitused\/"},{"@type":"ListItem","position":4,"name":"Koolitused algkooli\u00f5pilastele","item":"https:\/\/autosoit.sahradyan.com\/ru\/erikoolitused\/laste-liikluskasvatuse-koolitused\/koolitused-algkooliopilastele\/"},{"@type":"ListItem","position":5,"name":"\u041a\u0443\u0440\u0441 \u043e\u0431\u0443\u0447\u0435\u043d\u0438\u044f \u043f\u043e \u0438\u0441\u043f\u043e\u043b\u044c\u0437\u043e\u0432\u0430\u043d\u0438\u044e \u0441\u0432\u0435\u0442\u043e\u043e\u0442\u0440\u0430\u0436\u0430\u0442\u0435\u043b\u044f \u0434\u043b\u044f \u0443\u0447\u0435\u043d\u0438\u043a\u043e\u0432 \u043d\u0430\u0447\u0430\u043b\u044c\u043d\u044b\u0445 \u0448\u043a\u043e\u043b"}]},{"@type":"WebSite","@id":"https:\/\/autosoit.sahradyan.com\/#website","url":"https:\/\/autosoit.sahradyan.com\/","name":"Autos\u00f5it","description":"Ohutu s\u00f5idu kool","potentialAction":[{"@type":"SearchAction","target":{"@type":"EntryPoint","urlTemplate":"https:\/\/autosoit.sahradyan.com\/?s={search_term_string}"},"query-input":{"@type":"PropertyValueSpecification","valueRequired":true,"valueName":"search_term_string"}}],"inLanguage":"ru-RU"}]}},"_links":{"self":[{"href":"https:\/\/autosoit.sahradyan.com\/ru\/wp-json\/wp\/v2\/pages\/2512","targetHints":{"allow":["GET"]}}],"collection":[{"href":"https:\/\/autosoit.sahradyan.com\/ru\/wp-json\/wp\/v2\/pages"}],"about":[{"href":"https:\/\/autosoit.sahradyan.com\/ru\/wp-json\/wp\/v2\/types\/page"}],"author":[{"embeddable":true,"href":"https:\/\/autosoit.sahradyan.com\/ru\/wp-json\/wp\/v2\/users\/9"}],"replies":[{"embeddable":true,"href":"https:\/\/autosoit.sahradyan.com\/ru\/wp-json\/wp\/v2\/comments?post=2512"}],"version-history":[{"count":0,"href":"https:\/\/autosoit.sahradyan.com\/ru\/wp-json\/wp\/v2\/pages\/2512\/revisions"}],"up":[{"embeddable":true,"href":"https:\/\/autosoit.sahradyan.com\/ru\/wp-json\/wp\/v2\/pages\/2510"}],"wp:attachment":[{"href":"https:\/\/autosoit.sahradyan.com\/ru\/wp-json\/wp\/v2\/media?parent=2512"}],"curies":[{"name":"wp","href":"https:\/\/api.w.org\/{rel}","templated":true}]}}