{"id":441,"date":"2017-11-24T10:25:55","date_gmt":"2017-11-24T10:25:55","guid":{"rendered":"https:\/\/autosoit.ee\/?page_id=441"},"modified":"2021-02-15T12:13:27","modified_gmt":"2021-02-15T10:13:27","slug":"firmast","status":"publish","type":"page","link":"https:\/\/autosoit.sahradyan.com\/en\/firmast\/","title":{"rendered":"About us"},"content":{"rendered":"<div class=\"wpb-content-wrapper\"><section class=\"l-section wpb_row height_auto\" style=\"margin-bottom: 0px !important;padding-top: 40px !important;padding-bottom: 0px !important;\"><div class=\"l-section-h i-cf\"><div class=\"g-cols vc_row type_default valign_top\"><div class=\"vc_col-sm-12 wpb_column vc_column_container\"><div class=\"vc_column-inner\"><div class=\"wpb_wrapper\"><div class=\"g-cols wpb_row type_boxes valign_top vc_inner \"><div class=\"vc_col-sm-6 wpb_column vc_column_container has-fill\"><div class=\"vc_column-inner  vc_custom_1522703935529\"><div class=\"wpb_wrapper\">\n\t<div class=\"wpb_text_column \">\n\t\t<div class=\"wpb_wrapper\">\n\t\t\t<p>Autos\u00f5it is active since 2002, being the biggest driving school and business engaged in traffic education in Estonia.<\/p>\n<p>We offer our clients a pleasant and professional driving training and help in questions dealing with applying for a driving licence.<\/p>\n<p>Our strategy is to offer the most broad and easily accessible choice of traffic training; to this end we contribute to service standards and <a href=\"\/en\/kontakt\/\">local networks<\/a> all over Estonia.<\/p>\n<p>There are suitable trainings for applicants of provisional <a href=\"\/en\/juhiload\/b-kategooria-algaste\/\">driving licences<\/a>, <a href=\"\/en\/juhiload\/b-kategooria-loppaste\/\">final stage training<\/a>, <a href=\"\/en\/juhiload\/a-kategooria-mootoratta-juhiluba\/\">motorcyclists<\/a>, <a href=\"\/en\/juhiload\/c-kategooria\/\">persons wishing to drive trucks and trailers<\/a>, and professionals who are looking for <a href=\"\/en\/veoautojuhi-ametikoolitus\/\">professional training<\/a>. We also offer traffic education for children and <a href=\"\/en\/juhiload\/am-kategooria-mopeedijuhi-rollerijuhi-koolitus\/\">moped training<\/a>.<\/p>\n\n\t\t<\/div>\n\t<\/div>\n<\/div><\/div><\/div><div class=\"vc_col-sm-6 wpb_column vc_column_container has-fill\"><div class=\"vc_column-inner  vc_custom_1522703957355\"><div class=\"wpb_wrapper\">\n\t<div class=\"wpb_text_column \">\n\t\t<div class=\"wpb_wrapper\">\n\t\t\t<p>Autos\u00f5it O\u00dc has <a href=\"\/en\/kontakt\/\">12 offices in Estonia<\/a>: Driving schools in Tallinn, Tartu, Rakvere, P\u00e4rnu, Viljandi, Paide, V\u00f5ru, Valga, Haapsalu, J\u00f5hvi, J\u00f5geva, Saue, Aseri where we offer trainings in 16 classrooms.<\/p>\n<p>We have developed a modern <a href=\"https:\/\/e-autokool.eu\/?&amp;new_lang=2\" target=\"_blank\" rel=\"noopener\">e-course<\/a> environment which makes it possible to study wherever you are.<\/p>\n<p>We have more than <strong>80 various<\/strong> vehicles that we use to offer our services, and specialists to help you.<\/p>\n<p>We have three all-year-round <a href=\"\/en\/erikoolitused\/ohutu-ja-libedasoit\/\">slippery tracks<\/a> in Tallinn, Tartu and Aseri, where we organise various trainings, client days, <a href=\"\/en\/firmast\/libedarada\/\">company events and car presentations<\/a>.<\/p>\n\n\t\t<\/div>\n\t<\/div>\n<\/div><\/div><\/div><\/div><div class=\"g-cols wpb_row type_boxes valign_top vc_inner 3colsimgs  vc_custom_1522705612792\"><div class=\"vc_col-sm-4 wpb_column vc_column_container has-fill\"><div class=\"vc_column-inner  vc_custom_1522705678201\"><div class=\"wpb_wrapper\"><div class=\"w-image align_center img100pxh\"><div class=\"w-image-h\"><img loading=\"lazy\" decoding=\"async\" width=\"1455\" height=\"941\" src=\"https:\/\/autosoit.sahradyan.com\/app\/uploads\/2019\/06\/T\u00f6\u00f6taja\u00f5pi_sinine_1-PNG.png\" class=\"attachment-full size-full\" alt=\"\" srcset=\"https:\/\/autosoit.sahradyan.com\/app\/uploads\/2019\/06\/T\u00f6\u00f6taja\u00f5pi_sinine_1-PNG.png 1455w, https:\/\/autosoit.sahradyan.com\/app\/uploads\/2019\/06\/T\u00f6\u00f6taja\u00f5pi_sinine_1-PNG-300x194.png 300w, https:\/\/autosoit.sahradyan.com\/app\/uploads\/2019\/06\/T\u00f6\u00f6taja\u00f5pi_sinine_1-PNG-768x497.png 768w, https:\/\/autosoit.sahradyan.com\/app\/uploads\/2019\/06\/T\u00f6\u00f6taja\u00f5pi_sinine_1-PNG-1024x662.png 1024w\" sizes=\"auto, (max-width: 1455px) 100vw, 1455px\" \/><\/div><\/div><div class=\"w-separator type_invisible size_small thick_1 style_solid color_border cont_none\"><span class=\"w-separator-h\"><\/span><\/div>\n\t<div class=\"wpb_text_column \">\n\t\t<div class=\"wpb_wrapper\">\n\t\t\t<p style=\"text-align: center;\"><a href=\"https:\/\/www.tootukassa.ee\/eng\/content\/prevention-unemployment\/labour-market-training-training-card\" target=\"_blank\" rel=\"noopener\">Work and study!<\/a><\/p>\n\n\t\t<\/div>\n\t<\/div>\n<\/div><\/div><\/div><div class=\"vc_col-sm-4 wpb_column vc_column_container has-fill\"><div class=\"vc_column-inner  vc_custom_1522705671884\"><div class=\"wpb_wrapper\"><div class=\"w-image align_center img100pxh\"><div class=\"w-image-h\"><img decoding=\"async\" src=\"https:\/\/autosoit.sahradyan.com\/app\/uploads\/2017\/11\/handshake.svg\" class=\"attachment-full size-full\" alt=\"\" \/><\/div><\/div><div class=\"w-separator type_invisible size_small thick_1 style_solid color_border cont_none\"><span class=\"w-separator-h\"><\/span><\/div>\n\t<div class=\"wpb_text_column \">\n\t\t<div class=\"wpb_wrapper\">\n\t\t\t<p style=\"text-align: center;\">O\u00dc Autos\u00f5it collaborates with Eesti T\u00f6\u00f6tukassa, the <a href=\"https:\/\/www.tootukassa.ee\/eng\/content\/services\" target=\"_blank\" rel=\"noopener\">Estonian Unemployment Insurance Fund.<\/a><\/p>\n\n\t\t<\/div>\n\t<\/div>\n<\/div><\/div><\/div><div class=\"vc_col-sm-4 wpb_column vc_column_container\"><div class=\"vc_column-inner  vc_custom_1522705647796\"><div class=\"wpb_wrapper\"><div class=\"w-image align_center img100pxh\"><div class=\"w-image-h\"><img loading=\"lazy\" decoding=\"async\" width=\"145\" height=\"100\" src=\"https:\/\/autosoit.sahradyan.com\/app\/uploads\/2017\/11\/es01.jpg\" class=\"attachment-full size-full\" alt=\"\" \/><\/div><\/div><div class=\"w-separator type_invisible size_small thick_1 style_solid color_border cont_none\"><span class=\"w-separator-h\"><\/span><\/div>\n\t<div class=\"wpb_text_column \">\n\t\t<div class=\"wpb_wrapper\">\n\t\t\t<p style=\"text-align: center;\">The company is a member of the <a href=\"http:\/\/www.erscharter.eu\/et\/signatories\/profile\/15387\">European Road Safety Charter<\/a> since 17 June 2009. This is the largest road safety platform with over 27 European Union Member States.<\/p>\n\n\t\t<\/div>\n\t<\/div>\n<\/div><\/div><\/div><\/div><\/div><\/div><\/div><\/div><\/div><\/section><section class=\"l-section wpb_row height_medium with_overlay border-top-title-section tagasiside-row\" id=\"partnerid\"><div class=\"l-section-overlay\" style=\"background-color: #f9f9f9\"><\/div><div class=\"l-section-h i-cf\"><div class=\"g-cols vc_row type_default valign_top\"><div class=\"vc_col-sm-12 wpb_column vc_column_container\"><div class=\"vc_column-inner\"><div class=\"wpb_wrapper\"><div class=\"g-cols wpb_row type_default valign_top vc_inner \"><div class=\"vc_col-sm-12 wpb_column vc_column_container text-center\"><div class=\"vc_column-inner  vc_custom_1511127978975\"><div class=\"wpb_wrapper\">[vc_custom_heading text=&#8221;Our partners&#8221; font_container=&#8221;tag:h4|font_size:30|text_align:left|color:%23000000|line_height:36px&#8221; google_fonts=&#8221;font_family:Roboto%3A100%2C100italic%2C300%2C300italic%2Cregular%2Citalic%2C500%2C500italic%2C700%2C700italic%2C900%2C900italic|font_style:300%20light%20regular%3A300%3Anormal&#8221; el_class=&#8221;border-top-title&#8221;]<\/div><\/div><\/div><\/div><div class=\"g-cols wpb_row type_boxes valign_top vc_inner  vc_custom_1523312320833\"><div class=\"vc_col-sm-3 wpb_column vc_column_container has-fill\"><div class=\"vc_column-inner  vc_custom_1523312194699\"><div class=\"wpb_wrapper\">[vc_custom_heading text=&#8221;Government institutions:&#8221; font_container=&#8221;tag:p|font_size:20|text_align:left|color:%232b2b2b&#8221; google_fonts=&#8221;font_family:Roboto%3A100%2C100italic%2C300%2C300italic%2Cregular%2Citalic%2C500%2C500italic%2C700%2C700italic%2C900%2C900italic|font_style:700%20bold%20regular%3A700%3Anormal&#8221;]\n\t<div class=\"wpb_text_column \">\n\t\t<div class=\"wpb_wrapper\">\n\t\t\t<ul>\n<li>Ministry of Foreign Affairs<\/li>\n<li>Transport Administration<\/li>\n<li>Estonian Defense Forces<\/li>\n<li>Estonian Police<\/li>\n<li>Tallinn Prison<\/li>\n<li>Allied forces \/ NATO<\/li>\n<li>Tartu Ambulance<\/li>\n<li>Tartu Prison<\/li>\n<li>Viru Prison<\/li>\n<\/ul>\n\n\t\t<\/div>\n\t<\/div>\n<\/div><\/div><\/div><div class=\"vc_col-sm-3 wpb_column vc_column_container has-fill\"><div class=\"vc_column-inner  vc_custom_1523312227273\"><div class=\"wpb_wrapper\">[vc_custom_heading text=&#8221;Private sector:&#8221; font_container=&#8221;tag:p|font_size:20|text_align:left|color:%232b2b2b&#8221; google_fonts=&#8221;font_family:Roboto%3A100%2C100italic%2C300%2C300italic%2Cregular%2Citalic%2C500%2C500italic%2C700%2C700italic%2C900%2C900italic|font_style:700%20bold%20regular%3A700%3Anormal&#8221;]\n\t<div class=\"wpb_text_column \">\n\t\t<div class=\"wpb_wrapper\">\n\t\t\t<ul>\n<li>AstraZeneca Eesti O\u00dc<\/li>\n<li>Tallinna Vesi<\/li>\n<li>ALD Automotive Eesti AS<\/li>\n<li>Amserv<\/li>\n<li>Toyota Balti<\/li>\n<li>Hansabuss<\/li>\n<li>Hansarent<\/li>\n<li>ABB AS<\/li>\n<\/ul>\n\n\t\t<\/div>\n\t<\/div>\n<\/div><\/div><\/div><div class=\"vc_col-sm-3 wpb_column vc_column_container has-fill\"><div class=\"vc_column-inner  vc_custom_1523312233916\"><div class=\"wpb_wrapper\">[vc_empty_space height=&#8221;52&#8243;]\n\t<div class=\"wpb_text_column \">\n\t\t<div class=\"wpb_wrapper\">\n\t\t\t<ul>\n<li>Jeldwen Eesti AS<\/li>\n<li>TS Laevad O\u00dc<\/li>\n<li>Bayer O\u00dc<\/li>\n<li>Boehringer ingelheim rcv gmbh &amp; co kg eesti filiaal<\/li>\n<li>Siemens Osakeyhti\u00f6 Eesti filiaal<\/li>\n<li>DriveTech International<\/li>\n<\/ul>\n\n\t\t<\/div>\n\t<\/div>\n<\/div><\/div><\/div><div class=\"vc_col-sm-3 wpb_column vc_column_container has-fill\"><div class=\"vc_column-inner  vc_custom_1523312243749\"><div class=\"wpb_wrapper\">[vc_empty_space height=&#8221;52&#8243;]\n\t<div class=\"wpb_text_column \">\n\t\t<div class=\"wpb_wrapper\">\n\t\t\t<ul>\n<li>GlaxoSmithKline Eesti O\u00dc<\/li>\n<li>Sanofi-aventis Estonia O\u00dc<\/li>\n<li>Roche Eesti O\u00dc<\/li>\n<li>AS G4S Eesti<\/li>\n<li>AS Coca-Cola HBC Eesti<\/li>\n<li>Orica Eesti O\u00dc<\/li>\n<li>Konekesko Eesti AS<\/li>\n<\/ul>\n\n\t\t<\/div>\n\t<\/div>\n<\/div><\/div><\/div><\/div><div class=\"g-cols wpb_row type_boxes valign_top vc_inner  vc_custom_1523312278523\"><div class=\"vc_col-sm-3 wpb_column vc_column_container has-fill\"><div class=\"vc_column-inner  vc_custom_1523312078023\"><div class=\"wpb_wrapper\">[vc_custom_heading text=&#8221;Educational institutions:&#8221; font_container=&#8221;tag:p|font_size:20|text_align:left|color:%232b2b2b&#8221; google_fonts=&#8221;font_family:Roboto%3A100%2C100italic%2C300%2C300italic%2Cregular%2Citalic%2C500%2C500italic%2C700%2C700italic%2C900%2C900italic|font_style:700%20bold%20regular%3A700%3Anormal&#8221;]\n\t<div class=\"wpb_text_column \">\n\t\t<div class=\"wpb_wrapper\">\n\t\t\t<ul>\n<li>Academy of Public Security<\/li>\n<li>Tallinn University<\/li>\n<li>Tallinn University Haapsalu College<\/li>\n<li>Estonian University of Life Sciences<\/li>\n<li>TTK University of Applied Sciences<\/li>\n<\/ul>\n\n\t\t<\/div>\n\t<\/div>\n<\/div><\/div><\/div><div class=\"vc_col-sm-3 wpb_column vc_column_container has-fill\"><div class=\"vc_column-inner  vc_custom_1523312072246\"><div class=\"wpb_wrapper\">[vc_empty_space height=&#8221;52&#8243;]\n\t<div class=\"wpb_text_column \">\n\t\t<div class=\"wpb_wrapper\">\n\t\t\t<ul>\n<li>Tartu Health Care College<\/li>\n<li>Saue Gymnasium<\/li>\n<li>J\u00fcri Gymnasium<\/li>\n<li>Saku Gymnasium<\/li>\n<li>Pirita School of Economics<\/li>\n<\/ul>\n\n\t\t<\/div>\n\t<\/div>\n<\/div><\/div><\/div><div class=\"vc_col-sm-3 wpb_column vc_column_container has-fill\"><div class=\"vc_column-inner  vc_custom_1523312088710\"><div class=\"wpb_wrapper\">[vc_empty_space height=&#8221;52&#8243;]\n\t<div class=\"wpb_text_column \">\n\t\t<div class=\"wpb_wrapper\">\n\t\t\t<ul>\n<li>Pelgulinna Gymnasium<\/li>\n<li>Mustam\u00e4e Gymnasium<\/li>\n<li>Tallinn Art Gymnasium<\/li>\n<li>Viimsi Secondary School<\/li>\n<\/ul>\n\n\t\t<\/div>\n\t<\/div>\n<\/div><\/div><\/div><div class=\"vc_col-sm-3 wpb_column vc_column_container has-fill\"><div class=\"vc_column-inner  vc_custom_1523312100564\"><div class=\"wpb_wrapper\">[vc_empty_space height=&#8221;52&#8243;]\n\t<div class=\"wpb_text_column \">\n\t\t<div class=\"wpb_wrapper\">\n\t\t\t<ul>\n<li>Toila Gymnasium<\/li>\n<li>Palamuse Gymnasium<\/li>\n<li>Hugo Treffner Gymnasium<\/li>\n<li>Elva Gymnasium<\/li>\n<li>Luua Forestry School<\/li>\n<\/ul>\n\n\t\t<\/div>\n\t<\/div>\n<\/div><\/div><\/div><\/div>[vc_empty_space]<\/div><\/div><\/div><\/div><\/div><\/section>\n<\/div>","protected":false},"excerpt":{"rendered":"Autos\u00f5it is active since 2002, being the biggest driving school and business engaged in traffic education in Estonia. We offer...","protected":false},"author":9,"featured_media":0,"parent":0,"menu_order":0,"comment_status":"closed","ping_status":"closed","template":"","meta":{"footnotes":""},"class_list":["post-441","page","type-page","status-publish","hentry"],"yoast_head":"<!-- This site is optimized with the Yoast SEO plugin v25.6 - https:\/\/yoast.com\/wordpress\/plugins\/seo\/ -->\n<title>About us - Autos\u00f5it<\/title>\n<meta name=\"robots\" content=\"noindex, follow, max-snippet:-1, max-image-preview:large, max-video-preview:-1\" \/>\n<meta property=\"og:locale\" content=\"en_US\" \/>\n<meta property=\"og:type\" content=\"article\" \/>\n<meta property=\"og:title\" content=\"About us - Autos\u00f5it\" \/>\n<meta property=\"og:url\" content=\"https:\/\/autosoit.sahradyan.com\/en\/firmast\/\" \/>\n<meta property=\"og:site_name\" content=\"Autos\u00f5it\" \/>\n<meta property=\"article:modified_time\" content=\"2021-02-15T10:13:27+00:00\" \/>\n<meta name=\"twitter:card\" content=\"summary_large_image\" \/>\n<meta name=\"twitter:label1\" content=\"Est. reading time\" \/>\n\t<meta name=\"twitter:data1\" content=\"6 minutes\" \/>\n<script type=\"application\/ld+json\" class=\"yoast-schema-graph\">{\"@context\":\"https:\/\/schema.org\",\"@graph\":[{\"@type\":\"WebPage\",\"@id\":\"https:\/\/autosoit.sahradyan.com\/en\/firmast\/\",\"url\":\"https:\/\/autosoit.sahradyan.com\/en\/firmast\/\",\"name\":\"About us - Autos\u00f5it\",\"isPartOf\":{\"@id\":\"https:\/\/autosoit.sahradyan.com\/#website\"},\"datePublished\":\"2017-11-24T10:25:55+00:00\",\"dateModified\":\"2021-02-15T10:13:27+00:00\",\"breadcrumb\":{\"@id\":\"https:\/\/autosoit.sahradyan.com\/en\/firmast\/#breadcrumb\"},\"inLanguage\":\"en-US\",\"potentialAction\":[{\"@type\":\"ReadAction\",\"target\":[\"https:\/\/autosoit.sahradyan.com\/en\/firmast\/\"]}]},{\"@type\":\"BreadcrumbList\",\"@id\":\"https:\/\/autosoit.sahradyan.com\/en\/firmast\/#breadcrumb\",\"itemListElement\":[{\"@type\":\"ListItem\",\"position\":1,\"name\":\"Home\",\"item\":\"https:\/\/autosoit.sahradyan.com\/en\/\"},{\"@type\":\"ListItem\",\"position\":2,\"name\":\"About us\"}]},{\"@type\":\"WebSite\",\"@id\":\"https:\/\/autosoit.sahradyan.com\/#website\",\"url\":\"https:\/\/autosoit.sahradyan.com\/\",\"name\":\"Autos\u00f5it\",\"description\":\"Ohutu s\u00f5idu kool\",\"potentialAction\":[{\"@type\":\"SearchAction\",\"target\":{\"@type\":\"EntryPoint\",\"urlTemplate\":\"https:\/\/autosoit.sahradyan.com\/?s={search_term_string}\"},\"query-input\":{\"@type\":\"PropertyValueSpecification\",\"valueRequired\":true,\"valueName\":\"search_term_string\"}}],\"inLanguage\":\"en-US\"}]}<\/script>\n<!-- \/ Yoast SEO plugin. -->","yoast_head_json":{"title":"About us - Autos\u00f5it","robots":{"index":"noindex","follow":"follow","max-snippet":"max-snippet:-1","max-image-preview":"max-image-preview:large","max-video-preview":"max-video-preview:-1"},"og_locale":"en_US","og_type":"article","og_title":"About us - Autos\u00f5it","og_url":"https:\/\/autosoit.sahradyan.com\/en\/firmast\/","og_site_name":"Autos\u00f5it","article_modified_time":"2021-02-15T10:13:27+00:00","twitter_card":"summary_large_image","twitter_misc":{"Est. reading time":"6 minutes"},"schema":{"@context":"https:\/\/schema.org","@graph":[{"@type":"WebPage","@id":"https:\/\/autosoit.sahradyan.com\/en\/firmast\/","url":"https:\/\/autosoit.sahradyan.com\/en\/firmast\/","name":"About us - Autos\u00f5it","isPartOf":{"@id":"https:\/\/autosoit.sahradyan.com\/#website"},"datePublished":"2017-11-24T10:25:55+00:00","dateModified":"2021-02-15T10:13:27+00:00","breadcrumb":{"@id":"https:\/\/autosoit.sahradyan.com\/en\/firmast\/#breadcrumb"},"inLanguage":"en-US","potentialAction":[{"@type":"ReadAction","target":["https:\/\/autosoit.sahradyan.com\/en\/firmast\/"]}]},{"@type":"BreadcrumbList","@id":"https:\/\/autosoit.sahradyan.com\/en\/firmast\/#breadcrumb","itemListElement":[{"@type":"ListItem","position":1,"name":"Home","item":"https:\/\/autosoit.sahradyan.com\/en\/"},{"@type":"ListItem","position":2,"name":"About us"}]},{"@type":"WebSite","@id":"https:\/\/autosoit.sahradyan.com\/#website","url":"https:\/\/autosoit.sahradyan.com\/","name":"Autos\u00f5it","description":"Ohutu s\u00f5idu kool","potentialAction":[{"@type":"SearchAction","target":{"@type":"EntryPoint","urlTemplate":"https:\/\/autosoit.sahradyan.com\/?s={search_term_string}"},"query-input":{"@type":"PropertyValueSpecification","valueRequired":true,"valueName":"search_term_string"}}],"inLanguage":"en-US"}]}},"_links":{"self":[{"href":"https:\/\/autosoit.sahradyan.com\/en\/wp-json\/wp\/v2\/pages\/441","targetHints":{"allow":["GET"]}}],"collection":[{"href":"https:\/\/autosoit.sahradyan.com\/en\/wp-json\/wp\/v2\/pages"}],"about":[{"href":"https:\/\/autosoit.sahradyan.com\/en\/wp-json\/wp\/v2\/types\/page"}],"author":[{"embeddable":true,"href":"https:\/\/autosoit.sahradyan.com\/en\/wp-json\/wp\/v2\/users\/9"}],"replies":[{"embeddable":true,"href":"https:\/\/autosoit.sahradyan.com\/en\/wp-json\/wp\/v2\/comments?post=441"}],"version-history":[{"count":0,"href":"https:\/\/autosoit.sahradyan.com\/en\/wp-json\/wp\/v2\/pages\/441\/revisions"}],"wp:attachment":[{"href":"https:\/\/autosoit.sahradyan.com\/en\/wp-json\/wp\/v2\/media?parent=441"}],"curies":[{"name":"wp","href":"https:\/\/api.w.org\/{rel}","templated":true}]}}