{"id":428,"date":"2017-11-24T10:22:13","date_gmt":"2017-11-24T10:22:13","guid":{"rendered":"https:\/\/autosoit.ee\/?page_id=428"},"modified":"2018-05-01T00:16:28","modified_gmt":"2018-05-01T00:16:28","slug":"lasteruhmade-saatmine-avatud-teeliikluses-lasteaia-ja-algkooliopetajatele","status":"publish","type":"page","link":"https:\/\/autosoit.sahradyan.com\/en\/erikoolitused\/laste-liikluskasvatuse-koolitused\/koolitused-opetajatele\/lasteruhmade-saatmine-avatud-teeliikluses-lasteaia-ja-algkooliopetajatele\/","title":{"rendered":"\u201eLaster\u00fchmade saatmine&#8221; avatud teeliikluses lasteaia ja algkooli\u00f5petajatele"},"content":{"rendered":"<div class=\"wpb-content-wrapper\"><section class=\"l-section wpb_row height_medium\"><div class=\"l-section-h i-cf\"><div class=\"g-cols vc_row type_default valign_top\"><div class=\"vc_col-sm-12 wpb_column vc_column_container\"><div class=\"vc_column-inner\"><div class=\"wpb_wrapper\"><div class=\"g-cols wpb_row type_default valign_top vc_inner \"><div class=\"vc_col-sm-6 wpb_column vc_column_container\"><div class=\"vc_column-inner\"><div class=\"wpb_wrapper\">\n\t<div class=\"wpb_text_column \">\n\t\t<div class=\"wpb_wrapper\">\n\t\t\t<p><strong>Koolituse pikkus:<\/strong> teooria 2 tundi +praktika<br \/>\n<strong>Teooria:<\/strong> Loeng sisaldab endas seadusandliku osa, peatumism\u00e4rguannete andmist ja sellega kaasnevaid ohtusid. Kiiruse m\u00f5ju reageerimis-, pidurdus- ja peatumis-teekondadele, samuti n\u00e4gemisele.<\/p>\n<p>Kokkup\u00f5rke kiirus. Kuidas laster\u00fchma koostada (kus asub saatja ja kus lapsed), millised abivahendid oleksid h\u00e4davajalikud. Riietus, jne.<\/p>\n\n\t\t<\/div>\n\t<\/div>\n<\/div><\/div><\/div><div class=\"vc_col-sm-6 wpb_column vc_column_container\"><div class=\"vc_column-inner\"><div class=\"wpb_wrapper\">\n\t<div class=\"wpb_text_column \">\n\t\t<div class=\"wpb_wrapper\">\n\t\t\t<p><strong>NB!<\/strong> Laster\u00fchma saatja on v\u00f5rdv\u00e4\u00e4rsete \u00f5igustega oma volituse piires liiklusreguleerijaga ja tema korraldused on liiklejatele kohustuslikud, seda aga paljud kasvatajad ei tea ja seega kardavad avatud liikluses oma \u00f5iguseid maksma panna.<\/p>\n<p><strong>Praktika:<\/strong> H\u00f5lmab endas laster\u00fchma (moodustatakse koolitusel osalejatest) saatmist reaalses liikluses.<br \/>\nKoolituse k\u00e4igus l\u00e4bitakse reaalseid olukordi, kus kasvataja peab eelnevalt teoorias omandatut praktiseerima.<\/p>\n\n\t\t<\/div>\n\t<\/div>\n<\/div><\/div><\/div><\/div><\/div><\/div><\/div><\/div><\/div><\/section><section class=\"l-section wpb_row height_medium\"><div class=\"l-section-h i-cf\"><div class=\"g-cols vc_row type_default valign_top\"><div class=\"vc_col-sm-12 wpb_column vc_column_container\"><div class=\"vc_column-inner  vc_custom_1516357020129\"><div class=\"wpb_wrapper\"><div class=\"g-cols wpb_row type_boxes valign_top vc_inner  vc_custom_1521063624290\"><div class=\"vc_col-sm-6 wpb_column vc_column_container has-fill\"><div class=\"vc_column-inner  vc_custom_1521063592818\"><div class=\"wpb_wrapper\">\n\t<div class=\"wpb_text_column \">\n\t\t<div class=\"wpb_wrapper\">\n\t\t\t<p>Tutvu ka <a href=\"https:\/\/autosoit.ee\/erikoolitused\/lasteruhma-saatja-koolitus\/\">Laster\u00fchma saatja koolitus<\/a><\/p>\n\n\t\t<\/div>\n\t<\/div>\n<div class=\" ubtn-ctn-left btn-nomargin registreeri-koolitusele\"><a class=\"ubtn-link ult-adjust-bottom-margin ubtn-left ubtn-mini btn-nomargin registreeri-koolitusele\" href=\"\/ajakava-ja-hinnad\/\" ><button type=\"button\" id=\"ubtn-9625\"  class=\"ubtn ult-adjust-bottom-margin ult-responsive ubtn-mini ubtn-no-hover-bg  none  ubtn-left   tooltip-69e008623e658\"  data-hover=\"#ffffff\" data-border-color=\"#0a0a0a\" data-bg=\"\" data-hover-bg=\"#0a0a0a\" data-border-hover=\"#0a0a0a\" data-shadow-hover=\"\" data-shadow-click=\"none\" data-shadow=\"\" data-shd-shadow=\"\"  data-ultimate-target='#ubtn-9625'  data-responsive-json-new='{\"font-size\":\"\",\"line-height\":\"\"}'  style=\"font-weight:normal;border-radius:3px;border-width:1px;border-color:#0a0a0a;border-style:solid;color: #000000;\"><span class=\"ubtn-hover\" style=\"background-color:#0a0a0a\"><\/span><span class=\"ubtn-data ubtn-text \" > REGISTREERI KOOLITUSELE<\/span><\/button><\/a><\/div><\/div><\/div><\/div><div class=\"vc_col-sm-6 wpb_column vc_column_container has-fill\"><div class=\"vc_column-inner  vc_custom_1521063605213\"><div class=\"wpb_wrapper\">\n\t<div class=\"wpb_text_column \">\n\t\t<div class=\"wpb_wrapper\">\n\t\t\t<p><b>Helista ja k\u00fcsi lisa!<\/b><\/p>\n\n\t\t<\/div>\n\t<\/div>\n\n\t<div class=\"wpb_text_column \">\n\t\t<div class=\"wpb_wrapper\">\n\t\t\t<p>Info\u00a0 ja registreerumine<br \/>\ntel. <a href=\"tel:53008809\"><span class=\"s1\">53008809<\/span><\/a><br \/>\n<a href=\"mailto:toomas.alekors@autosoit.ee\"><span class=\"s1\">toomas.alekors@autosoit.ee<\/span><\/a>.<\/p>\n\n\t\t<\/div>\n\t<\/div>\n<\/div><\/div><\/div><\/div><\/div><\/div><\/div><\/div><\/div><\/section><section class=\"l-section wpb_row height_medium\"><div class=\"l-section-h i-cf\"><div class=\"g-cols vc_row type_default valign_top\"><div class=\"vc_col-sm-12 wpb_column vc_column_container\"><div class=\"vc_column-inner  vc_custom_1516357020129\"><div class=\"wpb_wrapper\"><\/div><\/div><\/div><\/div><\/div><\/section>\n<\/div>","protected":false},"excerpt":{"rendered":"Koolituse pikkus: teooria 2 tundi +praktika Teooria: Loeng sisaldab endas seadusandliku osa, peatumism\u00e4rguannete andmist ja sellega kaasnevaid ohtusid. Kiiruse m\u00f5ju...","protected":false},"author":9,"featured_media":0,"parent":426,"menu_order":0,"comment_status":"closed","ping_status":"closed","template":"","meta":{"footnotes":""},"class_list":["post-428","page","type-page","status-publish","hentry"],"yoast_head":"<!-- This site is optimized with the Yoast SEO plugin v25.6 - https:\/\/yoast.com\/wordpress\/plugins\/seo\/ -->\n<title>\u201eLaster\u00fchmade saatmine&quot; avatud teeliikluses lasteaia ja algkooli\u00f5petajatele - Autos\u00f5it<\/title>\n<meta name=\"robots\" content=\"noindex, follow, max-snippet:-1, max-image-preview:large, max-video-preview:-1\" \/>\n<meta property=\"og:locale\" content=\"en_US\" \/>\n<meta property=\"og:type\" content=\"article\" \/>\n<meta property=\"og:title\" content=\"\u201eLaster\u00fchmade saatmine&quot; avatud teeliikluses lasteaia ja algkooli\u00f5petajatele - Autos\u00f5it\" \/>\n<meta property=\"og:url\" content=\"https:\/\/autosoit.sahradyan.com\/en\/erikoolitused\/laste-liikluskasvatuse-koolitused\/koolitused-opetajatele\/lasteruhmade-saatmine-avatud-teeliikluses-lasteaia-ja-algkooliopetajatele\/\" \/>\n<meta property=\"og:site_name\" content=\"Autos\u00f5it\" \/>\n<meta property=\"article:modified_time\" content=\"2018-05-01T00:16:28+00:00\" \/>\n<meta name=\"twitter:card\" content=\"summary_large_image\" \/>\n<meta name=\"twitter:label1\" content=\"Est. reading time\" \/>\n\t<meta name=\"twitter:data1\" content=\"2 minutes\" \/>\n<script type=\"application\/ld+json\" class=\"yoast-schema-graph\">{\"@context\":\"https:\/\/schema.org\",\"@graph\":[{\"@type\":\"WebPage\",\"@id\":\"https:\/\/autosoit.sahradyan.com\/en\/erikoolitused\/laste-liikluskasvatuse-koolitused\/koolitused-opetajatele\/lasteruhmade-saatmine-avatud-teeliikluses-lasteaia-ja-algkooliopetajatele\/\",\"url\":\"https:\/\/autosoit.sahradyan.com\/en\/erikoolitused\/laste-liikluskasvatuse-koolitused\/koolitused-opetajatele\/lasteruhmade-saatmine-avatud-teeliikluses-lasteaia-ja-algkooliopetajatele\/\",\"name\":\"\u201eLaster\u00fchmade saatmine\\\" avatud teeliikluses lasteaia ja algkooli\u00f5petajatele - Autos\u00f5it\",\"isPartOf\":{\"@id\":\"https:\/\/autosoit.sahradyan.com\/#website\"},\"datePublished\":\"2017-11-24T10:22:13+00:00\",\"dateModified\":\"2018-05-01T00:16:28+00:00\",\"breadcrumb\":{\"@id\":\"https:\/\/autosoit.sahradyan.com\/en\/erikoolitused\/laste-liikluskasvatuse-koolitused\/koolitused-opetajatele\/lasteruhmade-saatmine-avatud-teeliikluses-lasteaia-ja-algkooliopetajatele\/#breadcrumb\"},\"inLanguage\":\"en-US\",\"potentialAction\":[{\"@type\":\"ReadAction\",\"target\":[\"https:\/\/autosoit.sahradyan.com\/en\/erikoolitused\/laste-liikluskasvatuse-koolitused\/koolitused-opetajatele\/lasteruhmade-saatmine-avatud-teeliikluses-lasteaia-ja-algkooliopetajatele\/\"]}]},{\"@type\":\"BreadcrumbList\",\"@id\":\"https:\/\/autosoit.sahradyan.com\/en\/erikoolitused\/laste-liikluskasvatuse-koolitused\/koolitused-opetajatele\/lasteruhmade-saatmine-avatud-teeliikluses-lasteaia-ja-algkooliopetajatele\/#breadcrumb\",\"itemListElement\":[{\"@type\":\"ListItem\",\"position\":1,\"name\":\"Home\",\"item\":\"https:\/\/autosoit.sahradyan.com\/en\/\"},{\"@type\":\"ListItem\",\"position\":2,\"name\":\"Special training\",\"item\":\"https:\/\/autosoit.sahradyan.com\/en\/erikoolitused\/\"},{\"@type\":\"ListItem\",\"position\":3,\"name\":\"Traffic education training for children\",\"item\":\"https:\/\/autosoit.sahradyan.com\/en\/erikoolitused\/laste-liikluskasvatuse-koolitused\/\"},{\"@type\":\"ListItem\",\"position\":4,\"name\":\"Koolitused \u00f5petajatele\",\"item\":\"https:\/\/autosoit.sahradyan.com\/en\/erikoolitused\/laste-liikluskasvatuse-koolitused\/koolitused-opetajatele\/\"},{\"@type\":\"ListItem\",\"position\":5,\"name\":\"\u201eLaster\u00fchmade saatmine&#8221; avatud teeliikluses lasteaia ja algkooli\u00f5petajatele\"}]},{\"@type\":\"WebSite\",\"@id\":\"https:\/\/autosoit.sahradyan.com\/#website\",\"url\":\"https:\/\/autosoit.sahradyan.com\/\",\"name\":\"Autos\u00f5it\",\"description\":\"Ohutu s\u00f5idu kool\",\"potentialAction\":[{\"@type\":\"SearchAction\",\"target\":{\"@type\":\"EntryPoint\",\"urlTemplate\":\"https:\/\/autosoit.sahradyan.com\/?s={search_term_string}\"},\"query-input\":{\"@type\":\"PropertyValueSpecification\",\"valueRequired\":true,\"valueName\":\"search_term_string\"}}],\"inLanguage\":\"en-US\"}]}<\/script>\n<!-- \/ Yoast SEO plugin. -->","yoast_head_json":{"title":"\u201eLaster\u00fchmade saatmine\" avatud teeliikluses lasteaia ja algkooli\u00f5petajatele - Autos\u00f5it","robots":{"index":"noindex","follow":"follow","max-snippet":"max-snippet:-1","max-image-preview":"max-image-preview:large","max-video-preview":"max-video-preview:-1"},"og_locale":"en_US","og_type":"article","og_title":"\u201eLaster\u00fchmade saatmine\" avatud teeliikluses lasteaia ja algkooli\u00f5petajatele - Autos\u00f5it","og_url":"https:\/\/autosoit.sahradyan.com\/en\/erikoolitused\/laste-liikluskasvatuse-koolitused\/koolitused-opetajatele\/lasteruhmade-saatmine-avatud-teeliikluses-lasteaia-ja-algkooliopetajatele\/","og_site_name":"Autos\u00f5it","article_modified_time":"2018-05-01T00:16:28+00:00","twitter_card":"summary_large_image","twitter_misc":{"Est. reading time":"2 minutes"},"schema":{"@context":"https:\/\/schema.org","@graph":[{"@type":"WebPage","@id":"https:\/\/autosoit.sahradyan.com\/en\/erikoolitused\/laste-liikluskasvatuse-koolitused\/koolitused-opetajatele\/lasteruhmade-saatmine-avatud-teeliikluses-lasteaia-ja-algkooliopetajatele\/","url":"https:\/\/autosoit.sahradyan.com\/en\/erikoolitused\/laste-liikluskasvatuse-koolitused\/koolitused-opetajatele\/lasteruhmade-saatmine-avatud-teeliikluses-lasteaia-ja-algkooliopetajatele\/","name":"\u201eLaster\u00fchmade saatmine\" avatud teeliikluses lasteaia ja algkooli\u00f5petajatele - Autos\u00f5it","isPartOf":{"@id":"https:\/\/autosoit.sahradyan.com\/#website"},"datePublished":"2017-11-24T10:22:13+00:00","dateModified":"2018-05-01T00:16:28+00:00","breadcrumb":{"@id":"https:\/\/autosoit.sahradyan.com\/en\/erikoolitused\/laste-liikluskasvatuse-koolitused\/koolitused-opetajatele\/lasteruhmade-saatmine-avatud-teeliikluses-lasteaia-ja-algkooliopetajatele\/#breadcrumb"},"inLanguage":"en-US","potentialAction":[{"@type":"ReadAction","target":["https:\/\/autosoit.sahradyan.com\/en\/erikoolitused\/laste-liikluskasvatuse-koolitused\/koolitused-opetajatele\/lasteruhmade-saatmine-avatud-teeliikluses-lasteaia-ja-algkooliopetajatele\/"]}]},{"@type":"BreadcrumbList","@id":"https:\/\/autosoit.sahradyan.com\/en\/erikoolitused\/laste-liikluskasvatuse-koolitused\/koolitused-opetajatele\/lasteruhmade-saatmine-avatud-teeliikluses-lasteaia-ja-algkooliopetajatele\/#breadcrumb","itemListElement":[{"@type":"ListItem","position":1,"name":"Home","item":"https:\/\/autosoit.sahradyan.com\/en\/"},{"@type":"ListItem","position":2,"name":"Special training","item":"https:\/\/autosoit.sahradyan.com\/en\/erikoolitused\/"},{"@type":"ListItem","position":3,"name":"Traffic education training for children","item":"https:\/\/autosoit.sahradyan.com\/en\/erikoolitused\/laste-liikluskasvatuse-koolitused\/"},{"@type":"ListItem","position":4,"name":"Koolitused \u00f5petajatele","item":"https:\/\/autosoit.sahradyan.com\/en\/erikoolitused\/laste-liikluskasvatuse-koolitused\/koolitused-opetajatele\/"},{"@type":"ListItem","position":5,"name":"\u201eLaster\u00fchmade saatmine&#8221; avatud teeliikluses lasteaia ja algkooli\u00f5petajatele"}]},{"@type":"WebSite","@id":"https:\/\/autosoit.sahradyan.com\/#website","url":"https:\/\/autosoit.sahradyan.com\/","name":"Autos\u00f5it","description":"Ohutu s\u00f5idu kool","potentialAction":[{"@type":"SearchAction","target":{"@type":"EntryPoint","urlTemplate":"https:\/\/autosoit.sahradyan.com\/?s={search_term_string}"},"query-input":{"@type":"PropertyValueSpecification","valueRequired":true,"valueName":"search_term_string"}}],"inLanguage":"en-US"}]}},"_links":{"self":[{"href":"https:\/\/autosoit.sahradyan.com\/en\/wp-json\/wp\/v2\/pages\/428","targetHints":{"allow":["GET"]}}],"collection":[{"href":"https:\/\/autosoit.sahradyan.com\/en\/wp-json\/wp\/v2\/pages"}],"about":[{"href":"https:\/\/autosoit.sahradyan.com\/en\/wp-json\/wp\/v2\/types\/page"}],"author":[{"embeddable":true,"href":"https:\/\/autosoit.sahradyan.com\/en\/wp-json\/wp\/v2\/users\/9"}],"replies":[{"embeddable":true,"href":"https:\/\/autosoit.sahradyan.com\/en\/wp-json\/wp\/v2\/comments?post=428"}],"version-history":[{"count":0,"href":"https:\/\/autosoit.sahradyan.com\/en\/wp-json\/wp\/v2\/pages\/428\/revisions"}],"up":[{"embeddable":true,"href":"https:\/\/autosoit.sahradyan.com\/en\/wp-json\/wp\/v2\/pages\/426"}],"wp:attachment":[{"href":"https:\/\/autosoit.sahradyan.com\/en\/wp-json\/wp\/v2\/media?parent=428"}],"curies":[{"name":"wp","href":"https:\/\/api.w.org\/{rel}","templated":true}]}}