{"id":418,"date":"2017-11-24T10:19:56","date_gmt":"2017-11-24T10:19:56","guid":{"rendered":"https:\/\/autosoit.ee\/?page_id=418"},"modified":"2018-05-01T00:16:03","modified_gmt":"2018-05-01T00:16:03","slug":"liiklusohutusealane-loeng-gumnaasiumiealistele-noortele","status":"publish","type":"page","link":"https:\/\/autosoit.sahradyan.com\/en\/erikoolitused\/laste-liikluskasvatuse-koolitused\/koolitused-gumnaasiumiopilastele\/liiklusohutusealane-loeng-gumnaasiumiealistele-noortele\/","title":{"rendered":"Liiklusohutusealane loeng g\u00fcmnaasiumiealistele noortele"},"content":{"rendered":"<div class=\"wpb-content-wrapper\"><section class=\"l-section wpb_row height_medium\"><div class=\"l-section-h i-cf\"><div class=\"g-cols vc_row type_default valign_top\"><div class=\"vc_col-sm-12 wpb_column vc_column_container\"><div class=\"vc_column-inner\"><div class=\"wpb_wrapper\"><div class=\"g-cols wpb_row type_default valign_top vc_inner \"><div class=\"vc_col-sm-6 wpb_column vc_column_container\"><div class=\"vc_column-inner\"><div class=\"wpb_wrapper\">\n\t<div class=\"wpb_text_column \">\n\t\t<div class=\"wpb_wrapper\">\n\t\t\t<p><strong>Koolituse pikkus:<\/strong>\u00a02 \u00f5ppetundi<br \/>\n<strong>Grupi suurus<\/strong>\u00a0kuni 50 \u00f5pilast.<\/p>\n<p>Traagiliste liiklus\u00f5nnetuste osakaal noortega on k\u00f5rge. Ohtlikuim vanusegrupp on 17-23 eluaastat. Liiklus\u00f5nnetuses vigastada ja surma saanud inimeste vanus on h\u00fcppeliselt noorenenud.<\/p>\n<p>Koolitusega teavitatakse juba hetkel riskir\u00fchmas olevaid v\u00f5i peagi sinna j\u00f5udvaid noori.<br \/>\nLoengus k\u00e4sitletakse enimlevinud ohte (alkohol, kiirus, juhtimisoskus, enesehinnang juhina ja kaasreisijana), mis kaasnevad s\u00f5idukijuhtimisega. Lisaks k\u00e4sitletakse \u00fcldiseid liiklusohutusalaseid teemasid ja k\u00fcsimusi, nn. kiiruse m\u00f5ju reageerimis-, pidurdus- ja peatumisteekondadele ning j\u00e4\u00e4kkiirusele. Kuidas reisijana on v\u00f5imalik lisada passiivset turvalisust s\u00f5idukis ning millele p\u00f6\u00f6rata veel t\u00e4helepanu liikluskeerises ellu j\u00e4\u00e4miseks.<\/p>\n\n\t\t<\/div>\n\t<\/div>\n<\/div><\/div><\/div><div class=\"vc_col-sm-6 wpb_column vc_column_container\"><div class=\"vc_column-inner\"><div class=\"wpb_wrapper\">\n\t<div class=\"wpb_text_column \">\n\t\t<div class=\"wpb_wrapper\">\n\t\t\t<p>Koolituse k\u00e4igus anal\u00fc\u00fcsitakse reaalselt toimunud liiklus\u00f5nnetusi, nende v\u00f5imalikke tekkep\u00f5hjuseid ja \u00fcritatakse leida v\u00f5imalusi, kuidas oleks olnud v\u00f5imalik analoogseid \u00f5nnetusi \u00e4ra hoida.<\/p>\n\n\t\t<\/div>\n\t<\/div>\n\n\t<div class=\"wpb_text_column \">\n\t\t<div class=\"wpb_wrapper\">\n\t\t\t<p><b><strong>Koolituse l\u00e4binu<\/strong>:<\/b><\/p>\n\n\t\t<\/div>\n\t<\/div>\n<div class=\"uavc-list-icon uavc-list-icon-wrapper ult-adjust-bottom-margin   \"><ul class=\"uavc-list\"><li><div class=\"uavc-list-content\" id=\"list-icon-wrap-4652\">\n<div class=\"uavc-list-icon  \" data-animation=\"\" data-animation-delay=\"03\" style=\"margin-right:10px;\"><div class=\"ult-just-icon-wrapper  \"><div class=\"align-icon\" style=\"text-align:center;\">\n<div class=\"aio-icon none \"  style=\"color:#6de544;font-size:18px;display:inline-block;\">\n\t<i class=\"Defaults-check\"><\/i>\n<\/div><\/div><\/div>\n<\/div><span  data-ultimate-target='#list-icon-wrap-4652 .uavc-list-desc'  data-responsive-json-new='{\"font-size\":\"\",\"line-height\":\"\"}'  class=\"uavc-list-desc ult-responsive\" style=\"\">teab liikluses enimlevinud ohtusid;<\/span><\/div><\/li><li><div class=\"uavc-list-content\" id=\"list-icon-wrap-7000\">\n<div class=\"uavc-list-icon  \" data-animation=\"\" data-animation-delay=\"03\" style=\"margin-right:10px;\"><div class=\"ult-just-icon-wrapper  \"><div class=\"align-icon\" style=\"text-align:center;\">\n<div class=\"aio-icon none \"  style=\"color:#6de544;font-size:18px;display:inline-block;\">\n\t<i class=\"Defaults-check\"><\/i>\n<\/div><\/div><\/div>\n<\/div><span  data-ultimate-target='#list-icon-wrap-7000 .uavc-list-desc'  data-responsive-json-new='{\"font-size\":\"\",\"line-height\":\"\"}'  class=\"uavc-list-desc ult-responsive\" style=\"\">teab, et pidurdus- ja peatumisteekonna pikkus s\u00f5ltub s\u00f5iduki kiirusest, tee- ja ilmastikuoludest (vihm, lumi, j\u00e4\u00e4);<\/span><\/div><\/li><li><div class=\"uavc-list-content\" id=\"list-icon-wrap-9672\">\n<div class=\"uavc-list-icon  \" data-animation=\"\" data-animation-delay=\"03\" style=\"margin-right:10px;\"><div class=\"ult-just-icon-wrapper  \"><div class=\"align-icon\" style=\"text-align:center;\">\n<div class=\"aio-icon none \"  style=\"color:#6de544;font-size:18px;display:inline-block;\">\n\t<i class=\"Defaults-check\"><\/i>\n<\/div><\/div><\/div>\n<\/div><span  data-ultimate-target='#list-icon-wrap-9672 .uavc-list-desc'  data-responsive-json-new='{\"font-size\":\"\",\"line-height\":\"\"}'  class=\"uavc-list-desc ult-responsive\" style=\"\">teab kuidas reisijana on v\u00f5imalik lisada passiivset turvalisust s\u00f5idukis;<\/span><\/div><\/li><li><div class=\"uavc-list-content\" id=\"list-icon-wrap-5281\">\n<div class=\"uavc-list-icon  \" data-animation=\"\" data-animation-delay=\"03\" style=\"margin-right:10px;\"><div class=\"ult-just-icon-wrapper  \"><div class=\"align-icon\" style=\"text-align:center;\">\n<div class=\"aio-icon none \"  style=\"color:#6de544;font-size:18px;display:inline-block;\">\n\t<i class=\"Defaults-check\"><\/i>\n<\/div><\/div><\/div>\n<\/div><span  data-ultimate-target='#list-icon-wrap-5281 .uavc-list-desc'  data-responsive-json-new='{\"font-size\":\"\",\"line-height\":\"\"}'  class=\"uavc-list-desc ult-responsive\" style=\"\">m\u00f5istab noore s\u00f5idukijuhi enesehinnangust tulenevaid ohtusid.<\/span><\/div><\/li><\/ul><\/div><\/div><\/div><\/div><\/div><\/div><\/div><\/div><\/div><\/div><\/section><section class=\"l-section wpb_row height_medium\"><div class=\"l-section-h i-cf\"><div class=\"g-cols vc_row type_default valign_top\"><div class=\"vc_col-sm-12 wpb_column vc_column_container\"><div class=\"vc_column-inner  vc_custom_1516357020129\"><div class=\"wpb_wrapper\"><div class=\"g-cols wpb_row type_boxes valign_top vc_inner  vc_custom_1521063624290\"><div class=\"vc_col-sm-6 wpb_column vc_column_container has-fill\"><div class=\"vc_column-inner  vc_custom_1521063592818\"><div class=\"wpb_wrapper\">\n\t<div class=\"wpb_text_column \">\n\t\t<div class=\"wpb_wrapper\">\n\t\t\t<p>Kui sul on soov pakkuda lastele midagi liiklusest, siis p\u00f6\u00f6rdu julgelt \u2013 k\u00f5ik on v\u00f5imalik!<\/p>\n\n\t\t<\/div>\n\t<\/div>\n<div class=\" ubtn-ctn-left btn-nomargin registreeri-koolitusele\"><a class=\"ubtn-link ult-adjust-bottom-margin ubtn-left ubtn-mini btn-nomargin registreeri-koolitusele\" href=\"\/ajakava-ja-hinnad\/\" ><button type=\"button\" id=\"ubtn-7471\"  class=\"ubtn ult-adjust-bottom-margin ult-responsive ubtn-mini ubtn-no-hover-bg  none  ubtn-left   tooltip-69e0065be4896\"  data-hover=\"#ffffff\" data-border-color=\"#0a0a0a\" data-bg=\"\" data-hover-bg=\"#0a0a0a\" data-border-hover=\"#0a0a0a\" data-shadow-hover=\"\" data-shadow-click=\"none\" data-shadow=\"\" data-shd-shadow=\"\"  data-ultimate-target='#ubtn-7471'  data-responsive-json-new='{\"font-size\":\"\",\"line-height\":\"\"}'  style=\"font-weight:normal;border-radius:3px;border-width:1px;border-color:#0a0a0a;border-style:solid;color: #000000;\"><span class=\"ubtn-hover\" style=\"background-color:#0a0a0a\"><\/span><span class=\"ubtn-data ubtn-text \" > REGISTREERI KOOLITUSELE<\/span><\/button><\/a><\/div><\/div><\/div><\/div><div class=\"vc_col-sm-6 wpb_column vc_column_container has-fill\"><div class=\"vc_column-inner  vc_custom_1521063605213\"><div class=\"wpb_wrapper\">\n\t<div class=\"wpb_text_column \">\n\t\t<div class=\"wpb_wrapper\">\n\t\t\t<p><b>Helista ja k\u00fcsi lisa!<\/b><\/p>\n\n\t\t<\/div>\n\t<\/div>\n\n\t<div class=\"wpb_text_column \">\n\t\t<div class=\"wpb_wrapper\">\n\t\t\t<p>Info\u00a0 ja registreerumine<br \/>\ntel. <a href=\"tel:53008809\"><span class=\"s1\">53008809<\/span><\/a><br \/>\n<a href=\"mailto:toomas.alekors@autosoit.ee\"><span class=\"s1\">toomas.alekors@autosoit.ee<\/span><\/a>.<\/p>\n\n\t\t<\/div>\n\t<\/div>\n<\/div><\/div><\/div><\/div><\/div><\/div><\/div><\/div><\/div><\/section><section class=\"l-section wpb_row height_medium\"><div class=\"l-section-h i-cf\"><div class=\"g-cols vc_row type_default valign_top\"><div class=\"vc_col-sm-12 wpb_column vc_column_container\"><div class=\"vc_column-inner  vc_custom_1516357020129\"><div class=\"wpb_wrapper\"><\/div><\/div><\/div><\/div><\/div><\/section>\n<\/div>","protected":false},"excerpt":{"rendered":"Koolituse pikkus:\u00a02 \u00f5ppetundi Grupi suurus\u00a0kuni 50 \u00f5pilast. Traagiliste liiklus\u00f5nnetuste osakaal noortega on k\u00f5rge. Ohtlikuim vanusegrupp on 17-23 eluaastat. Liiklus\u00f5nnetuses vigastada...","protected":false},"author":9,"featured_media":0,"parent":416,"menu_order":0,"comment_status":"closed","ping_status":"closed","template":"","meta":{"footnotes":""},"class_list":["post-418","page","type-page","status-publish","hentry"],"yoast_head":"<!-- This site is optimized with the Yoast SEO plugin v25.6 - https:\/\/yoast.com\/wordpress\/plugins\/seo\/ -->\n<title>Liiklusohutusealane loeng g\u00fcmnaasiumiealistele noortele - Autos\u00f5it<\/title>\n<meta name=\"robots\" content=\"noindex, follow, max-snippet:-1, max-image-preview:large, max-video-preview:-1\" \/>\n<meta property=\"og:locale\" content=\"en_US\" \/>\n<meta property=\"og:type\" content=\"article\" \/>\n<meta property=\"og:title\" content=\"Liiklusohutusealane loeng g\u00fcmnaasiumiealistele noortele - Autos\u00f5it\" \/>\n<meta property=\"og:url\" content=\"https:\/\/autosoit.sahradyan.com\/en\/erikoolitused\/laste-liikluskasvatuse-koolitused\/koolitused-gumnaasiumiopilastele\/liiklusohutusealane-loeng-gumnaasiumiealistele-noortele\/\" \/>\n<meta property=\"og:site_name\" content=\"Autos\u00f5it\" \/>\n<meta property=\"article:modified_time\" content=\"2018-05-01T00:16:03+00:00\" \/>\n<meta name=\"twitter:card\" content=\"summary_large_image\" \/>\n<meta name=\"twitter:label1\" content=\"Est. reading time\" \/>\n\t<meta name=\"twitter:data1\" content=\"2 minutes\" \/>\n<script type=\"application\/ld+json\" class=\"yoast-schema-graph\">{\"@context\":\"https:\/\/schema.org\",\"@graph\":[{\"@type\":\"WebPage\",\"@id\":\"https:\/\/autosoit.sahradyan.com\/en\/erikoolitused\/laste-liikluskasvatuse-koolitused\/koolitused-gumnaasiumiopilastele\/liiklusohutusealane-loeng-gumnaasiumiealistele-noortele\/\",\"url\":\"https:\/\/autosoit.sahradyan.com\/en\/erikoolitused\/laste-liikluskasvatuse-koolitused\/koolitused-gumnaasiumiopilastele\/liiklusohutusealane-loeng-gumnaasiumiealistele-noortele\/\",\"name\":\"Liiklusohutusealane loeng g\u00fcmnaasiumiealistele noortele - Autos\u00f5it\",\"isPartOf\":{\"@id\":\"https:\/\/autosoit.sahradyan.com\/#website\"},\"datePublished\":\"2017-11-24T10:19:56+00:00\",\"dateModified\":\"2018-05-01T00:16:03+00:00\",\"breadcrumb\":{\"@id\":\"https:\/\/autosoit.sahradyan.com\/en\/erikoolitused\/laste-liikluskasvatuse-koolitused\/koolitused-gumnaasiumiopilastele\/liiklusohutusealane-loeng-gumnaasiumiealistele-noortele\/#breadcrumb\"},\"inLanguage\":\"en-US\",\"potentialAction\":[{\"@type\":\"ReadAction\",\"target\":[\"https:\/\/autosoit.sahradyan.com\/en\/erikoolitused\/laste-liikluskasvatuse-koolitused\/koolitused-gumnaasiumiopilastele\/liiklusohutusealane-loeng-gumnaasiumiealistele-noortele\/\"]}]},{\"@type\":\"BreadcrumbList\",\"@id\":\"https:\/\/autosoit.sahradyan.com\/en\/erikoolitused\/laste-liikluskasvatuse-koolitused\/koolitused-gumnaasiumiopilastele\/liiklusohutusealane-loeng-gumnaasiumiealistele-noortele\/#breadcrumb\",\"itemListElement\":[{\"@type\":\"ListItem\",\"position\":1,\"name\":\"Home\",\"item\":\"https:\/\/autosoit.sahradyan.com\/en\/\"},{\"@type\":\"ListItem\",\"position\":2,\"name\":\"Special training\",\"item\":\"https:\/\/autosoit.sahradyan.com\/en\/erikoolitused\/\"},{\"@type\":\"ListItem\",\"position\":3,\"name\":\"Traffic education training for children\",\"item\":\"https:\/\/autosoit.sahradyan.com\/en\/erikoolitused\/laste-liikluskasvatuse-koolitused\/\"},{\"@type\":\"ListItem\",\"position\":4,\"name\":\"Koolitused g\u00fcmnaasiumi\u00f5pilastele\",\"item\":\"https:\/\/autosoit.sahradyan.com\/en\/erikoolitused\/laste-liikluskasvatuse-koolitused\/koolitused-gumnaasiumiopilastele\/\"},{\"@type\":\"ListItem\",\"position\":5,\"name\":\"Liiklusohutusealane loeng g\u00fcmnaasiumiealistele noortele\"}]},{\"@type\":\"WebSite\",\"@id\":\"https:\/\/autosoit.sahradyan.com\/#website\",\"url\":\"https:\/\/autosoit.sahradyan.com\/\",\"name\":\"Autos\u00f5it\",\"description\":\"Ohutu s\u00f5idu kool\",\"potentialAction\":[{\"@type\":\"SearchAction\",\"target\":{\"@type\":\"EntryPoint\",\"urlTemplate\":\"https:\/\/autosoit.sahradyan.com\/?s={search_term_string}\"},\"query-input\":{\"@type\":\"PropertyValueSpecification\",\"valueRequired\":true,\"valueName\":\"search_term_string\"}}],\"inLanguage\":\"en-US\"}]}<\/script>\n<!-- \/ Yoast SEO plugin. -->","yoast_head_json":{"title":"Liiklusohutusealane loeng g\u00fcmnaasiumiealistele noortele - Autos\u00f5it","robots":{"index":"noindex","follow":"follow","max-snippet":"max-snippet:-1","max-image-preview":"max-image-preview:large","max-video-preview":"max-video-preview:-1"},"og_locale":"en_US","og_type":"article","og_title":"Liiklusohutusealane loeng g\u00fcmnaasiumiealistele noortele - Autos\u00f5it","og_url":"https:\/\/autosoit.sahradyan.com\/en\/erikoolitused\/laste-liikluskasvatuse-koolitused\/koolitused-gumnaasiumiopilastele\/liiklusohutusealane-loeng-gumnaasiumiealistele-noortele\/","og_site_name":"Autos\u00f5it","article_modified_time":"2018-05-01T00:16:03+00:00","twitter_card":"summary_large_image","twitter_misc":{"Est. reading time":"2 minutes"},"schema":{"@context":"https:\/\/schema.org","@graph":[{"@type":"WebPage","@id":"https:\/\/autosoit.sahradyan.com\/en\/erikoolitused\/laste-liikluskasvatuse-koolitused\/koolitused-gumnaasiumiopilastele\/liiklusohutusealane-loeng-gumnaasiumiealistele-noortele\/","url":"https:\/\/autosoit.sahradyan.com\/en\/erikoolitused\/laste-liikluskasvatuse-koolitused\/koolitused-gumnaasiumiopilastele\/liiklusohutusealane-loeng-gumnaasiumiealistele-noortele\/","name":"Liiklusohutusealane loeng g\u00fcmnaasiumiealistele noortele - Autos\u00f5it","isPartOf":{"@id":"https:\/\/autosoit.sahradyan.com\/#website"},"datePublished":"2017-11-24T10:19:56+00:00","dateModified":"2018-05-01T00:16:03+00:00","breadcrumb":{"@id":"https:\/\/autosoit.sahradyan.com\/en\/erikoolitused\/laste-liikluskasvatuse-koolitused\/koolitused-gumnaasiumiopilastele\/liiklusohutusealane-loeng-gumnaasiumiealistele-noortele\/#breadcrumb"},"inLanguage":"en-US","potentialAction":[{"@type":"ReadAction","target":["https:\/\/autosoit.sahradyan.com\/en\/erikoolitused\/laste-liikluskasvatuse-koolitused\/koolitused-gumnaasiumiopilastele\/liiklusohutusealane-loeng-gumnaasiumiealistele-noortele\/"]}]},{"@type":"BreadcrumbList","@id":"https:\/\/autosoit.sahradyan.com\/en\/erikoolitused\/laste-liikluskasvatuse-koolitused\/koolitused-gumnaasiumiopilastele\/liiklusohutusealane-loeng-gumnaasiumiealistele-noortele\/#breadcrumb","itemListElement":[{"@type":"ListItem","position":1,"name":"Home","item":"https:\/\/autosoit.sahradyan.com\/en\/"},{"@type":"ListItem","position":2,"name":"Special training","item":"https:\/\/autosoit.sahradyan.com\/en\/erikoolitused\/"},{"@type":"ListItem","position":3,"name":"Traffic education training for children","item":"https:\/\/autosoit.sahradyan.com\/en\/erikoolitused\/laste-liikluskasvatuse-koolitused\/"},{"@type":"ListItem","position":4,"name":"Koolitused g\u00fcmnaasiumi\u00f5pilastele","item":"https:\/\/autosoit.sahradyan.com\/en\/erikoolitused\/laste-liikluskasvatuse-koolitused\/koolitused-gumnaasiumiopilastele\/"},{"@type":"ListItem","position":5,"name":"Liiklusohutusealane loeng g\u00fcmnaasiumiealistele noortele"}]},{"@type":"WebSite","@id":"https:\/\/autosoit.sahradyan.com\/#website","url":"https:\/\/autosoit.sahradyan.com\/","name":"Autos\u00f5it","description":"Ohutu s\u00f5idu kool","potentialAction":[{"@type":"SearchAction","target":{"@type":"EntryPoint","urlTemplate":"https:\/\/autosoit.sahradyan.com\/?s={search_term_string}"},"query-input":{"@type":"PropertyValueSpecification","valueRequired":true,"valueName":"search_term_string"}}],"inLanguage":"en-US"}]}},"_links":{"self":[{"href":"https:\/\/autosoit.sahradyan.com\/en\/wp-json\/wp\/v2\/pages\/418","targetHints":{"allow":["GET"]}}],"collection":[{"href":"https:\/\/autosoit.sahradyan.com\/en\/wp-json\/wp\/v2\/pages"}],"about":[{"href":"https:\/\/autosoit.sahradyan.com\/en\/wp-json\/wp\/v2\/types\/page"}],"author":[{"embeddable":true,"href":"https:\/\/autosoit.sahradyan.com\/en\/wp-json\/wp\/v2\/users\/9"}],"replies":[{"embeddable":true,"href":"https:\/\/autosoit.sahradyan.com\/en\/wp-json\/wp\/v2\/comments?post=418"}],"version-history":[{"count":0,"href":"https:\/\/autosoit.sahradyan.com\/en\/wp-json\/wp\/v2\/pages\/418\/revisions"}],"up":[{"embeddable":true,"href":"https:\/\/autosoit.sahradyan.com\/en\/wp-json\/wp\/v2\/pages\/416"}],"wp:attachment":[{"href":"https:\/\/autosoit.sahradyan.com\/en\/wp-json\/wp\/v2\/media?parent=418"}],"curies":[{"name":"wp","href":"https:\/\/api.w.org\/{rel}","templated":true}]}}