{"id":3964,"date":"2018-05-28T23:56:08","date_gmt":"2018-05-28T20:56:08","guid":{"rendered":"https:\/\/autosoit.ee\/dokumendid\/"},"modified":"2023-02-23T10:40:33","modified_gmt":"2023-02-23T08:40:33","slug":"dokumendid","status":"publish","type":"page","link":"https:\/\/autosoit.sahradyan.com\/en\/dokumendid\/","title":{"rendered":"Dokumendid"},"content":{"rendered":"<div class=\"wpb-content-wrapper\"><section class=\"l-section wpb_row height_medium\"><div class=\"l-section-h i-cf\"><div class=\"g-cols vc_row type_default valign_top\"><div class=\"vc_col-sm-12 wpb_column vc_column_container\"><div class=\"vc_column-inner\"><div class=\"wpb_wrapper\"><div class=\"g-cols wpb_row type_boxes valign_top vc_column-gap-35 vc_inner \"><div class=\"vc_col-sm-3 wpb_column vc_column_container has-fill\"><div class=\"vc_column-inner  vc_custom_1527541708861\"><div class=\"wpb_wrapper\"><div class=\"ult-just-icon-wrapper  \"><div class=\"align-icon\" style=\"text-align:center;\">\n<div class=\"aio-icon none \"  style=\"color:#333;font-size:32px;display:inline-block;\">\n\t<i class=\"Defaults-file-pdf-o\"><\/i>\n<\/div><\/div><\/div><div class=\"w-separator type_short size_small thick_1 style_solid color_border cont_none\"><span class=\"w-separator-h\"><\/span><\/div>\n\t<div class=\"wpb_text_column \">\n\t\t<div class=\"wpb_wrapper\">\n\t\t\t<p style=\"text-align: center;\"><a href=\"\/app\/uploads\/2018\/05\/Esmaabi.pdf\" target=\"_blank\" rel=\"noopener\">Esmaabi<\/a><\/p>\n\n\t\t<\/div>\n\t<\/div>\n<\/div><\/div><\/div><div class=\"vc_col-sm-3 wpb_column vc_column_container has-fill\"><div class=\"vc_column-inner  vc_custom_1527541715997 color_custom\" style=\"color:#f9f9f9;\"><div class=\"wpb_wrapper\"><div class=\"ult-just-icon-wrapper  \"><div class=\"align-icon\" style=\"text-align:center;\">\n<div class=\"aio-icon none \"  style=\"color:#333;font-size:32px;display:inline-block;\">\n\t<i class=\"Defaults-file-pdf-o\"><\/i>\n<\/div><\/div><\/div><div class=\"w-separator type_short size_small thick_1 style_solid color_border cont_none\"><span class=\"w-separator-h\"><\/span><\/div>\n\t<div class=\"wpb_text_column \">\n\t\t<div class=\"wpb_wrapper\">\n\t\t\t<p style=\"text-align: center;\"><a href=\"https:\/\/autosoit.ee\/app\/uploads\/2023\/02\/602_K_Teenustasude_hinnakirja_kehtestamine_24022023.pdf\" target=\"_blank\" rel=\"noopener\">Hinnakiri<\/a><\/p>\n\n\t\t<\/div>\n\t<\/div>\n<\/div><\/div><\/div><div class=\"vc_col-sm-3 wpb_column vc_column_container has-fill\"><div class=\"vc_column-inner  vc_custom_1527541723977\"><div class=\"wpb_wrapper\"><div class=\"ult-just-icon-wrapper  \"><div class=\"align-icon\" style=\"text-align:center;\">\n<div class=\"aio-icon none \"  style=\"color:#333;font-size:32px;display:inline-block;\">\n\t<i class=\"Defaults-file-pdf-o\"><\/i>\n<\/div><\/div><\/div><div class=\"w-separator type_short size_small thick_1 style_solid color_border cont_none\"><span class=\"w-separator-h\"><\/span><\/div>\n\t<div class=\"wpb_text_column \">\n\t\t<div class=\"wpb_wrapper\">\n\t\t\t<p style=\"text-align: center;\"><a href=\"\/app\/uploads\/2018\/05\/Koolituskursuse_l\u00f5petanute_andmevahetus_Maanteeametiga.pdf\" target=\"_blank\" rel=\"noopener\">Koolituskursuse l\u00f5petanute andmevahetus Maanteeametiga<\/a><\/p>\n\n\t\t<\/div>\n\t<\/div>\n<\/div><\/div><\/div><div class=\"vc_col-sm-3 wpb_column vc_column_container has-fill\"><div class=\"vc_column-inner  vc_custom_1527541730839\"><div class=\"wpb_wrapper\"><div class=\"ult-just-icon-wrapper  \"><div class=\"align-icon\" style=\"text-align:center;\">\n<div class=\"aio-icon none \"  style=\"color:#333;font-size:32px;display:inline-block;\">\n\t<i class=\"Defaults-file-pdf-o\"><\/i>\n<\/div><\/div><\/div><div class=\"w-separator type_short size_small thick_1 style_solid color_border cont_none\"><span class=\"w-separator-h\"><\/span><\/div>\n\t<div class=\"wpb_text_column \">\n\t\t<div class=\"wpb_wrapper\">\n\t\t\t<p style=\"text-align: center;\"><a href=\"https:\/\/autosoit.ee\/app\/uploads\/2019\/05\/530_Oppekorralduse_ja_kvaliteedi_tagamise_alused_18102018.pdf\" target=\"_blank\" rel=\"noopener\">Koolituslepingu u\u0308ldtingimused<\/a><\/p>\n\n\t\t<\/div>\n\t<\/div>\n<\/div><\/div><\/div><\/div><div class=\"g-cols wpb_row type_boxes valign_top vc_column-gap-35 vc_inner \"><div class=\"vc_col-sm-3 wpb_column vc_column_container has-fill\"><div class=\"vc_column-inner  vc_custom_1527541708861\"><div class=\"wpb_wrapper\"><div class=\"ult-just-icon-wrapper  \"><div class=\"align-icon\" style=\"text-align:center;\">\n<div class=\"aio-icon none \"  style=\"color:#333;font-size:32px;display:inline-block;\">\n\t<i class=\"Defaults-file-pdf-o\"><\/i>\n<\/div><\/div><\/div><div class=\"w-separator type_short size_small thick_1 style_solid color_border cont_none\"><span class=\"w-separator-h\"><\/span><\/div>\n\t<div class=\"wpb_text_column \">\n\t\t<div class=\"wpb_wrapper\">\n\t\t\t<p style=\"text-align: center;\"><a href=\"\/app\/uploads\/2018\/09\/A_esma_\u00f5ppekava_2015.pdf\" target=\"_blank\" rel=\"noopener\">A-kategooria esma\u00f5pe \u00f5ppekava<\/a><\/p>\n\n\t\t<\/div>\n\t<\/div>\n<\/div><\/div><\/div><div class=\"vc_col-sm-3 wpb_column vc_column_container has-fill\"><div class=\"vc_column-inner  vc_custom_1527541715997 color_custom\" style=\"color:#f9f9f9;\"><div class=\"wpb_wrapper\"><div class=\"ult-just-icon-wrapper  \"><div class=\"align-icon\" style=\"text-align:center;\">\n<div class=\"aio-icon none \"  style=\"color:#333;font-size:32px;display:inline-block;\">\n\t<i class=\"Defaults-file-pdf-o\"><\/i>\n<\/div><\/div><\/div><div class=\"w-separator type_short size_small thick_1 style_solid color_border cont_none\"><span class=\"w-separator-h\"><\/span><\/div>\n\t<div class=\"wpb_text_column \">\n\t\t<div class=\"wpb_wrapper\">\n\t\t\t<p style=\"text-align: center;\"><a href=\"\/app\/uploads\/2018\/09\/A_\u00f5ppekava_2015.pdf\" target=\"_blank\" rel=\"noopener\">A-kategooria t\u00e4iendus\u00f5pe \u00f5ppekava<\/a><\/p>\n\n\t\t<\/div>\n\t<\/div>\n<\/div><\/div><\/div><div class=\"vc_col-sm-3 wpb_column vc_column_container has-fill\"><div class=\"vc_column-inner  vc_custom_1527541723977\"><div class=\"wpb_wrapper\"><div class=\"ult-just-icon-wrapper  \"><div class=\"align-icon\" style=\"text-align:center;\">\n<div class=\"aio-icon none \"  style=\"color:#333;font-size:32px;display:inline-block;\">\n\t<i class=\"Defaults-file-pdf-o\"><\/i>\n<\/div><\/div><\/div><div class=\"w-separator type_short size_small thick_1 style_solid color_border cont_none\"><span class=\"w-separator-h\"><\/span><\/div>\n\t<div class=\"wpb_text_column \">\n\t\t<div class=\"wpb_wrapper\">\n\t\t\t<p style=\"text-align: center;\"><a href=\"\/app\/uploads\/2018\/09\/474_AM-kategooria_oppekava_18.03.2016.pdf\" target=\"_blank\" rel=\"noopener\">AM-kategooria \u00f5ppekava<\/a><\/p>\n\n\t\t<\/div>\n\t<\/div>\n<\/div><\/div><\/div><div class=\"vc_col-sm-3 wpb_column vc_column_container has-fill\"><div class=\"vc_column-inner  vc_custom_1527541730839\"><div class=\"wpb_wrapper\"><div class=\"ult-just-icon-wrapper  \"><div class=\"align-icon\" style=\"text-align:center;\">\n<div class=\"aio-icon none \"  style=\"color:#333;font-size:32px;display:inline-block;\">\n\t<i class=\"Defaults-file-pdf-o\"><\/i>\n<\/div><\/div><\/div><div class=\"w-separator type_short size_small thick_1 style_solid color_border cont_none\"><span class=\"w-separator-h\"><\/span><\/div>\n\t<div class=\"wpb_text_column \">\n\t\t<div class=\"wpb_wrapper\">\n\t\t\t<p style=\"text-align: center;\"><a href=\"\/app\/uploads\/2018\/09\/473_Autosoit_OU_B-kategooria_oppekava_31_03_2016.pdf\" target=\"_blank\" rel=\"noopener\">B-kategooria \u00f5ppekava<\/a><\/p>\n\n\t\t<\/div>\n\t<\/div>\n<\/div><\/div><\/div><\/div><div class=\"g-cols wpb_row type_boxes valign_top vc_column-gap-35 vc_inner \"><div class=\"vc_col-sm-3 wpb_column vc_column_container has-fill\"><div class=\"vc_column-inner  vc_custom_1527541708861\"><div class=\"wpb_wrapper\"><div class=\"ult-just-icon-wrapper  \"><div class=\"align-icon\" style=\"text-align:center;\">\n<div class=\"aio-icon none \"  style=\"color:#333;font-size:32px;display:inline-block;\">\n\t<i class=\"Defaults-file-pdf-o\"><\/i>\n<\/div><\/div><\/div><div class=\"w-separator type_short size_small thick_1 style_solid color_border cont_none\"><span class=\"w-separator-h\"><\/span><\/div>\n\t<div class=\"wpb_text_column \">\n\t\t<div class=\"wpb_wrapper\">\n\t\t\t<p style=\"text-align: center;\"><a href=\"\/app\/uploads\/2018\/09\/341_OU_Autosoit_BE-kategooria_oppekava.pdf\" target=\"_blank\" rel=\"noopener\">BE-kategooria \u00f5ppekava<\/a><\/p>\n\n\t\t<\/div>\n\t<\/div>\n<\/div><\/div><\/div><div class=\"vc_col-sm-3 wpb_column vc_column_container has-fill\"><div class=\"vc_column-inner  vc_custom_1527541715997 color_custom\" style=\"color:#f9f9f9;\"><div class=\"wpb_wrapper\"><div class=\"ult-just-icon-wrapper  \"><div class=\"align-icon\" style=\"text-align:center;\">\n<div class=\"aio-icon none \"  style=\"color:#333;font-size:32px;display:inline-block;\">\n\t<i class=\"Defaults-file-pdf-o\"><\/i>\n<\/div><\/div><\/div><div class=\"w-separator type_short size_small thick_1 style_solid color_border cont_none\"><span class=\"w-separator-h\"><\/span><\/div>\n\t<div class=\"wpb_text_column \">\n\t\t<div class=\"wpb_wrapper\">\n\t\t\t<p style=\"text-align: center;\"><a href=\"\/app\/uploads\/2018\/09\/342_OU_Autosoit_C_C1-kategooria_oppekava.pdf\" target=\"_blank\" rel=\"noopener\">C-kategooria \u00f5ppekava<\/a><\/p>\n\n\t\t<\/div>\n\t<\/div>\n<\/div><\/div><\/div><div class=\"vc_col-sm-3 wpb_column vc_column_container has-fill\"><div class=\"vc_column-inner  vc_custom_1527541723977\"><div class=\"wpb_wrapper\"><div class=\"ult-just-icon-wrapper  \"><div class=\"align-icon\" style=\"text-align:center;\">\n<div class=\"aio-icon none \"  style=\"color:#333;font-size:32px;display:inline-block;\">\n\t<i class=\"Defaults-file-pdf-o\"><\/i>\n<\/div><\/div><\/div><div class=\"w-separator type_short size_small thick_1 style_solid color_border cont_none\"><span class=\"w-separator-h\"><\/span><\/div>\n\t<div class=\"wpb_text_column \">\n\t\t<div class=\"wpb_wrapper\">\n\t\t\t<p style=\"text-align: center;\"><a href=\"\/app\/uploads\/2018\/09\/343_OU_Autosoit_CE-kategooria_oppekava.pdf\" target=\"_blank\" rel=\"noopener\">CE-kategooria \u00f5ppekava<\/a><\/p>\n\n\t\t<\/div>\n\t<\/div>\n<\/div><\/div><\/div><\/div><\/div><\/div><\/div><\/div><\/div><\/section>\n<\/div>","protected":false},"excerpt":{"rendered":"Esmaabi Hinnakiri Koolituskursuse l\u00f5petanute andmevahetus Maanteeametiga Koolituslepingu u\u0308ldtingimused A-kategooria esma\u00f5pe \u00f5ppekava A-kategooria t\u00e4iendus\u00f5pe \u00f5ppekava AM-kategooria \u00f5ppekava B-kategooria \u00f5ppekava BE-kategooria \u00f5ppekava...","protected":false},"author":9,"featured_media":0,"parent":0,"menu_order":0,"comment_status":"closed","ping_status":"closed","template":"","meta":{"footnotes":""},"class_list":["post-3964","page","type-page","status-publish","hentry"],"yoast_head":"<!-- This site is optimized with the Yoast SEO plugin v25.6 - https:\/\/yoast.com\/wordpress\/plugins\/seo\/ -->\n<title>Dokumendid - Autos\u00f5it<\/title>\n<meta name=\"robots\" content=\"noindex, follow, max-snippet:-1, max-image-preview:large, max-video-preview:-1\" \/>\n<meta property=\"og:locale\" content=\"en_US\" \/>\n<meta property=\"og:type\" content=\"article\" \/>\n<meta property=\"og:title\" content=\"Dokumendid - Autos\u00f5it\" \/>\n<meta property=\"og:url\" content=\"https:\/\/autosoit.sahradyan.com\/en\/dokumendid\/\" \/>\n<meta property=\"og:site_name\" content=\"Autos\u00f5it\" \/>\n<meta property=\"article:modified_time\" content=\"2023-02-23T08:40:33+00:00\" \/>\n<meta name=\"twitter:card\" content=\"summary_large_image\" \/>\n<meta name=\"twitter:label1\" content=\"Est. reading time\" \/>\n\t<meta name=\"twitter:data1\" content=\"1 minute\" \/>\n<script type=\"application\/ld+json\" class=\"yoast-schema-graph\">{\"@context\":\"https:\/\/schema.org\",\"@graph\":[{\"@type\":\"WebPage\",\"@id\":\"https:\/\/autosoit.sahradyan.com\/en\/dokumendid\/\",\"url\":\"https:\/\/autosoit.sahradyan.com\/en\/dokumendid\/\",\"name\":\"Dokumendid - Autos\u00f5it\",\"isPartOf\":{\"@id\":\"https:\/\/autosoit.sahradyan.com\/#website\"},\"datePublished\":\"2018-05-28T20:56:08+00:00\",\"dateModified\":\"2023-02-23T08:40:33+00:00\",\"breadcrumb\":{\"@id\":\"https:\/\/autosoit.sahradyan.com\/en\/dokumendid\/#breadcrumb\"},\"inLanguage\":\"en-US\",\"potentialAction\":[{\"@type\":\"ReadAction\",\"target\":[\"https:\/\/autosoit.sahradyan.com\/en\/dokumendid\/\"]}]},{\"@type\":\"BreadcrumbList\",\"@id\":\"https:\/\/autosoit.sahradyan.com\/en\/dokumendid\/#breadcrumb\",\"itemListElement\":[{\"@type\":\"ListItem\",\"position\":1,\"name\":\"Home\",\"item\":\"https:\/\/autosoit.sahradyan.com\/en\/\"},{\"@type\":\"ListItem\",\"position\":2,\"name\":\"Dokumendid\"}]},{\"@type\":\"WebSite\",\"@id\":\"https:\/\/autosoit.sahradyan.com\/#website\",\"url\":\"https:\/\/autosoit.sahradyan.com\/\",\"name\":\"Autos\u00f5it\",\"description\":\"Ohutu s\u00f5idu kool\",\"potentialAction\":[{\"@type\":\"SearchAction\",\"target\":{\"@type\":\"EntryPoint\",\"urlTemplate\":\"https:\/\/autosoit.sahradyan.com\/?s={search_term_string}\"},\"query-input\":{\"@type\":\"PropertyValueSpecification\",\"valueRequired\":true,\"valueName\":\"search_term_string\"}}],\"inLanguage\":\"en-US\"}]}<\/script>\n<!-- \/ Yoast SEO plugin. -->","yoast_head_json":{"title":"Dokumendid - Autos\u00f5it","robots":{"index":"noindex","follow":"follow","max-snippet":"max-snippet:-1","max-image-preview":"max-image-preview:large","max-video-preview":"max-video-preview:-1"},"og_locale":"en_US","og_type":"article","og_title":"Dokumendid - Autos\u00f5it","og_url":"https:\/\/autosoit.sahradyan.com\/en\/dokumendid\/","og_site_name":"Autos\u00f5it","article_modified_time":"2023-02-23T08:40:33+00:00","twitter_card":"summary_large_image","twitter_misc":{"Est. reading time":"1 minute"},"schema":{"@context":"https:\/\/schema.org","@graph":[{"@type":"WebPage","@id":"https:\/\/autosoit.sahradyan.com\/en\/dokumendid\/","url":"https:\/\/autosoit.sahradyan.com\/en\/dokumendid\/","name":"Dokumendid - Autos\u00f5it","isPartOf":{"@id":"https:\/\/autosoit.sahradyan.com\/#website"},"datePublished":"2018-05-28T20:56:08+00:00","dateModified":"2023-02-23T08:40:33+00:00","breadcrumb":{"@id":"https:\/\/autosoit.sahradyan.com\/en\/dokumendid\/#breadcrumb"},"inLanguage":"en-US","potentialAction":[{"@type":"ReadAction","target":["https:\/\/autosoit.sahradyan.com\/en\/dokumendid\/"]}]},{"@type":"BreadcrumbList","@id":"https:\/\/autosoit.sahradyan.com\/en\/dokumendid\/#breadcrumb","itemListElement":[{"@type":"ListItem","position":1,"name":"Home","item":"https:\/\/autosoit.sahradyan.com\/en\/"},{"@type":"ListItem","position":2,"name":"Dokumendid"}]},{"@type":"WebSite","@id":"https:\/\/autosoit.sahradyan.com\/#website","url":"https:\/\/autosoit.sahradyan.com\/","name":"Autos\u00f5it","description":"Ohutu s\u00f5idu kool","potentialAction":[{"@type":"SearchAction","target":{"@type":"EntryPoint","urlTemplate":"https:\/\/autosoit.sahradyan.com\/?s={search_term_string}"},"query-input":{"@type":"PropertyValueSpecification","valueRequired":true,"valueName":"search_term_string"}}],"inLanguage":"en-US"}]}},"_links":{"self":[{"href":"https:\/\/autosoit.sahradyan.com\/en\/wp-json\/wp\/v2\/pages\/3964","targetHints":{"allow":["GET"]}}],"collection":[{"href":"https:\/\/autosoit.sahradyan.com\/en\/wp-json\/wp\/v2\/pages"}],"about":[{"href":"https:\/\/autosoit.sahradyan.com\/en\/wp-json\/wp\/v2\/types\/page"}],"author":[{"embeddable":true,"href":"https:\/\/autosoit.sahradyan.com\/en\/wp-json\/wp\/v2\/users\/9"}],"replies":[{"embeddable":true,"href":"https:\/\/autosoit.sahradyan.com\/en\/wp-json\/wp\/v2\/comments?post=3964"}],"version-history":[{"count":0,"href":"https:\/\/autosoit.sahradyan.com\/en\/wp-json\/wp\/v2\/pages\/3964\/revisions"}],"wp:attachment":[{"href":"https:\/\/autosoit.sahradyan.com\/en\/wp-json\/wp\/v2\/media?parent=3964"}],"curies":[{"name":"wp","href":"https:\/\/api.w.org\/{rel}","templated":true}]}}