{"id":395,"date":"2017-11-23T23:51:50","date_gmt":"2017-11-23T23:51:50","guid":{"rendered":"https:\/\/autosoit.ee\/?page_id=395"},"modified":"2018-05-01T00:14:39","modified_gmt":"2018-05-01T00:14:39","slug":"inimene-soiduk-tee-algkooli-opilasele","status":"publish","type":"page","link":"https:\/\/autosoit.sahradyan.com\/en\/erikoolitused\/laste-liikluskasvatuse-koolitused\/koolitused-algkooliopilastele\/inimene-soiduk-tee-algkooli-opilasele\/","title":{"rendered":"Inimene-S\u00f5iduk-Tee algkooli \u00f5pilasele"},"content":{"rendered":"<div class=\"wpb-content-wrapper\"><section class=\"l-section wpb_row height_medium\"><div class=\"l-section-h i-cf\"><div class=\"g-cols vc_row type_default valign_top\"><div class=\"vc_col-sm-12 wpb_column vc_column_container\"><div class=\"vc_column-inner\"><div class=\"wpb_wrapper\"><div class=\"g-cols wpb_row type_default valign_top vc_inner \"><div class=\"vc_col-sm-6 wpb_column vc_column_container\"><div class=\"vc_column-inner\"><div class=\"wpb_wrapper\">\n\t<div class=\"wpb_text_column \">\n\t\t<div class=\"wpb_wrapper\">\n\t\t\t<p><strong>Koolituse pikkus:\u00a0<\/strong>4 \u00f5ppetundi (teooria+praktika &#8211; viiakse l\u00e4bi erinevatel p\u00e4evadel)<\/p>\n<p><strong>Grupi suurus: <\/strong>kuni 30 \u00f5pilast ( grupp jaotatakse praktika ajal kaheks)<\/p>\n<p><strong>Koolitust viib l\u00e4bi kaks instruktorit.<\/strong><\/p>\n<p>Koolituse eesm\u00e4rk on selgitada lapsele liiklusreegleid ja nende vajalikkust. Koolitusel antakse lapsele teoreetilised teadmised ja praktilised oskused iseseisvaks liiklemiseks jalak\u00e4ijana, kuidas valida tee\u00fcletamiseks ohutuim koht ja mida selleks teha.\u00a0 Selgitame lapsele kui t\u00e4pselt on v\u00f5imalik hinnata l\u00e4henava s\u00f5iduki kaugust ja kiirust ning millised ohud sellega kaasnevad.<\/p>\n<p>S\u00f5idukite ja jalak\u00e4ijate erinevad liikumise ja liiklemise ise\u00e4rasused m\u00e4rjal, libedal ja pimedal teel. Millised on enamlevinud ohud algkooli \u00f5pilase kooliteel ning kuidas neid v\u00e4ltida. Kuidas k\u00e4ituda \u00fchiss\u00f5idukites, kuidas siseneda, kuidas v\u00e4ljuda, kus neid oodata. Samuti antakse edasi algteadmised jalgrattaga liiklemisel.<\/p>\n\n\t\t<\/div>\n\t<\/div>\n<\/div><\/div><\/div><div class=\"vc_col-sm-6 wpb_column vc_column_container\"><div class=\"vc_column-inner\"><div class=\"wpb_wrapper\">\n\t<div class=\"wpb_text_column \">\n\t\t<div class=\"wpb_wrapper\">\n\t\t\t<p><strong>Koolituse l\u00e4binu:<\/strong><\/p>\n\n\t\t<\/div>\n\t<\/div>\n<div class=\"uavc-list-icon uavc-list-icon-wrapper ult-adjust-bottom-margin   \"><ul class=\"uavc-list\"><li><div class=\"uavc-list-content\" id=\"list-icon-wrap-4760\">\n<div class=\"uavc-list-icon  \" data-animation=\"\" data-animation-delay=\"03\" style=\"margin-right:10px;\"><div class=\"ult-just-icon-wrapper  \"><div class=\"align-icon\" style=\"text-align:center;\">\n<div class=\"aio-icon none \"  style=\"color:#6de544;font-size:18px;display:inline-block;\">\n\t<i class=\"Defaults-check\"><\/i>\n<\/div><\/div><\/div>\n<\/div><span  data-ultimate-target='#list-icon-wrap-4760 .uavc-list-desc'  data-responsive-json-new='{\"font-size\":\"\",\"line-height\":\"\"}'  class=\"uavc-list-desc ult-responsive\" style=\"\">tunneb k\u00e4itumisreegleid t\u00e4naval, saab aru liiklusreeglite vajalikkusest;<\/span><\/div><\/li><li><div class=\"uavc-list-content\" id=\"list-icon-wrap-9680\">\n<div class=\"uavc-list-icon  \" data-animation=\"\" data-animation-delay=\"03\" style=\"margin-right:10px;\"><div class=\"ult-just-icon-wrapper  \"><div class=\"align-icon\" style=\"text-align:center;\">\n<div class=\"aio-icon none \"  style=\"color:#6de544;font-size:18px;display:inline-block;\">\n\t<i class=\"Defaults-check\"><\/i>\n<\/div><\/div><\/div>\n<\/div><span  data-ultimate-target='#list-icon-wrap-9680 .uavc-list-desc'  data-responsive-json-new='{\"font-size\":\"\",\"line-height\":\"\"}'  class=\"uavc-list-desc ult-responsive\" style=\"\">oskab valida tee \u00fcletamiseks k\u00f5ige ohutumat kohta; peatuda, kuulata, vaadata ning ohutuses veendununa s\u00f5idutee \u00fcletada;<\/span><\/div><\/li><li><div class=\"uavc-list-content\" id=\"list-icon-wrap-6613\">\n<div class=\"uavc-list-icon  \" data-animation=\"\" data-animation-delay=\"03\" style=\"margin-right:10px;\"><div class=\"ult-just-icon-wrapper  \"><div class=\"align-icon\" style=\"text-align:center;\">\n<div class=\"aio-icon none \"  style=\"color:#6de544;font-size:18px;display:inline-block;\">\n\t<i class=\"Defaults-check\"><\/i>\n<\/div><\/div><\/div>\n<\/div><span  data-ultimate-target='#list-icon-wrap-6613 .uavc-list-desc'  data-responsive-json-new='{\"font-size\":\"\",\"line-height\":\"\"}'  class=\"uavc-list-desc ult-responsive\" style=\"\">oskab hinnata s\u00f5idukite liikumissuunda, -kiirust ja kaugust;<\/span><\/div><\/li><li><div class=\"uavc-list-content\" id=\"list-icon-wrap-9986\">\n<div class=\"uavc-list-icon  \" data-animation=\"\" data-animation-delay=\"03\" style=\"margin-right:10px;\"><div class=\"ult-just-icon-wrapper  \"><div class=\"align-icon\" style=\"text-align:center;\">\n<div class=\"aio-icon none \"  style=\"color:#6de544;font-size:18px;display:inline-block;\">\n\t<i class=\"Defaults-check\"><\/i>\n<\/div><\/div><\/div>\n<\/div><span  data-ultimate-target='#list-icon-wrap-9986 .uavc-list-desc'  data-responsive-json-new='{\"font-size\":\"\",\"line-height\":\"\"}'  class=\"uavc-list-desc ult-responsive\" style=\"\">tunneb s\u00f5idukite ja jalak\u00e4ijate liiklemise ise\u00e4rasusi m\u00e4rjal, libedal, lumisel teel;<\/span><\/div><\/li><li><div class=\"uavc-list-content\" id=\"list-icon-wrap-6567\">\n<div class=\"uavc-list-icon  \" data-animation=\"\" data-animation-delay=\"03\" style=\"margin-right:10px;\"><div class=\"ult-just-icon-wrapper  \"><div class=\"align-icon\" style=\"text-align:center;\">\n<div class=\"aio-icon none \"  style=\"color:#6de544;font-size:18px;display:inline-block;\">\n\t<i class=\"Defaults-check\"><\/i>\n<\/div><\/div><\/div>\n<\/div><span  data-ultimate-target='#list-icon-wrap-6567 .uavc-list-desc'  data-responsive-json-new='{\"font-size\":\"\",\"line-height\":\"\"}'  class=\"uavc-list-desc ult-responsive\" style=\"\">teab ohtusid oma kooliteel, oskab neid kirjeldada, p\u00f5hjendada ning selgitada ohtude v\u00e4ltimist kooliteel;<\/span><\/div><\/li><li><div class=\"uavc-list-content\" id=\"list-icon-wrap-5742\">\n<div class=\"uavc-list-icon  \" data-animation=\"\" data-animation-delay=\"03\" style=\"margin-right:10px;\"><div class=\"ult-just-icon-wrapper  \"><div class=\"align-icon\" style=\"text-align:center;\">\n<div class=\"aio-icon none \"  style=\"color:#6de544;font-size:18px;display:inline-block;\">\n\t<i class=\"Defaults-check\"><\/i>\n<\/div><\/div><\/div>\n<\/div><span  data-ultimate-target='#list-icon-wrap-5742 .uavc-list-desc'  data-responsive-json-new='{\"font-size\":\"\",\"line-height\":\"\"}'  class=\"uavc-list-desc ult-responsive\" style=\"\">oskab k\u00e4ituda \u00fchiss\u00f5idukeis, siseneda, v\u00e4ljuda ning s\u00f5iduteed \u00fcletada;<\/span><\/div><\/li><li><div class=\"uavc-list-content\" id=\"list-icon-wrap-3092\">\n<div class=\"uavc-list-icon  \" data-animation=\"\" data-animation-delay=\"03\" style=\"margin-right:10px;\"><div class=\"ult-just-icon-wrapper  \"><div class=\"align-icon\" style=\"text-align:center;\">\n<div class=\"aio-icon none \"  style=\"color:#6de544;font-size:18px;display:inline-block;\">\n\t<i class=\"Defaults-check\"><\/i>\n<\/div><\/div><\/div>\n<\/div><span  data-ultimate-target='#list-icon-wrap-3092 .uavc-list-desc'  data-responsive-json-new='{\"font-size\":\"\",\"line-height\":\"\"}'  class=\"uavc-list-desc ult-responsive\" style=\"\">teab jalgrattaga s\u00f5itmise n\u00f5udeid, oskab valida jalgrattaga, rulaga, rulluiskudega s\u00f5itmiseks turvalist kohta.<\/span><\/div><\/li><\/ul><\/div><\/div><\/div><\/div><\/div><\/div><\/div><\/div><\/div><\/div><\/section><section class=\"l-section wpb_row height_medium\"><div class=\"l-section-h i-cf\"><div class=\"g-cols vc_row type_default valign_top\"><div class=\"vc_col-sm-12 wpb_column vc_column_container\"><div class=\"vc_column-inner  vc_custom_1516357020129\"><div class=\"wpb_wrapper\"><div class=\"g-cols wpb_row type_boxes valign_top vc_inner  vc_custom_1521063624290\"><div class=\"vc_col-sm-6 wpb_column vc_column_container has-fill\"><div class=\"vc_column-inner  vc_custom_1521063592818\"><div class=\"wpb_wrapper\">\n\t<div class=\"wpb_text_column \">\n\t\t<div class=\"wpb_wrapper\">\n\t\t\t<p>Kui sul on soov pakkuda lastele midagi liiklusest, siis p\u00f6\u00f6rdu julgelt \u2013 k\u00f5ik on v\u00f5imalik!<\/p>\n\n\t\t<\/div>\n\t<\/div>\n<div class=\" ubtn-ctn-left btn-nomargin registreeri-koolitusele\"><a class=\"ubtn-link ult-adjust-bottom-margin ubtn-left ubtn-mini btn-nomargin registreeri-koolitusele\" href=\"\/ajakava-ja-hinnad\/\" ><button type=\"button\" id=\"ubtn-4370\"  class=\"ubtn ult-adjust-bottom-margin ult-responsive ubtn-mini ubtn-no-hover-bg  none  ubtn-left   tooltip-69e0083283f64\"  data-hover=\"#ffffff\" data-border-color=\"#0a0a0a\" data-bg=\"\" data-hover-bg=\"#0a0a0a\" data-border-hover=\"#0a0a0a\" data-shadow-hover=\"\" data-shadow-click=\"none\" data-shadow=\"\" data-shd-shadow=\"\"  data-ultimate-target='#ubtn-4370'  data-responsive-json-new='{\"font-size\":\"\",\"line-height\":\"\"}'  style=\"font-weight:normal;border-radius:3px;border-width:1px;border-color:#0a0a0a;border-style:solid;color: #000000;\"><span class=\"ubtn-hover\" style=\"background-color:#0a0a0a\"><\/span><span class=\"ubtn-data ubtn-text \" > REGISTREERI KOOLITUSELE<\/span><\/button><\/a><\/div><\/div><\/div><\/div><div class=\"vc_col-sm-6 wpb_column vc_column_container has-fill\"><div class=\"vc_column-inner  vc_custom_1521063605213\"><div class=\"wpb_wrapper\">\n\t<div class=\"wpb_text_column \">\n\t\t<div class=\"wpb_wrapper\">\n\t\t\t<p><b>Helista ja k\u00fcsi lisa!<\/b><\/p>\n\n\t\t<\/div>\n\t<\/div>\n\n\t<div class=\"wpb_text_column \">\n\t\t<div class=\"wpb_wrapper\">\n\t\t\t<p>Info\u00a0 ja registreerumine<br \/>\ntel. <a href=\"tel:53008809\"><span class=\"s1\">53008809<\/span><\/a><br \/>\n<a href=\"mailto:toomas.alekors@autosoit.ee\"><span class=\"s1\">toomas.alekors@autosoit.ee<\/span><\/a>.<\/p>\n\n\t\t<\/div>\n\t<\/div>\n<\/div><\/div><\/div><\/div><\/div><\/div><\/div><\/div><\/div><\/section><section class=\"l-section wpb_row height_medium\"><div class=\"l-section-h i-cf\"><div class=\"g-cols vc_row type_default valign_top\"><div class=\"vc_col-sm-12 wpb_column vc_column_container\"><div class=\"vc_column-inner  vc_custom_1516357020129\"><div class=\"wpb_wrapper\"><\/div><\/div><\/div><\/div><\/div><\/section>\n<\/div>","protected":false},"excerpt":{"rendered":"Koolituse pikkus:\u00a04 \u00f5ppetundi (teooria+praktika - viiakse l\u00e4bi erinevatel p\u00e4evadel) Grupi suurus: kuni 30 \u00f5pilast ( grupp jaotatakse praktika ajal kaheks)...","protected":false},"author":9,"featured_media":0,"parent":389,"menu_order":0,"comment_status":"closed","ping_status":"closed","template":"","meta":{"footnotes":""},"class_list":["post-395","page","type-page","status-publish","hentry"],"yoast_head":"<!-- This site is optimized with the Yoast SEO plugin v25.6 - https:\/\/yoast.com\/wordpress\/plugins\/seo\/ -->\n<title>Inimene-S\u00f5iduk-Tee algkooli \u00f5pilasele - Autos\u00f5it<\/title>\n<meta name=\"robots\" content=\"noindex, follow, max-snippet:-1, max-image-preview:large, max-video-preview:-1\" \/>\n<meta property=\"og:locale\" content=\"en_US\" \/>\n<meta property=\"og:type\" content=\"article\" \/>\n<meta property=\"og:title\" content=\"Inimene-S\u00f5iduk-Tee algkooli \u00f5pilasele - Autos\u00f5it\" \/>\n<meta property=\"og:url\" content=\"https:\/\/autosoit.sahradyan.com\/en\/erikoolitused\/laste-liikluskasvatuse-koolitused\/koolitused-algkooliopilastele\/inimene-soiduk-tee-algkooli-opilasele\/\" \/>\n<meta property=\"og:site_name\" content=\"Autos\u00f5it\" \/>\n<meta property=\"article:modified_time\" content=\"2018-05-01T00:14:39+00:00\" \/>\n<meta name=\"twitter:card\" content=\"summary_large_image\" \/>\n<meta name=\"twitter:label1\" content=\"Est. reading time\" \/>\n\t<meta name=\"twitter:data1\" content=\"3 minutes\" \/>\n<script type=\"application\/ld+json\" class=\"yoast-schema-graph\">{\"@context\":\"https:\/\/schema.org\",\"@graph\":[{\"@type\":\"WebPage\",\"@id\":\"https:\/\/autosoit.sahradyan.com\/en\/erikoolitused\/laste-liikluskasvatuse-koolitused\/koolitused-algkooliopilastele\/inimene-soiduk-tee-algkooli-opilasele\/\",\"url\":\"https:\/\/autosoit.sahradyan.com\/en\/erikoolitused\/laste-liikluskasvatuse-koolitused\/koolitused-algkooliopilastele\/inimene-soiduk-tee-algkooli-opilasele\/\",\"name\":\"Inimene-S\u00f5iduk-Tee algkooli \u00f5pilasele - Autos\u00f5it\",\"isPartOf\":{\"@id\":\"https:\/\/autosoit.sahradyan.com\/#website\"},\"datePublished\":\"2017-11-23T23:51:50+00:00\",\"dateModified\":\"2018-05-01T00:14:39+00:00\",\"breadcrumb\":{\"@id\":\"https:\/\/autosoit.sahradyan.com\/en\/erikoolitused\/laste-liikluskasvatuse-koolitused\/koolitused-algkooliopilastele\/inimene-soiduk-tee-algkooli-opilasele\/#breadcrumb\"},\"inLanguage\":\"en-US\",\"potentialAction\":[{\"@type\":\"ReadAction\",\"target\":[\"https:\/\/autosoit.sahradyan.com\/en\/erikoolitused\/laste-liikluskasvatuse-koolitused\/koolitused-algkooliopilastele\/inimene-soiduk-tee-algkooli-opilasele\/\"]}]},{\"@type\":\"BreadcrumbList\",\"@id\":\"https:\/\/autosoit.sahradyan.com\/en\/erikoolitused\/laste-liikluskasvatuse-koolitused\/koolitused-algkooliopilastele\/inimene-soiduk-tee-algkooli-opilasele\/#breadcrumb\",\"itemListElement\":[{\"@type\":\"ListItem\",\"position\":1,\"name\":\"Home\",\"item\":\"https:\/\/autosoit.sahradyan.com\/en\/\"},{\"@type\":\"ListItem\",\"position\":2,\"name\":\"Special training\",\"item\":\"https:\/\/autosoit.sahradyan.com\/en\/erikoolitused\/\"},{\"@type\":\"ListItem\",\"position\":3,\"name\":\"Traffic education training for children\",\"item\":\"https:\/\/autosoit.sahradyan.com\/en\/erikoolitused\/laste-liikluskasvatuse-koolitused\/\"},{\"@type\":\"ListItem\",\"position\":4,\"name\":\"Koolitused algkooli\u00f5pilastele\",\"item\":\"https:\/\/autosoit.sahradyan.com\/en\/erikoolitused\/laste-liikluskasvatuse-koolitused\/koolitused-algkooliopilastele\/\"},{\"@type\":\"ListItem\",\"position\":5,\"name\":\"Inimene-S\u00f5iduk-Tee algkooli \u00f5pilasele\"}]},{\"@type\":\"WebSite\",\"@id\":\"https:\/\/autosoit.sahradyan.com\/#website\",\"url\":\"https:\/\/autosoit.sahradyan.com\/\",\"name\":\"Autos\u00f5it\",\"description\":\"Ohutu s\u00f5idu kool\",\"potentialAction\":[{\"@type\":\"SearchAction\",\"target\":{\"@type\":\"EntryPoint\",\"urlTemplate\":\"https:\/\/autosoit.sahradyan.com\/?s={search_term_string}\"},\"query-input\":{\"@type\":\"PropertyValueSpecification\",\"valueRequired\":true,\"valueName\":\"search_term_string\"}}],\"inLanguage\":\"en-US\"}]}<\/script>\n<!-- \/ Yoast SEO plugin. -->","yoast_head_json":{"title":"Inimene-S\u00f5iduk-Tee algkooli \u00f5pilasele - Autos\u00f5it","robots":{"index":"noindex","follow":"follow","max-snippet":"max-snippet:-1","max-image-preview":"max-image-preview:large","max-video-preview":"max-video-preview:-1"},"og_locale":"en_US","og_type":"article","og_title":"Inimene-S\u00f5iduk-Tee algkooli \u00f5pilasele - Autos\u00f5it","og_url":"https:\/\/autosoit.sahradyan.com\/en\/erikoolitused\/laste-liikluskasvatuse-koolitused\/koolitused-algkooliopilastele\/inimene-soiduk-tee-algkooli-opilasele\/","og_site_name":"Autos\u00f5it","article_modified_time":"2018-05-01T00:14:39+00:00","twitter_card":"summary_large_image","twitter_misc":{"Est. reading time":"3 minutes"},"schema":{"@context":"https:\/\/schema.org","@graph":[{"@type":"WebPage","@id":"https:\/\/autosoit.sahradyan.com\/en\/erikoolitused\/laste-liikluskasvatuse-koolitused\/koolitused-algkooliopilastele\/inimene-soiduk-tee-algkooli-opilasele\/","url":"https:\/\/autosoit.sahradyan.com\/en\/erikoolitused\/laste-liikluskasvatuse-koolitused\/koolitused-algkooliopilastele\/inimene-soiduk-tee-algkooli-opilasele\/","name":"Inimene-S\u00f5iduk-Tee algkooli \u00f5pilasele - Autos\u00f5it","isPartOf":{"@id":"https:\/\/autosoit.sahradyan.com\/#website"},"datePublished":"2017-11-23T23:51:50+00:00","dateModified":"2018-05-01T00:14:39+00:00","breadcrumb":{"@id":"https:\/\/autosoit.sahradyan.com\/en\/erikoolitused\/laste-liikluskasvatuse-koolitused\/koolitused-algkooliopilastele\/inimene-soiduk-tee-algkooli-opilasele\/#breadcrumb"},"inLanguage":"en-US","potentialAction":[{"@type":"ReadAction","target":["https:\/\/autosoit.sahradyan.com\/en\/erikoolitused\/laste-liikluskasvatuse-koolitused\/koolitused-algkooliopilastele\/inimene-soiduk-tee-algkooli-opilasele\/"]}]},{"@type":"BreadcrumbList","@id":"https:\/\/autosoit.sahradyan.com\/en\/erikoolitused\/laste-liikluskasvatuse-koolitused\/koolitused-algkooliopilastele\/inimene-soiduk-tee-algkooli-opilasele\/#breadcrumb","itemListElement":[{"@type":"ListItem","position":1,"name":"Home","item":"https:\/\/autosoit.sahradyan.com\/en\/"},{"@type":"ListItem","position":2,"name":"Special training","item":"https:\/\/autosoit.sahradyan.com\/en\/erikoolitused\/"},{"@type":"ListItem","position":3,"name":"Traffic education training for children","item":"https:\/\/autosoit.sahradyan.com\/en\/erikoolitused\/laste-liikluskasvatuse-koolitused\/"},{"@type":"ListItem","position":4,"name":"Koolitused algkooli\u00f5pilastele","item":"https:\/\/autosoit.sahradyan.com\/en\/erikoolitused\/laste-liikluskasvatuse-koolitused\/koolitused-algkooliopilastele\/"},{"@type":"ListItem","position":5,"name":"Inimene-S\u00f5iduk-Tee algkooli \u00f5pilasele"}]},{"@type":"WebSite","@id":"https:\/\/autosoit.sahradyan.com\/#website","url":"https:\/\/autosoit.sahradyan.com\/","name":"Autos\u00f5it","description":"Ohutu s\u00f5idu kool","potentialAction":[{"@type":"SearchAction","target":{"@type":"EntryPoint","urlTemplate":"https:\/\/autosoit.sahradyan.com\/?s={search_term_string}"},"query-input":{"@type":"PropertyValueSpecification","valueRequired":true,"valueName":"search_term_string"}}],"inLanguage":"en-US"}]}},"_links":{"self":[{"href":"https:\/\/autosoit.sahradyan.com\/en\/wp-json\/wp\/v2\/pages\/395","targetHints":{"allow":["GET"]}}],"collection":[{"href":"https:\/\/autosoit.sahradyan.com\/en\/wp-json\/wp\/v2\/pages"}],"about":[{"href":"https:\/\/autosoit.sahradyan.com\/en\/wp-json\/wp\/v2\/types\/page"}],"author":[{"embeddable":true,"href":"https:\/\/autosoit.sahradyan.com\/en\/wp-json\/wp\/v2\/users\/9"}],"replies":[{"embeddable":true,"href":"https:\/\/autosoit.sahradyan.com\/en\/wp-json\/wp\/v2\/comments?post=395"}],"version-history":[{"count":0,"href":"https:\/\/autosoit.sahradyan.com\/en\/wp-json\/wp\/v2\/pages\/395\/revisions"}],"up":[{"embeddable":true,"href":"https:\/\/autosoit.sahradyan.com\/en\/wp-json\/wp\/v2\/pages\/389"}],"wp:attachment":[{"href":"https:\/\/autosoit.sahradyan.com\/en\/wp-json\/wp\/v2\/media?parent=395"}],"curies":[{"name":"wp","href":"https:\/\/api.w.org\/{rel}","templated":true}]}}