{"id":1692,"date":"2018-03-28T19:52:26","date_gmt":"2018-03-28T19:52:26","guid":{"rendered":"https:\/\/autosoit.ee\/?page_id=1692"},"modified":"2018-05-01T00:18:25","modified_gmt":"2018-05-01T00:18:25","slug":"lasteaia-lapse-helkurikoolitus","status":"publish","type":"page","link":"https:\/\/autosoit.sahradyan.com\/en\/erikoolitused\/laste-liikluskasvatuse-koolitused\/lasteaia-lapse-helkurikoolitus\/","title":{"rendered":"Lasteaia lapse helkurikoolitus"},"content":{"rendered":"<div class=\"wpb-content-wrapper\"><section class=\"l-section wpb_row height_medium\"><div class=\"l-section-h i-cf\"><div class=\"g-cols vc_row type_default valign_top\"><div class=\"vc_col-sm-12 wpb_column vc_column_container\"><div class=\"vc_column-inner\"><div class=\"wpb_wrapper\"><div class=\"g-cols wpb_row type_default valign_top vc_inner \"><div class=\"vc_col-sm-6 wpb_column vc_column_container\"><div class=\"vc_column-inner\"><div class=\"wpb_wrapper\">\n\t<div class=\"wpb_text_column \">\n\t\t<div class=\"wpb_wrapper\">\n\t\t\t<p><strong>Koolituse pikkus:\u00a0<\/strong>1 \u00f5ppetund (teooria + praktika)<br \/>\n<strong>Grupi suurus:<\/strong>\u00a0kuni 30 osalejat<\/p>\n<p>Liikluskasvatusega v\u00f5ib ja peab alustama juba lasteaias. Lapsed on selles vanuses \u00e4\u00e4rmiselt huvitatud erinevatest \u00fchis\u00fcritustest, mida endast kujutab ka helkuri koolitus.<\/p>\n\n\t\t<\/div>\n\t<\/div>\n<\/div><\/div><\/div><div class=\"vc_col-sm-6 wpb_column vc_column_container\"><div class=\"vc_column-inner\"><div class=\"wpb_wrapper\">\n\t<div class=\"wpb_text_column \">\n\t\t<div class=\"wpb_wrapper\">\n\t\t\t<p>Koolitus viiakse l\u00e4bi \u00f5ues lasteaia territooriumil, kus m\u00e4nguliselt, samas aga praktiliste n\u00e4idete varal selgitatakse ja n\u00e4idatakse lastele, miks on helkur vajalik. Kuidas n\u00e4eb autojuht helkuriga ja helkurita last.<\/p>\n<p>Koolituse k\u00e4igus korratakse \u00fcle algt\u00f5ed t\u00e4naval liiklemisest ja autos s\u00f5itmisest.<\/p>\n\n\t\t<\/div>\n\t<\/div>\n<\/div><\/div><\/div><\/div><\/div><\/div><\/div><\/div><\/div><\/section><section class=\"l-section wpb_row height_auto\"><div class=\"l-section-h i-cf\"><div class=\"g-cols vc_row type_default valign_top\"><div class=\"vc_col-sm-12 wpb_column vc_column_container\"><div class=\"vc_column-inner  vc_custom_1516357020129\"><div class=\"wpb_wrapper\"><div class=\"g-cols wpb_row type_boxes valign_top vc_inner  vc_custom_1521063624290\"><div class=\"vc_col-sm-6 wpb_column vc_column_container has-fill\"><div class=\"vc_column-inner  vc_custom_1521063592818\"><div class=\"wpb_wrapper\">\n\t<div class=\"wpb_text_column \">\n\t\t<div class=\"wpb_wrapper\">\n\t\t\t<p>Kui sul on soov pakkuda lastele midagi liiklusest, siis p\u00f6\u00f6rdu julgelt \u2013 k\u00f5ik on v\u00f5imalik!<\/p>\n\n\t\t<\/div>\n\t<\/div>\n<div class=\" ubtn-ctn-left btn-nomargin registreeri-koolitusele\"><a class=\"ubtn-link ult-adjust-bottom-margin ubtn-left ubtn-mini btn-nomargin registreeri-koolitusele\" href=\"\/ajakava-ja-hinnad\/\" ><button type=\"button\" id=\"ubtn-3085\"  class=\"ubtn ult-adjust-bottom-margin ult-responsive ubtn-mini ubtn-no-hover-bg  none  ubtn-left   tooltip-69e01dadca87f\"  data-hover=\"#ffffff\" data-border-color=\"#0a0a0a\" data-bg=\"\" data-hover-bg=\"#0a0a0a\" data-border-hover=\"#0a0a0a\" data-shadow-hover=\"\" data-shadow-click=\"none\" data-shadow=\"\" data-shd-shadow=\"\"  data-ultimate-target='#ubtn-3085'  data-responsive-json-new='{\"font-size\":\"\",\"line-height\":\"\"}'  style=\"font-weight:normal;border-radius:3px;border-width:1px;border-color:#0a0a0a;border-style:solid;color: #000000;\"><span class=\"ubtn-hover\" style=\"background-color:#0a0a0a\"><\/span><span class=\"ubtn-data ubtn-text \" > REGISTREERI KOOLITUSELE<\/span><\/button><\/a><\/div><\/div><\/div><\/div><div class=\"vc_col-sm-6 wpb_column vc_column_container has-fill\"><div class=\"vc_column-inner  vc_custom_1521063605213\"><div class=\"wpb_wrapper\">\n\t<div class=\"wpb_text_column \">\n\t\t<div class=\"wpb_wrapper\">\n\t\t\t<p><strong>Helista ja k\u00fcsi lisa!<\/strong><\/p>\n\n\t\t<\/div>\n\t<\/div>\n\n\t<div class=\"wpb_text_column \">\n\t\t<div class=\"wpb_wrapper\">\n\t\t\t<p>Info\u00a0 ja registreerumine<br \/>\ntel. <a href=\"tel:53008809\">53008809<\/a><br \/>\n<a href=\"mailto:toomas.alekors@autosoit.ee\">toomas.alekors@autosoit.ee<\/a>.<\/p>\n\n\t\t<\/div>\n\t<\/div>\n<\/div><\/div><\/div><\/div><\/div><\/div><\/div><\/div><\/div><\/section><section class=\"l-section wpb_row height_medium\"><div class=\"l-section-h i-cf\"><div class=\"g-cols vc_row type_default valign_top\"><div class=\"vc_col-sm-12 wpb_column vc_column_container\"><div class=\"vc_column-inner  vc_custom_1516357020129\"><div class=\"wpb_wrapper\"><\/div><\/div><\/div><\/div><\/div><\/section>\n<\/div>","protected":false},"excerpt":{"rendered":"Koolituse pikkus:\u00a01 \u00f5ppetund (teooria + praktika) Grupi suurus:\u00a0kuni 30 osalejat Liikluskasvatusega v\u00f5ib ja peab alustama juba lasteaias. Lapsed on selles...","protected":false},"author":9,"featured_media":0,"parent":387,"menu_order":0,"comment_status":"closed","ping_status":"closed","template":"","meta":{"footnotes":""},"class_list":["post-1692","page","type-page","status-publish","hentry"],"yoast_head":"<!-- This site is optimized with the Yoast SEO plugin v25.6 - https:\/\/yoast.com\/wordpress\/plugins\/seo\/ -->\n<title>Lasteaia lapse helkurikoolitus - Autos\u00f5it<\/title>\n<meta name=\"robots\" content=\"noindex, follow, max-snippet:-1, max-image-preview:large, max-video-preview:-1\" \/>\n<meta property=\"og:locale\" content=\"en_US\" \/>\n<meta property=\"og:type\" content=\"article\" \/>\n<meta property=\"og:title\" content=\"Lasteaia lapse helkurikoolitus - Autos\u00f5it\" \/>\n<meta property=\"og:url\" content=\"https:\/\/autosoit.sahradyan.com\/en\/erikoolitused\/laste-liikluskasvatuse-koolitused\/lasteaia-lapse-helkurikoolitus\/\" \/>\n<meta property=\"og:site_name\" content=\"Autos\u00f5it\" \/>\n<meta property=\"article:modified_time\" content=\"2018-05-01T00:18:25+00:00\" \/>\n<meta name=\"twitter:card\" content=\"summary_large_image\" \/>\n<meta name=\"twitter:label1\" content=\"Est. reading time\" \/>\n\t<meta name=\"twitter:data1\" content=\"2 minutes\" \/>\n<script type=\"application\/ld+json\" class=\"yoast-schema-graph\">{\"@context\":\"https:\/\/schema.org\",\"@graph\":[{\"@type\":\"WebPage\",\"@id\":\"https:\/\/autosoit.sahradyan.com\/en\/erikoolitused\/laste-liikluskasvatuse-koolitused\/lasteaia-lapse-helkurikoolitus\/\",\"url\":\"https:\/\/autosoit.sahradyan.com\/en\/erikoolitused\/laste-liikluskasvatuse-koolitused\/lasteaia-lapse-helkurikoolitus\/\",\"name\":\"Lasteaia lapse helkurikoolitus - Autos\u00f5it\",\"isPartOf\":{\"@id\":\"https:\/\/autosoit.sahradyan.com\/#website\"},\"datePublished\":\"2018-03-28T19:52:26+00:00\",\"dateModified\":\"2018-05-01T00:18:25+00:00\",\"breadcrumb\":{\"@id\":\"https:\/\/autosoit.sahradyan.com\/en\/erikoolitused\/laste-liikluskasvatuse-koolitused\/lasteaia-lapse-helkurikoolitus\/#breadcrumb\"},\"inLanguage\":\"en-US\",\"potentialAction\":[{\"@type\":\"ReadAction\",\"target\":[\"https:\/\/autosoit.sahradyan.com\/en\/erikoolitused\/laste-liikluskasvatuse-koolitused\/lasteaia-lapse-helkurikoolitus\/\"]}]},{\"@type\":\"BreadcrumbList\",\"@id\":\"https:\/\/autosoit.sahradyan.com\/en\/erikoolitused\/laste-liikluskasvatuse-koolitused\/lasteaia-lapse-helkurikoolitus\/#breadcrumb\",\"itemListElement\":[{\"@type\":\"ListItem\",\"position\":1,\"name\":\"Home\",\"item\":\"https:\/\/autosoit.sahradyan.com\/en\/\"},{\"@type\":\"ListItem\",\"position\":2,\"name\":\"Special training\",\"item\":\"https:\/\/autosoit.sahradyan.com\/en\/erikoolitused\/\"},{\"@type\":\"ListItem\",\"position\":3,\"name\":\"Traffic education training for children\",\"item\":\"https:\/\/autosoit.sahradyan.com\/en\/erikoolitused\/laste-liikluskasvatuse-koolitused\/\"},{\"@type\":\"ListItem\",\"position\":4,\"name\":\"Lasteaia lapse helkurikoolitus\"}]},{\"@type\":\"WebSite\",\"@id\":\"https:\/\/autosoit.sahradyan.com\/#website\",\"url\":\"https:\/\/autosoit.sahradyan.com\/\",\"name\":\"Autos\u00f5it\",\"description\":\"Ohutu s\u00f5idu kool\",\"potentialAction\":[{\"@type\":\"SearchAction\",\"target\":{\"@type\":\"EntryPoint\",\"urlTemplate\":\"https:\/\/autosoit.sahradyan.com\/?s={search_term_string}\"},\"query-input\":{\"@type\":\"PropertyValueSpecification\",\"valueRequired\":true,\"valueName\":\"search_term_string\"}}],\"inLanguage\":\"en-US\"}]}<\/script>\n<!-- \/ Yoast SEO plugin. -->","yoast_head_json":{"title":"Lasteaia lapse helkurikoolitus - Autos\u00f5it","robots":{"index":"noindex","follow":"follow","max-snippet":"max-snippet:-1","max-image-preview":"max-image-preview:large","max-video-preview":"max-video-preview:-1"},"og_locale":"en_US","og_type":"article","og_title":"Lasteaia lapse helkurikoolitus - Autos\u00f5it","og_url":"https:\/\/autosoit.sahradyan.com\/en\/erikoolitused\/laste-liikluskasvatuse-koolitused\/lasteaia-lapse-helkurikoolitus\/","og_site_name":"Autos\u00f5it","article_modified_time":"2018-05-01T00:18:25+00:00","twitter_card":"summary_large_image","twitter_misc":{"Est. reading time":"2 minutes"},"schema":{"@context":"https:\/\/schema.org","@graph":[{"@type":"WebPage","@id":"https:\/\/autosoit.sahradyan.com\/en\/erikoolitused\/laste-liikluskasvatuse-koolitused\/lasteaia-lapse-helkurikoolitus\/","url":"https:\/\/autosoit.sahradyan.com\/en\/erikoolitused\/laste-liikluskasvatuse-koolitused\/lasteaia-lapse-helkurikoolitus\/","name":"Lasteaia lapse helkurikoolitus - Autos\u00f5it","isPartOf":{"@id":"https:\/\/autosoit.sahradyan.com\/#website"},"datePublished":"2018-03-28T19:52:26+00:00","dateModified":"2018-05-01T00:18:25+00:00","breadcrumb":{"@id":"https:\/\/autosoit.sahradyan.com\/en\/erikoolitused\/laste-liikluskasvatuse-koolitused\/lasteaia-lapse-helkurikoolitus\/#breadcrumb"},"inLanguage":"en-US","potentialAction":[{"@type":"ReadAction","target":["https:\/\/autosoit.sahradyan.com\/en\/erikoolitused\/laste-liikluskasvatuse-koolitused\/lasteaia-lapse-helkurikoolitus\/"]}]},{"@type":"BreadcrumbList","@id":"https:\/\/autosoit.sahradyan.com\/en\/erikoolitused\/laste-liikluskasvatuse-koolitused\/lasteaia-lapse-helkurikoolitus\/#breadcrumb","itemListElement":[{"@type":"ListItem","position":1,"name":"Home","item":"https:\/\/autosoit.sahradyan.com\/en\/"},{"@type":"ListItem","position":2,"name":"Special training","item":"https:\/\/autosoit.sahradyan.com\/en\/erikoolitused\/"},{"@type":"ListItem","position":3,"name":"Traffic education training for children","item":"https:\/\/autosoit.sahradyan.com\/en\/erikoolitused\/laste-liikluskasvatuse-koolitused\/"},{"@type":"ListItem","position":4,"name":"Lasteaia lapse helkurikoolitus"}]},{"@type":"WebSite","@id":"https:\/\/autosoit.sahradyan.com\/#website","url":"https:\/\/autosoit.sahradyan.com\/","name":"Autos\u00f5it","description":"Ohutu s\u00f5idu kool","potentialAction":[{"@type":"SearchAction","target":{"@type":"EntryPoint","urlTemplate":"https:\/\/autosoit.sahradyan.com\/?s={search_term_string}"},"query-input":{"@type":"PropertyValueSpecification","valueRequired":true,"valueName":"search_term_string"}}],"inLanguage":"en-US"}]}},"_links":{"self":[{"href":"https:\/\/autosoit.sahradyan.com\/en\/wp-json\/wp\/v2\/pages\/1692","targetHints":{"allow":["GET"]}}],"collection":[{"href":"https:\/\/autosoit.sahradyan.com\/en\/wp-json\/wp\/v2\/pages"}],"about":[{"href":"https:\/\/autosoit.sahradyan.com\/en\/wp-json\/wp\/v2\/types\/page"}],"author":[{"embeddable":true,"href":"https:\/\/autosoit.sahradyan.com\/en\/wp-json\/wp\/v2\/users\/9"}],"replies":[{"embeddable":true,"href":"https:\/\/autosoit.sahradyan.com\/en\/wp-json\/wp\/v2\/comments?post=1692"}],"version-history":[{"count":0,"href":"https:\/\/autosoit.sahradyan.com\/en\/wp-json\/wp\/v2\/pages\/1692\/revisions"}],"up":[{"embeddable":true,"href":"https:\/\/autosoit.sahradyan.com\/en\/wp-json\/wp\/v2\/pages\/387"}],"wp:attachment":[{"href":"https:\/\/autosoit.sahradyan.com\/en\/wp-json\/wp\/v2\/media?parent=1692"}],"curies":[{"name":"wp","href":"https:\/\/api.w.org\/{rel}","templated":true}]}}